{"id":4460,"date":"2025-06-30T16:18:35","date_gmt":"2025-06-30T16:18:35","guid":{"rendered":"https:\/\/chiropractorinspain.es\/booking\/"},"modified":"2026-01-28T17:53:06","modified_gmt":"2026-01-28T17:53:06","slug":"booking","status":"publish","type":"page","link":"https:\/\/chiropractorinspain.es\/no\/booking\/","title":{"rendered":"Bestill time"},"content":{"rendered":"\n<div class=\"wp-block-columns booking-info is-layout-flex wp-container-core-columns-is-layout-9d6595d7 wp-block-columns-is-layout-flex\">\n<div class=\"wp-block-column is-layout-flow wp-block-column-is-layout-flow\">\n<p style=\"font-size:18px\">Hvis du allerede er registrert i systemet v\u00e5rt, anbefaler vi p\u00e5 det sterkeste at du <strong>laster ned v\u00e5r pasient-app<\/strong> for <a href=\"https:\/\/apps.apple.com\/no\/app\/practicehub\/id6444569098\" target=\"_blank\" rel=\"noreferrer noopener\"><strong><mark style=\"background-color:rgba(0, 0, 0, 0)\" class=\"has-inline-color has-vivid-cyan-blue-color\">iPhone<\/mark><\/strong><\/a> eller <strong><a href=\"https:\/\/play.google.com\/store\/apps\/details?id=com.practicehub.patient&amp;hl=en\" target=\"_blank\" rel=\"noreferrer noopener\"><mark style=\"background-color:rgba(0, 0, 0, 0)\" class=\"has-inline-color has-vivid-cyan-blue-color\">Android<\/mark><\/a><\/strong>. Appen er enkel \u00e5 bruke, oversiktlig og mer praktisk n\u00e5r det kommer til \u00e5 bestille og endre timer.<\/p>\n\n\n\n<ol class=\"wp-block-list\">\n<li>Last ned og installer appen som tilsvarer enheten din via lenkene over.<\/li>\n\n\n\n<li>\u00c5pne appen. Endre spr\u00e5k til norsk nederst p\u00e5 skjermen.<\/li>\n\n\n\n<li style=\"font-size:18px\">Skrive inn tilgangskoden: <strong>OAZWKJLZ<\/strong> og trykk <strong>Neste<\/strong>.<\/li>\n\n\n\n<li style=\"font-size:18px\">G\u00e5 til <strong>Melde deg p\u00e5<\/strong> og skriv inn e-postadressen og \u00f8nsket passord, og trykk p\u00e5 knappen med <strong>Melde deg p\u00e5<\/strong>.<br><strong>NB! Bruk samme e-postadresse som da du registrerte deg som ny pasient!<\/strong><\/li>\n\n\n\n<li style=\"font-size:18px\">Du vil deretter motta en bekreftelses-e-post med en lenke. Trykk p\u00e5 lenken for \u00e5 bekrefte e-postadressen din.<\/li>\n\n\n\n<li style=\"font-size:18px\">G\u00e5 tilbake til pasientappen og logg inn med p\u00e5loggingsinformasjonen din.<\/li>\n\n\n\n<li style=\"font-size:18px\">Trykk p\u00e5 <strong>+<\/strong> -knappen for \u00e5 starte timebestillingen din!<\/li>\n<\/ol>\n\n\n\n<p style=\"font-size:18px\"><strong>NB!<\/strong> Hvis du allikevel velger \u00e5 bestille time via denne siden, m\u00e5 du s\u00f8rge for \u00e5 oppgi <strong>fornavn<\/strong>, <strong>etternavn<\/strong>, <strong>e-postadresse<\/strong> og <strong>telefonnummer<\/strong> helt riktig. <strong>Skriv inn n\u00f8yaktig det du oppga da du registrerte deg f\u00f8rste gang<\/strong>!<\/p>\n\n\n\n<p>Hvis du har noen sp\u00f8rsm\u00e5l er det bare \u00e5 <a href=\"https:\/\/chiropractorinspain.es\/no\/kontakt\/\" data-type=\"page\" data-id=\"1831\"><strong>ta kontakt<\/strong><\/a>. Takk!<\/p>\n<\/div>\n<\/div>\n\n\n\n<!-- Booking Widget -->\n<div id=\"ph_online_bookings_widget\"><\/div>\n\n<!-- Configuration Script -->\n<script>\n  window.BookingTrackerConfig = {\n    domain: \"quiropracticaavanzada.neptune.practicehub.io\",\n    locale: \"no\"\n  };\n\n  const phob_embed_version = ~~(Date.now()\/3600000);\n  const phob_embed_script = document.createElement('script');\n  phob_embed_script.id = 'ph-embed';\n  phob_embed_script.setAttribute('data-ph-embed', '');\n  phob_embed_script.type = 'text\/javascript';\n  phob_embed_script.src = `https:\/\/quiropracticaavanzada.neptune.practicehub.io\/assets\/js\/booking-form-embed.js?v=${phob_embed_version}`;\n  document.currentScript.parentNode.insertBefore(phob_embed_script, document.currentScript.nextSibling);\n<\/script>\n","protected":false},"excerpt":{"rendered":"<p>Hvis du allerede er registrert i systemet v\u00e5rt, anbefaler vi p\u00e5 det sterkeste at du laster ned v\u00e5r pasient-app for iPhone eller Android. Appen er enkel \u00e5 bruke, oversiktlig og mer praktisk n\u00e5r det kommer til \u00e5 bestille og endre timer. NB! Hvis du allikevel velger \u00e5 bestille time via [&hellip;]<\/p>\n","protected":false},"author":1,"featured_media":0,"parent":0,"menu_order":0,"comment_status":"closed","ping_status":"closed","template":"","meta":{"footnotes":""},"class_list":["post-4460","page","type-page","status-publish","hentry","post"],"_links":{"self":[{"href":"https:\/\/chiropractorinspain.es\/no\/wp-json\/wp\/v2\/pages\/4460","targetHints":{"allow":["GET"]}}],"collection":[{"href":"https:\/\/chiropractorinspain.es\/no\/wp-json\/wp\/v2\/pages"}],"about":[{"href":"https:\/\/chiropractorinspain.es\/no\/wp-json\/wp\/v2\/types\/page"}],"author":[{"embeddable":true,"href":"https:\/\/chiropractorinspain.es\/no\/wp-json\/wp\/v2\/users\/1"}],"replies":[{"embeddable":true,"href":"https:\/\/chiropractorinspain.es\/no\/wp-json\/wp\/v2\/comments?post=4460"}],"version-history":[{"count":22,"href":"https:\/\/chiropractorinspain.es\/no\/wp-json\/wp\/v2\/pages\/4460\/revisions"}],"predecessor-version":[{"id":4665,"href":"https:\/\/chiropractorinspain.es\/no\/wp-json\/wp\/v2\/pages\/4460\/revisions\/4665"}],"wp:attachment":[{"href":"https:\/\/chiropractorinspain.es\/no\/wp-json\/wp\/v2\/media?parent=4460"}],"curies":[{"name":"wp","href":"https:\/\/api.w.org\/{rel}","templated":true}]}}