{"id":3080,"date":"2020-11-17T16:29:03","date_gmt":"2020-11-17T16:29:03","guid":{"rendered":"https:\/\/chiropractorinspain.es\/testimonial-videos\/"},"modified":"2021-01-05T22:17:00","modified_gmt":"2021-01-05T22:17:00","slug":"testimonial-videos","status":"publish","type":"page","link":"https:\/\/chiropractorinspain.es\/no\/testimonial-videos\/","title":{"rendered":"Videoer"},"content":{"rendered":"<div id=\"pl-3080\"  class=\"panel-layout\" ><div id=\"pg-3080-0\"  class=\"panel-grid panel-no-style\" ><div id=\"pgc-3080-0-0\"  class=\"panel-grid-cell\" ><div id=\"panel-3080-0-0-0\" class=\"so-panel widget widget_text panel-first-child panel-last-child\" data-index=\"0\" >\t\t\t<div class=\"textwidget\">\t\t\t<div \n\t\t\tclass=\"yotu-playlist yotuwp yotu-limit-min   yotu-thumb-169  yotu-template-grid\" \n\t\t\tdata-page=\"1\"\n\t\t\tid=\"yotuwp-69eb5862c278e\"\n\t\t\tdata-yotu=\"69eb58630054d\"\n\t\t\tdata-total=\"4\"\n\t\t\tdata-settings=\"eyJ0eXBlIjoicGxheWxpc3QiLCJpZCI6IlBMdThLUi1kNlVHZWdfUDdsbEZvamtUeENPdzY2S2xoTUMiLCJwYWdpbmF0aW9uIjoib24iLCJwYWdpdHlwZSI6InBhZ2VyIiwiY29sdW1uIjoiMyIsInBlcl9wYWdlIjoiMTIiLCJ0ZW1wbGF0ZSI6ImdyaWQiLCJ0aXRsZSI6Im9uIiwiZGVzY3JpcHRpb24iOiJvbiIsInRodW1icmF0aW8iOiIxNjkiLCJtZXRhIjoib2ZmIiwibWV0YV9kYXRhIjoib2ZmIiwibWV0YV9wb3NpdGlvbiI6Im9mZiIsImRhdGVfZm9ybWF0Ijoib2ZmIiwibWV0YV9hbGlnbiI6Im9mZiIsInN1YnNjcmliZSI6Im9mZiIsImR1cmF0aW9uIjoib2ZmIiwibWV0YV9pY29uIjoib2ZmIiwibmV4dHRleHQiOiIiLCJwcmV2dGV4dCI6IiIsImxvYWRtb3JldGV4dCI6IiIsInBsYXllciI6eyJtb2RlIjoibGFyZ2UiLCJ3aWR0aCI6Ijg1MCIsInNjcm9sbGluZyI6IjEwMCIsImF1dG9wbGF5IjowLCJjb250cm9scyI6MSwibW9kZXN0YnJhbmRpbmciOjEsImxvb3AiOjAsImF1dG9uZXh0IjowLCJzaG93aW5mbyI6MSwicmVsIjoxLCJwbGF5aW5nIjowLCJwbGF5aW5nX2Rlc2NyaXB0aW9uIjowLCJ0aHVtYm5haWxzIjowLCJjY19sb2FkX3BvbGljeSI6IjEiLCJjY19sYW5nX3ByZWYiOiIxIiwiaGwiOiIiLCJpdl9sb2FkX3BvbGljeSI6IjEifSwibGFzdF90YWIiOiJzdHlsaW5nIiwidXNlX2FzX21vZGFsIjoib2ZmIiwibW9kYWxfaWQiOiJvZmYiLCJsYXN0X3VwZGF0ZSI6IjE2MDU2MzIwODEiLCJzdHlsaW5nIjp7InBhZ2VyX2xheW91dCI6ImNlbnRlcl9ub190ZXh0IiwiYnV0dG9uIjoiMSIsImJ1dHRvbl9jb2xvciI6IiNmZmZmZmYgIUltcG9ydGFudCIsImJ1dHRvbl9iZ19jb2xvciI6IiMzZTYxYWIiLCJidXR0b25fY29sb3JfaG92ZXIiOiIjZmZmZmZmIiwiYnV0dG9uX2JnX2NvbG9yX2hvdmVyIjoiIzRjN2JkMyIsInZpZGVvX3N0eWxlIjoiIiwicGxheWljb25fY29sb3IiOiIiLCJob3Zlcl9pY29uIjoiIiwiZ2FsbGVyeV9iZyI6IiJ9LCJlZmZlY3RzIjp7InZpZGVvX2JveCI6IiIsImZsaXBfZWZmZWN0IjoiIn0sImdhbGxlcnlfaWQiOiI2OWViNTg2MmMyNzhlIiwibmV4dCI6IkVBQWFIbEJVT2tOQmQybEZSR3MwVGtWTk1VOUVVa05OUkdjeVVWVkZNbEpFU1EiLCJwcmV2IjoiIn0=\"\n\t\t\tdata-player=\"large\"\n\t\t\tdata-showdesc=\"on\" >\n\t\t\t\t<div>\n\t\t\t\t\t\t\t\t\t\t<div class=\"yotu-wrapper-player\" style=\"width:850px\">\n\t\t\t\t\t\t\t\t\t\t\t\t<div class=\"yotu-player\">\n\t\t\t\t\t\t\t<div class=\"yotu-video-placeholder\" id=\"yotu-player-69eb58630054d\"><\/div>\n\t\t\t\t\t\t<\/div>\n\t\t\t\t\t\t<div class=\"yotu-playing-status\"><\/div>\n\t\t\t\t\t\t\t\t\t\t\t<\/div>\n\n\t\t\t\t\t<div class=\"yotu-pagination yotu-pager_layout-center_no_text yotu-pagination-top\">\n<a href=\"#\" class=\"yotu-pagination-prev yotu-button-prs yotu-button-prs-1\" data-page=\"prev\">Prev<\/a>\n<span class=\"yotu-pagination-current\">1<\/span> <span>of<\/span> <span class=\"yotu-pagination-total\">4<\/span>\n<a href=\"#\" class=\"yotu-pagination-next yotu-button-prs yotu-button-prs-1\" data-page=\"next\">Next<\/a>\n<\/div>\n<div class=\"yotu-videos yotu-mode-grid yotu-column-3 yotu-player-mode-large\">\n\t<ul>\n\t\t\t\t\t<li class=\" yotu-first\">\n\t\t\t\t\t\t\t\t<a href=\"#68aEaSTBWAY\" class=\"yotu-video\" data-videoid=\"68aEaSTBWAY\" data-title=\"Forn\u00f8yd pasient hos kiropraktoren i Spania.\" title=\"Forn\u00f8yd pasient hos kiropraktoren i Spania.\">\n\t\t\t\t\t<div class=\"yotu-video-thumb-wrp\">\n\t\t\t\t\t\t<div>\n\t\t\t\t\t\t\t\t\t\t\t\t\t\t<img decoding=\"async\" class=\"yotu-video-thumb\" src=\"https:\/\/i.ytimg.com\/vi\/68aEaSTBWAY\/hqdefault.jpg\" alt=\"Forn\u00f8yd pasient hos kiropraktoren i Spania.\">\t\n\t\t\t\t\t\t\t\t\t\t\t\t\t<\/div>\n\t\t\t\t\t<\/div>\n\t\t\t\t\t\t\t\t\t\t\t<h3 class=\"yotu-video-title\">Forn\u00f8yd pasient hos kiropraktoren i Spania.<\/h3>\n\t\t\t\t\t\t\t\t\t\t\t\t\t\t\t\t\t\t\t\t\t<div class=\"yotu-video-description\"><\/div>\n\t\t\t\t\t\t\t\t\t<\/a>\n\t\t\t\t\t\t\t<\/li>\n\t\t\t\t\n\t\t\t\t\t\t<li class=\"\">\n\t\t\t\t\t\t\t\t<a href=\"#PrH5LeqfwsY\" class=\"yotu-video\" data-videoid=\"PrH5LeqfwsY\" data-title=\"Behandling av svimmelhet av kiropraktoren i Spania\" title=\"Behandling av svimmelhet av kiropraktoren i Spania\">\n\t\t\t\t\t<div class=\"yotu-video-thumb-wrp\">\n\t\t\t\t\t\t<div>\n\t\t\t\t\t\t\t\t\t\t\t\t\t\t<img decoding=\"async\" class=\"yotu-video-thumb\" src=\"https:\/\/i.ytimg.com\/vi\/PrH5LeqfwsY\/sddefault.jpg\" alt=\"Behandling av svimmelhet av kiropraktoren i Spania\">\t\n\t\t\t\t\t\t\t\t\t\t\t\t\t<\/div>\n\t\t\t\t\t<\/div>\n\t\t\t\t\t\t\t\t\t\t\t<h3 class=\"yotu-video-title\">Behandling av svimmelhet av kiropraktoren i Spania<\/h3>\n\t\t\t\t\t\t\t\t\t\t\t\t\t\t\t\t\t\t\t\t\t<div class=\"yotu-video-description\"><\/div>\n\t\t\t\t\t\t\t\t\t<\/a>\n\t\t\t\t\t\t\t<\/li>\n\t\t\t\t\n\t\t\t\t\t\t<li class=\"\">\n\t\t\t\t\t\t\t\t<a href=\"#jJsrZfB-HEc\" class=\"yotu-video\" data-videoid=\"jJsrZfB-HEc\" data-title=\"Kiropraktikk i Spania og hoftesmerter.\" title=\"Kiropraktikk i Spania og hoftesmerter.\">\n\t\t\t\t\t<div class=\"yotu-video-thumb-wrp\">\n\t\t\t\t\t\t<div>\n\t\t\t\t\t\t\t\t\t\t\t\t\t\t<img decoding=\"async\" class=\"yotu-video-thumb\" src=\"https:\/\/i.ytimg.com\/vi\/jJsrZfB-HEc\/sddefault.jpg\" alt=\"Kiropraktikk i Spania og hoftesmerter.\">\t\n\t\t\t\t\t\t\t\t\t\t\t\t\t<\/div>\n\t\t\t\t\t<\/div>\n\t\t\t\t\t\t\t\t\t\t\t<h3 class=\"yotu-video-title\">Kiropraktikk i Spania og hoftesmerter.<\/h3>\n\t\t\t\t\t\t\t\t\t\t\t\t\t\t\t\t\t\t\t\t\t<div class=\"yotu-video-description\"><\/div>\n\t\t\t\t\t\t\t\t\t<\/a>\n\t\t\t\t\t\t\t<\/li>\n\t\t\t\t\n\t\t\t\t\t\t<li class=\"\">\n\t\t\t\t\t\t\t\t<a href=\"#95bIkhYGSLk\" class=\"yotu-video\" data-videoid=\"95bIkhYGSLk\" data-title=\"Korsryggsmerter p\u00e5 ferie ble kurert med kiropraktikk i Albir Spania\" title=\"Korsryggsmerter p\u00e5 ferie ble kurert med kiropraktikk i Albir Spania\">\n\t\t\t\t\t<div class=\"yotu-video-thumb-wrp\">\n\t\t\t\t\t\t<div>\n\t\t\t\t\t\t\t\t\t\t\t\t\t\t<img decoding=\"async\" class=\"yotu-video-thumb\" src=\"https:\/\/i.ytimg.com\/vi\/95bIkhYGSLk\/sddefault.jpg\" alt=\"Korsryggsmerter p\u00e5 ferie ble kurert med kiropraktikk i Albir Spania\">\t\n\t\t\t\t\t\t\t\t\t\t\t\t\t<\/div>\n\t\t\t\t\t<\/div>\n\t\t\t\t\t\t\t\t\t\t\t<h3 class=\"yotu-video-title\">Korsryggsmerter p\u00e5 ferie ble kurert med kiropraktikk i Albir Spania<\/h3>\n\t\t\t\t\t\t\t\t\t\t\t\t\t\t\t\t\t\t\t\t\t<div class=\"yotu-video-description\"><\/div>\n\t\t\t\t\t\t\t\t\t<\/a>\n\t\t\t\t\t\t\t<\/li>\n\t\t\t\t\n\t\t\t\t\t\t<li class=\"\">\n\t\t\t\t\t\t\t\t<a href=\"#DZTEczO2kWk\" class=\"yotu-video\" data-videoid=\"DZTEczO2kWk\" data-title=\"Be kvitt lyskesmerter hos kiropraktor i Spania\" title=\"Be kvitt lyskesmerter hos kiropraktor i Spania\">\n\t\t\t\t\t<div class=\"yotu-video-thumb-wrp\">\n\t\t\t\t\t\t<div>\n\t\t\t\t\t\t\t\t\t\t\t\t\t\t<img decoding=\"async\" class=\"yotu-video-thumb\" src=\"https:\/\/i.ytimg.com\/vi\/DZTEczO2kWk\/sddefault.jpg\" alt=\"Be kvitt lyskesmerter hos kiropraktor i Spania\">\t\n\t\t\t\t\t\t\t\t\t\t\t\t\t<\/div>\n\t\t\t\t\t<\/div>\n\t\t\t\t\t\t\t\t\t\t\t<h3 class=\"yotu-video-title\">Be kvitt lyskesmerter hos kiropraktor i Spania<\/h3>\n\t\t\t\t\t\t\t\t\t\t\t\t\t\t\t\t\t\t\t\t\t<div class=\"yotu-video-description\"><\/div>\n\t\t\t\t\t\t\t\t\t<\/a>\n\t\t\t\t\t\t\t<\/li>\n\t\t\t\t\n\t\t\t\t\t\t<li class=\"\">\n\t\t\t\t\t\t\t\t<a href=\"#j2sV1I3Ferw\" class=\"yotu-video\" data-videoid=\"j2sV1I3Ferw\" data-title=\"Forn\u00f8yd pasient ved Advanced Chiropractic i Albir\" title=\"Forn\u00f8yd pasient ved Advanced Chiropractic i Albir\">\n\t\t\t\t\t<div class=\"yotu-video-thumb-wrp\">\n\t\t\t\t\t\t<div>\n\t\t\t\t\t\t\t\t\t\t\t\t\t\t<img decoding=\"async\" class=\"yotu-video-thumb\" src=\"https:\/\/i.ytimg.com\/vi\/j2sV1I3Ferw\/sddefault.jpg\" alt=\"Forn\u00f8yd pasient ved Advanced Chiropractic i Albir\">\t\n\t\t\t\t\t\t\t\t\t\t\t\t\t<\/div>\n\t\t\t\t\t<\/div>\n\t\t\t\t\t\t\t\t\t\t\t<h3 class=\"yotu-video-title\">Forn\u00f8yd pasient ved Advanced Chiropractic i Albir<\/h3>\n\t\t\t\t\t\t\t\t\t\t\t\t\t\t\t\t\t\t\t\t\t<div class=\"yotu-video-description\"><\/div>\n\t\t\t\t\t\t\t\t\t<\/a>\n\t\t\t\t\t\t\t<\/li>\n\t\t\t\t\n\t\t\t\t\t\t<li class=\"\">\n\t\t\t\t\t\t\t\t<a href=\"#WalB90O7b8Q\" class=\"yotu-video\" data-videoid=\"WalB90O7b8Q\" data-title=\"Bj\u00f8rn ble kvitt akillessmerter med hjelp av kiropraktor Bjargo\" title=\"Bj\u00f8rn ble kvitt akillessmerter med hjelp av kiropraktor Bjargo\">\n\t\t\t\t\t<div class=\"yotu-video-thumb-wrp\">\n\t\t\t\t\t\t<div>\n\t\t\t\t\t\t\t\t\t\t\t\t\t\t<img decoding=\"async\" class=\"yotu-video-thumb\" src=\"https:\/\/i.ytimg.com\/vi\/WalB90O7b8Q\/sddefault.jpg\" alt=\"Bj\u00f8rn ble kvitt akillessmerter med hjelp av kiropraktor Bjargo\">\t\n\t\t\t\t\t\t\t\t\t\t\t\t\t<\/div>\n\t\t\t\t\t<\/div>\n\t\t\t\t\t\t\t\t\t\t\t<h3 class=\"yotu-video-title\">Bj\u00f8rn ble kvitt akillessmerter med hjelp av kiropraktor Bjargo<\/h3>\n\t\t\t\t\t\t\t\t\t\t\t\t\t\t\t\t\t\t\t\t\t<div class=\"yotu-video-description\"><\/div>\n\t\t\t\t\t\t\t\t\t<\/a>\n\t\t\t\t\t\t\t<\/li>\n\t\t\t\t\n\t\t\t\t\t\t<li class=\"\">\n\t\t\t\t\t\t\t\t<a href=\"#Vqut_C_xi8s\" class=\"yotu-video\" data-videoid=\"Vqut_C_xi8s\" data-title=\"Kjempeforn\u00f8yd pasient ved Advanced Chiropractic i Spania\" title=\"Kjempeforn\u00f8yd pasient ved Advanced Chiropractic i Spania\">\n\t\t\t\t\t<div class=\"yotu-video-thumb-wrp\">\n\t\t\t\t\t\t<div>\n\t\t\t\t\t\t\t\t\t\t\t\t\t\t<img decoding=\"async\" class=\"yotu-video-thumb\" src=\"https:\/\/i.ytimg.com\/vi\/Vqut_C_xi8s\/hqdefault.jpg\" alt=\"Kjempeforn\u00f8yd pasient ved Advanced Chiropractic i Spania\">\t\n\t\t\t\t\t\t\t\t\t\t\t\t\t<\/div>\n\t\t\t\t\t<\/div>\n\t\t\t\t\t\t\t\t\t\t\t<h3 class=\"yotu-video-title\">Kjempeforn\u00f8yd pasient ved Advanced Chiropractic i Spania<\/h3>\n\t\t\t\t\t\t\t\t\t\t\t\t\t\t\t\t\t\t\t\t\t<div class=\"yotu-video-description\"><\/div>\n\t\t\t\t\t\t\t\t\t<\/a>\n\t\t\t\t\t\t\t<\/li>\n\t\t\t\t\n\t\t\t\t\t\t<li class=\"\">\n\t\t\t\t\t\t\t\t<a href=\"#eRNmqw4wGXs\" class=\"yotu-video\" data-videoid=\"eRNmqw4wGXs\" data-title=\"Behandling for stiv nakke av norsk kiropraktor  i Spania\" title=\"Behandling for stiv nakke av norsk kiropraktor  i Spania\">\n\t\t\t\t\t<div class=\"yotu-video-thumb-wrp\">\n\t\t\t\t\t\t<div>\n\t\t\t\t\t\t\t\t\t\t\t\t\t\t<img decoding=\"async\" class=\"yotu-video-thumb\" src=\"https:\/\/i.ytimg.com\/vi\/eRNmqw4wGXs\/sddefault.jpg\" alt=\"Behandling for stiv nakke av norsk kiropraktor  i Spania\">\t\n\t\t\t\t\t\t\t\t\t\t\t\t\t<\/div>\n\t\t\t\t\t<\/div>\n\t\t\t\t\t\t\t\t\t\t\t<h3 class=\"yotu-video-title\">Behandling for stiv nakke av norsk kiropraktor  i Spania<\/h3>\n\t\t\t\t\t\t\t\t\t\t\t\t\t\t\t\t\t\t\t\t\t<div class=\"yotu-video-description\"><\/div>\n\t\t\t\t\t\t\t\t\t<\/a>\n\t\t\t\t\t\t\t<\/li>\n\t\t\t\t\n\t\t\t\t\t\t<li class=\"\">\n\t\t\t\t\t\t\t\t<a href=\"#t7qEizK--Ac\" class=\"yotu-video\" data-videoid=\"t7qEizK--Ac\" data-title=\"Forn\u00f8yd pasient hos kiropraktoren i Albir Spania.\" title=\"Forn\u00f8yd pasient hos kiropraktoren i Albir Spania.\">\n\t\t\t\t\t<div class=\"yotu-video-thumb-wrp\">\n\t\t\t\t\t\t<div>\n\t\t\t\t\t\t\t\t\t\t\t\t\t\t<img decoding=\"async\" class=\"yotu-video-thumb\" src=\"https:\/\/i.ytimg.com\/vi\/t7qEizK--Ac\/sddefault.jpg\" alt=\"Forn\u00f8yd pasient hos kiropraktoren i Albir Spania.\">\t\n\t\t\t\t\t\t\t\t\t\t\t\t\t<\/div>\n\t\t\t\t\t<\/div>\n\t\t\t\t\t\t\t\t\t\t\t<h3 class=\"yotu-video-title\">Forn\u00f8yd pasient hos kiropraktoren i Albir Spania.<\/h3>\n\t\t\t\t\t\t\t\t\t\t\t\t\t\t\t\t\t\t\t\t\t<div class=\"yotu-video-description\"><\/div>\n\t\t\t\t\t\t\t\t\t<\/a>\n\t\t\t\t\t\t\t<\/li>\n\t\t\t\t\n\t\t\t\t\t\t<li class=\"\">\n\t\t\t\t\t\t\t\t<a href=\"#qLx1kyI5Q2g\" class=\"yotu-video\" data-videoid=\"qLx1kyI5Q2g\" data-title=\"Harald g\u00e5r til kiropraktor Aleksander Bjargo i Spania for forebyggende behandling.\" title=\"Harald g\u00e5r til kiropraktor Aleksander Bjargo i Spania for forebyggende behandling.\">\n\t\t\t\t\t<div class=\"yotu-video-thumb-wrp\">\n\t\t\t\t\t\t<div>\n\t\t\t\t\t\t\t\t\t\t\t\t\t\t<img decoding=\"async\" class=\"yotu-video-thumb\" src=\"https:\/\/i.ytimg.com\/vi\/qLx1kyI5Q2g\/hqdefault.jpg\" alt=\"Harald g\u00e5r til kiropraktor Aleksander Bjargo i Spania for forebyggende behandling.\">\t\n\t\t\t\t\t\t\t\t\t\t\t\t\t<\/div>\n\t\t\t\t\t<\/div>\n\t\t\t\t\t\t\t\t\t\t\t<h3 class=\"yotu-video-title\">Harald g\u00e5r til kiropraktor Aleksander Bjargo i Spania for forebyggende behandling.<\/h3>\n\t\t\t\t\t\t\t\t\t\t\t\t\t\t\t\t\t\t\t\t\t<div class=\"yotu-video-description\"><\/div>\n\t\t\t\t\t\t\t\t\t<\/a>\n\t\t\t\t\t\t\t<\/li>\n\t\t\t\t\n\t\t\t\t\t\t<li class=\" yotu-last\">\n\t\t\t\t\t\t\t\t<a href=\"#HSkI_9h8Rps\" class=\"yotu-video\" data-videoid=\"HSkI_9h8Rps\" data-title=\"Veldig forn\u00f8yd kiropraktorpasient i Spania\" title=\"Veldig forn\u00f8yd kiropraktorpasient i Spania\">\n\t\t\t\t\t<div class=\"yotu-video-thumb-wrp\">\n\t\t\t\t\t\t<div>\n\t\t\t\t\t\t\t\t\t\t\t\t\t\t<img decoding=\"async\" class=\"yotu-video-thumb\" src=\"https:\/\/i.ytimg.com\/vi\/HSkI_9h8Rps\/sddefault.jpg\" alt=\"Veldig forn\u00f8yd kiropraktorpasient i Spania\">\t\n\t\t\t\t\t\t\t\t\t\t\t\t\t<\/div>\n\t\t\t\t\t<\/div>\n\t\t\t\t\t\t\t\t\t\t\t<h3 class=\"yotu-video-title\">Veldig forn\u00f8yd kiropraktorpasient i Spania<\/h3>\n\t\t\t\t\t\t\t\t\t\t\t\t\t\t\t\t\t\t\t\t\t<div class=\"yotu-video-description\"><\/div>\n\t\t\t\t\t\t\t\t\t<\/a>\n\t\t\t\t\t\t\t<\/li>\n\t\t\t\t\n\t\t\t\t<\/ul>\n<\/div><div class=\"yotu-pagination yotu-pager_layout-center_no_text yotu-pagination-bottom\">\n<a href=\"#\" class=\"yotu-pagination-prev yotu-button-prs yotu-button-prs-1\" data-page=\"prev\">Prev<\/a>\n<span class=\"yotu-pagination-current\">1<\/span> <span>of<\/span> <span class=\"yotu-pagination-total\">4<\/span>\n<a href=\"#\" class=\"yotu-pagination-next yotu-button-prs yotu-button-prs-1\" data-page=\"next\">Next<\/a>\n<\/div>\n\t\t\t\t<\/div>\n\t\t\t<\/div>\n\t\t\t\n<\/div>\n\t\t<\/div><\/div><\/div><\/div>","protected":false},"excerpt":{"rendered":"<p>Prev 1 of 4 Next Forn\u00f8yd pasient hos kiropraktoren i Spania. Behandling av svimmelhet av kiropraktoren i Spania Kiropraktikk i Spania og hoftesmerter. Korsryggsmerter p\u00e5 ferie ble kurert med kiropraktikk i Albir Spania Be kvitt lyskesmerter hos kiropraktor i Spania Forn\u00f8yd pasient ved Advanced Chiropractic i Albir Bj\u00f8rn ble kvitt [&hellip;]<\/p>\n","protected":false},"author":1,"featured_media":0,"parent":0,"menu_order":0,"comment_status":"closed","ping_status":"closed","template":"","meta":{"footnotes":""},"class_list":["post-3080","page","type-page","status-publish","hentry","post"],"_links":{"self":[{"href":"https:\/\/chiropractorinspain.es\/no\/wp-json\/wp\/v2\/pages\/3080","targetHints":{"allow":["GET"]}}],"collection":[{"href":"https:\/\/chiropractorinspain.es\/no\/wp-json\/wp\/v2\/pages"}],"about":[{"href":"https:\/\/chiropractorinspain.es\/no\/wp-json\/wp\/v2\/types\/page"}],"author":[{"embeddable":true,"href":"https:\/\/chiropractorinspain.es\/no\/wp-json\/wp\/v2\/users\/1"}],"replies":[{"embeddable":true,"href":"https:\/\/chiropractorinspain.es\/no\/wp-json\/wp\/v2\/comments?post=3080"}],"version-history":[{"count":7,"href":"https:\/\/chiropractorinspain.es\/no\/wp-json\/wp\/v2\/pages\/3080\/revisions"}],"predecessor-version":[{"id":3293,"href":"https:\/\/chiropractorinspain.es\/no\/wp-json\/wp\/v2\/pages\/3080\/revisions\/3293"}],"wp:attachment":[{"href":"https:\/\/chiropractorinspain.es\/no\/wp-json\/wp\/v2\/media?parent=3080"}],"curies":[{"name":"wp","href":"https:\/\/api.w.org\/{rel}","templated":true}]}}