{"id":2852,"date":"2020-10-21T12:52:09","date_gmt":"2020-10-21T12:52:09","guid":{"rendered":"https:\/\/chiropractorinspain.es\/terms-of-use\/"},"modified":"2020-10-28T14:44:11","modified_gmt":"2020-10-28T14:44:11","slug":"terms-of-use","status":"publish","type":"page","link":"https:\/\/chiropractorinspain.es\/no\/terms-of-use\/","title":{"rendered":"Tjenestevilk\u00e5r"},"content":{"rendered":"<div id=\"pl-gb2852-69d372a55cb0e\"  class=\"panel-layout\" ><div id=\"pg-gb2852-69d372a55cb0e-0\"  class=\"panel-grid panel-no-style\" ><div id=\"pgc-gb2852-69d372a55cb0e-0-0\"  class=\"panel-grid-cell\" ><div id=\"panel-gb2852-69d372a55cb0e-0-0-0\" class=\"so-panel widget widget_text panel-first-child panel-last-child\" data-index=\"0\" >\t\t\t<div class=\"textwidget\"><h4>OVERSIKT<\/h4>\n<p>Dette nettstedet drives av COSTABLANCA CHIROPRACTIC CENTER SL. Gjennom hele nettstedet refererer uttrykkene &laquo;vi&raquo;, &laquo;oss&raquo; og &laquo;v\u00e5r&raquo; til COSTABLANCA CHIROPRACTIC CENTER SL. COSTABLANCA CHIROPRACTIC CENTER SL tilbyr denne nettsiden, inkludert all informasjon, verkt\u00f8y og tjenester tilgjengelig fra dette nettstedet til deg, brukeren, betinget av at du aksepterer alle vilk\u00e5r, betingelser, retningslinjer og merknader som er oppgitt her.<\/p>\n<p>Ved \u00e5 bes\u00f8ke nettstedet v\u00e5rt og \/ eller kj\u00f8pe noe fra oss , inng\u00e5r du i v\u00e5r &laquo;Service&raquo; og godtar \u00e5 v\u00e6re bundet av f\u00f8lgende vilk\u00e5r og betingelser (&laquo;Vilk\u00e5r for bruk&raquo;, &laquo;Vilk\u00e5r&raquo;), inkludert de ytterligere vilk\u00e5rene og retningslinjene som er referert her og \/ eller tilgjengelig ved hyperkobling. Disse vilk\u00e5rene gjelder for alle brukere av nettstedet, inkludert uten begrensning brukere som er nettlesere, leverand\u00f8rer, kunder, selgere og \/ eller bidragsytere av innhold.<\/p>\n<p>Les disse vilk\u00e5rene n\u00f8ye f\u00f8r du \u00e5pner eller bruker nettstedet v\u00e5rt. Ved \u00e5 f\u00e5 tilgang til eller bruke noen deler av nettstedet, samtykker du i \u00e5 v\u00e6re bundet av disse vilk\u00e5rene. Hvis du ikke godtar alle vilk\u00e5rene i denne avtalen, kan du ikke f\u00e5 tilgang til nettstedet eller bruke noen tjenester. Hvis disse vilk\u00e5rene betraktes som et tilbud, er aksept uttrykkelig begrenset til disse vilk\u00e5rene for bruk.<\/p>\n<p>Nye funksjoner eller verkt\u00f8y som legges til den n\u00e5v\u00e6rende butikken, skal ogs\u00e5 v\u00e6re underlagt vilk\u00e5rene for bruk. Du kan gjennomg\u00e5 den nyeste versjonen av vilk\u00e5rene for bruk n\u00e5r som helst p\u00e5 denne siden. Vi forbeholder oss retten til \u00e5 oppdatere, endre eller erstatte deler av disse vilk\u00e5rene for bruk ved \u00e5 legge ut oppdateringer og \/ eller endringer p\u00e5 nettstedet v\u00e5rt. Det er ditt ansvar \u00e5 sjekke denne siden med jevne mellomrom for endringer. Din fortsatte bruk av eller tilgang til nettsiden etter \u00e5 legge inn eventuelle endringer, inneb\u00e6rer godkjenning av disse endringene.<\/p>\n<p>&nbsp;<\/p>\n<h4>GENERELLE BETINGELSER<\/h4>\n<p>Vi forbeholder oss retten til \u00e5 nekte service til enhver som helst, n\u00e5r som helst. Du forst\u00e5r at innholdet ditt (ikke inkludert kredittkortinformasjon), kan overf\u00f8res ukryptert og involvere (a) overf\u00f8ringer over ulike nettverk; og (b) endres for \u00e5 tilpasse seg og tilpasse seg tekniske krav til tilkobling av nettverk eller enheter. Kredittkortinformasjon er alltid kryptert under overf\u00f8ring via nettverk. Du samtykker i ikke \u00e5 reprodusere, kopiere, kopiere, selge, videreselge eller utnytte deler av Tjenesten, bruk av tjenesten eller tilgang til tjenesten eller noen kontakt p\u00e5 nettsiden som tjenesten tilbys, uten skriftlig skriftlig tillatelse fra oss. De overskriftene som brukes i denne avtalen er inkludert for enkelhets skyld, og vil ikke begrense eller p\u00e5 annen m\u00e5te p\u00e5virke disse vilk\u00e5rene.<\/p>\n<p>&nbsp;<\/p>\n<h4>N\u00d8YAKTIGHET, FULLSTENDIGHET OG TIDELIGHET FOR INFORMASJON<\/h4>\n<p>Vi er ikke ansvarlige dersom informasjon som er tilgjengelig p\u00e5 dette nettstedet, ikke er n\u00f8yaktig, fullstendig eller aktuell. Materiellet p\u00e5 dette nettstedet er kun gitt for generell informasjon og b\u00f8r ikke stole p\u00e5 eller brukes som eneste grunnlag for \u00e5 ta avgj\u00f8relser uten \u00e5 konsultere prim\u00e6re, mer n\u00f8yaktige, mer komplette eller mer rettidige informasjonskilder. Enhver tillit til materialet p\u00e5 dette nettstedet er p\u00e5 egen risiko. Dette nettstedet kan inneholde visse historiske opplysninger. Historisk informasjon, n\u00f8dvendigvis, er ikke aktuell og er kun gitt som referanse. Vi forbeholder oss retten til \u00e5 endre innholdet p\u00e5 dette nettstedet til enhver tid, men vi har ingen forpliktelse til \u00e5 oppdatere informasjon p\u00e5 v\u00e5r side. Du godtar at det er ditt ansvar \u00e5 overv\u00e5ke endringer p\u00e5 nettstedet v\u00e5rt.<\/p>\n<p>&nbsp;<\/p>\n<h4>MODIFIKASJON AV TJENESTER OG PRISER<\/h4>\n<p>Prisene for v\u00e5re produkter og tjenester kan endres uten varsel. Vi forbeholder oss retten til n\u00e5r som helst \u00e5 endre eller avbryte tjenesten (eller deler eller innhold derav) uten varsel n\u00e5r som helst. Vi vil ikke holdes ansvarlige ovenfor deg eller tredjepart for eventuelle endringer, prisendringer, suspensjon eller opph\u00f8r av tjenesten.<\/p>\n<p>&nbsp;<\/p>\n<h4>PRODUKTER ELLER TJENESTER<\/h4>\n<p>Visse produkter eller tjenester kan v\u00e6re tilgjengelige utelukkende online via nettsiden. Disse produktene eller tjenestene kan ha begrensede mengder og er gjenstand for retur eller utveksling i henhold til v\u00e5r returvilk\u00e5r. Vi har gjort v\u00e5rt ytterste for \u00e5 vise s\u00e5 n\u00f8yaktig som mulig farger og bilder av v\u00e5re produkter som vises i butikken. Vi kan ikke garantere at dataskjermens visning av hvilken som helst farge vil v\u00e6re n\u00f8yaktig. Vi forbeholder oss retten, men er ikke forpliktet til, \u00e5 begrense salget av v\u00e5re produkter eller tjenester til enhver person, geografisk region eller jurisdiksjon. Vi kan ut\u00f8ve dette rett fra tilfelle til sak. Vi forbeholder oss retten til \u00e5 begrense mengder av produkter eller tjenester som vi tilbyr. Alle beskrivelser av produkter eller produktpriser kan endres n\u00e5r som helst uten varsel, etter eget skj\u00f8nn. Vi forbeholder oss retten til \u00e5 avslutte ethvert produkt n\u00e5r som helst. Ethvert tilbud for noe produkt eller tjeneste som er gjort p\u00e5 dette nettstedet, er ugyldig der det er forbudt. Vi garanterer ikke at kvaliteten p\u00e5 produkter, tjenester, informasjon eller annet materiale som er kj\u00f8pt eller innhentet av deg, oppfyller dine forventninger, eller at eventuelle feil i tjenesten blir korrigert.<\/p>\n<p>&nbsp;<\/p>\n<h4>N\u00d8YAKTIGHET AV FAKTURERING OG REGNSKAPSINFORMASJON<\/h4>\n<p>Vi forbeholder oss retten til \u00e5 nekte enhver ordre du gir oss. Vi kan, etter eget skj\u00f8nn, begrense eller avbryte mengder kj\u00f8pt per person, per husholdning eller per bestilling. Disse begrensningene kan omfatte bestillinger som er plassert av eller under samme kundekonto, samme kredittkort og \/ eller bestillinger som bruker samme fakturerings- og \/ eller fraktadresse. Hvis vi endrer eller avbestiller en bestilling, kan vi pr\u00f8ve \u00e5 varsle deg ved \u00e5 kontakte e-postadressen og \/ eller faktureringsadressen \/ telefonnummeret som ble oppgitt n\u00e5r bestillingen ble foretatt. Vi forbeholder oss retten til \u00e5 begrense eller forby bestillinger som i v\u00e5r eneste dom synes \u00e5 v\u00e6re plassert av forhandlere, forhandlere eller distribut\u00f8rer. Du samtykker i \u00e5 gi n\u00e5v\u00e6rende, fullstendig og n\u00f8yaktig innkj\u00f8ps- og kontoinformasjon for alle kj\u00f8p som er gjort i butikken v\u00e5r. Du godtar at du raskt oppdaterer kontoen din og annen informasjon, inkludert e-postadressen din og kredittkortnumrene og utl\u00f8psdatoen, slik at vi kan fullf\u00f8re transaksjonene dine og kontakte deg etter behov. For mer detaljer, vennligst se v\u00e5re returvilk\u00e5r.<\/p>\n<p>&nbsp;<\/p>\n<h4>VALGFRIE TILLEGSVERKT\u00d8Y<\/h4>\n<p>Vi kan gi deg tilgang til tredjepartsverkt\u00f8y som vi ikke overv\u00e5ker eller har noen kontroll eller input. Du anerkjenner og godtar at vi gir tilgang til slike verkt\u00f8y uten noen garantier, representasjoner eller betingelser av noe slag og uten p\u00e5tegning. Vi skal ikke ha noe ansvar uansett hva som hidr\u00f8rer fra eller i forbindelse med bruken av valgfrie verkt\u00f8y fra tredjepart. Enhver bruk av valgfrie verkt\u00f8y som tilbys gjennom nettstedet, er helt p\u00e5 egen risiko og skj\u00f8nn, og du b\u00f8r s\u00f8rge for at du er kjent med og godkjenner av vilk\u00e5rene som verkt\u00f8yene leveres av relevante tredjepartsleverand\u00f8rer. Vi kan ogs\u00e5 i fremtiden tilby nye tjenester og \/ eller funksjoner via nettstedet (inkludert utgivelsen av nye verkt\u00f8y og ressurser). Slike nye funksjoner og \/ eller tjenester skal ogs\u00e5 v\u00e6re underlagt disse vilk\u00e5rene for bruk.<\/p>\n<p>&nbsp;<\/p>\n<h4>LINKER TIL TREDJEPARTER<\/h4>\n<p>Visse innhold, produkter og tjenester som er tilgjengelige via v\u00e5r Service, kan inkludere materiale fra tredjepart. Tredjepartslinker p\u00e5 dette nettstedet kan lede deg til tredjeparts nettsteder som ikke er tilknyttet oss. Vi er ikke ansvarlige for \u00e5 unders\u00f8ke eller evaluere innholdet eller n\u00f8yaktigheten, og vi garanterer ikke og har ikke ansvar eller ansvar for tredjeparts materiale eller nettsteder, eller for andre materialer, produkter eller tjenester fra tredjeparter. Vi er ikke ansvarlig for skade eller skader knyttet til kj\u00f8p eller bruk av varer, tjenester, ressurser, innhold eller andre transaksjoner som er gjort i forbindelse med tredjeparts nettsteder. Vennligst se n\u00f8ye p\u00e5 tredjeparts retningslinjer og rutiner, og s\u00f8rg for at du forst\u00e5r dem f\u00f8r du inng\u00e5r noen transaksjon. Klager, krav, bekymringer eller sp\u00f8rsm\u00e5l ang\u00e5ende tredjepartsprodukter skal rettes til tredjepart.<\/p>\n<p>&nbsp;<\/p>\n<h4>KOMMENTARER, TILBAKEMELDINGER OG ANNEN INNLEVERT INFORMASJON<\/h4>\n<p>Hvis du sender oss bestemte foresp\u00f8rsler (for eksempel konkurranseoppf\u00f8ringer) eller uten foresp\u00f8rsel fra oss, sender du kreative ideer, forslag, forslag, planer eller annet materiale, enten online, av e-post, post, post eller p\u00e5 annen m\u00e5te (kollektivt \u00abkommentarer\u00bb), samtykker du i at vi til enhver tid kan, uten begrensninger, redigere, kopiere, publisere, distribuere, oversette og p\u00e5 annen m\u00e5te bruke eventuelle kommentarer du sender til oss. Vi er og skal ikke v\u00e6re forpliktet (1) for \u00e5 opprettholde eventuelle kommentarer i selvtillit; (2) \u00e5 betale kompensasjon for eventuelle kommentarer; eller (3) for \u00e5 svare p\u00e5 eventuelle kommentarer. Vi kan, men har ingen forpliktelse til \u00e5 overv\u00e5ke, redigere eller fjerne innhold som vi bestemmer etter eget skj\u00f8nn, ulovlig, st\u00f8tende, truende, injurisk, \u00e6rekrenkende, pornografisk, uanstendig eller p\u00e5 annen m\u00e5te ufordelaktig eller bryter med ethvert partis immaterielle rettigheter eller disse vilk\u00e5rene for bruk. Du er enig i at dine kommentarer ikke vil krenke noen tredjeparts rett, inkludert opphavsrett, varemerker, personvern, personlighet eller annen personlig eller propriet\u00e6r rettighet. Du er dessuten enig i at dine kommentarer ikke vil inneholde injurisk eller ellers ulovlig, forn\u00e6rmende eller uanstendig materiale, eller inneholde datavirus eller annen skadelig programvare som p\u00e5 noen m\u00e5te kan p\u00e5virke driften av Tjenesten eller relatert nettsted. Du kan ikke bruke en falsk e-postadresse, late som \u00e5 v\u00e6re noen annen enn deg selv, eller p\u00e5 annen m\u00e5te villede oss eller tredjeparter om opprinnelsen til eventuelle kommentarer. Du er eneansvarlig for eventuelle kommentarer du gj\u00f8r og deres n\u00f8yaktighet. Vi p\u00e5tar oss intet ansvar og p\u00e5tar oss intet ansvar for eventuelle kommentarer fra deg eller noen tredjepart.<\/p>\n<p>&nbsp;<\/p>\n<h4>PERSONLIG INFORMASJON<\/h4>\n<p>Innlevering av personlig informasjon gjennom v\u00e5rt kontaktskjema og kommentarfelt er underlagt v\u00e5re personvernsvilk\u00e5r. For \u00e5 lese om disse g\u00e5 til: <a href=\"https:\/\/chiropractorinspain.es\/no\/personvern\">Vilk\u00e5r for personvern<\/a><\/p>\n<p>&nbsp;<\/p>\n<h4>FEIL, UN\u00d8YAKTIGHETER OG UTELATELSER<\/h4>\n<p>Det kan forekomme informasjon p\u00e5 v\u00e5r side eller i tjenesten som inneholder typografiske feil, un\u00f8yaktigheter eller utelatelser som kan forholde seg til produktbeskrivelser, priser, kampanjer, tilbud, fraktkostnader, transittider og tilgjengelighet. Vi forbeholder oss retten til \u00e5 korrigere eventuelle feil, un\u00f8yaktigheter eller utelatelser, og for \u00e5 endre eller oppdatere informasjon eller avbestille bestillinger hvis noen opplysninger i Tjenesten eller p\u00e5 en hvilken som helst relatert nettside er un\u00f8yaktige n\u00e5r som helst uten varsel (inkludert etter at du har sendt inn bestillingen din) .Vi p\u00e5tar oss ingen forpliktelse til \u00e5 oppdatere, endre eller klargj\u00f8re informasjon i Tjenesten eller p\u00e5 en hvilken som helst relatert nettside, inkludert uten begrensning, prisinformasjon, med unntak av lovens krav. Ingen spesifisert oppdaterings- eller oppdateringsdato brukt i tjenesten eller p\u00e5 en relatert nettside, b\u00f8r tas for \u00e5 indikere at all informasjon i Tjenesten eller p\u00e5 en relatert nettside er blitt endret eller oppdatert.<\/p>\n<p>&nbsp;<\/p>\n<h4>FORBUDT BRUK<\/h4>\n<p>I tillegg til andre forbud som er angitt i vilk\u00e5rene for bruk, er det forbudt \u00e5 bruke nettstedet eller dets innhold: (a) for ulovlig form\u00e5l; (b) \u00e5 be andre om \u00e5 utf\u00f8re eller delta i eventuelle ulovlige handlinger (c) \u00e5 bryte med internasjonale, f\u00f8derale, provinsielle eller statlige bestemmelser, regler, lover eller lokale forordninger; (d) \u00e5 krenke eller bryte v\u00e5re immaterielle rettigheter eller andres immaterielle rettigheter (e) \u00e5 sjikanere, misbruke, forn\u00e6rme, skade, forn\u00e6rme, forn\u00e6rme, diskutere, skremme eller diskriminere p\u00e5 grunnlag av kj\u00f8nn, seksuell orientering, religion, etnisitet, rase, alder, nasjonal opprinnelse eller funksjonshemning (f) \u00e5 sende falsk eller villedende informasjon (g) \u00e5 laste opp eller overf\u00f8re virus eller annen form for ondsinnet kode som vil eller kan bli brukt p\u00e5 noen m\u00e5te som vil p\u00e5virke funksjonaliteten eller driften av Tjenesten eller av en relatert nettside, andre nettsteder eller Internett; (h) \u00e5 samle inn eller spore personopplysninger fra andre (i) til spam, phishing, pharming, falske p\u00e5skudd, spidering, crawling, scraping eller noen for for cyber-angrep; (j) for ethvert uanstendig eller umoralsk form\u00e5l eller (k) \u00e5 forstyrre eller omg\u00e5 sikkerhetsfunksjonene til Tjenesten eller andre relaterte nettsteder, andre nettsteder eller Internett. Vi forbeholder oss retten til \u00e5 si opp bruken av Tjenesten eller andre relaterte nettsider for \u00e5 krenke noen av de forbudte brukerne.<\/p>\n<p>&nbsp;<\/p>\n<h4>FRASKRIVELSE OG BEGRENSNING AV ANSVAR<\/h4>\n<p>Vi garanterer ikke, garanterer at din bruk av v\u00e5r tjeneste vil v\u00e6re uavbrutt, rettidig, sikker eller feilfri. Vi garanterer ikke at resultatene som kan oppn\u00e5s ved bruk av tjenesten, vil v\u00e6re n\u00f8yaktige eller p\u00e5litelige. Du er enig i at vi fra tid til annen kan fjerne tjenesten for ubestemt tid eller avbryte tjenesten n\u00e5r som helst uten varsel til deg. Du er helt enig i at din bruk av eller manglende evne til \u00e5 bruke tjenesten er p\u00e5 din egen Fare. Tjenesten og alle produktene og tjenestene som leveres til deg gjennom tjenesten er (med unntak av det som uttrykkelig er oppgitt av oss) gitt &laquo;som det er&raquo; og &laquo;som tilgjengelig&raquo; for din bruk, uten noen form for representasjon, garantier eller vilk\u00e5r av noe slag, enten uttrykke eller underforst\u00e5tt, inkludert alle underforst\u00e5tte garantier eller vilk\u00e5r for salgbarhet, salgbar kvalitet, egnethet for et bestemt form\u00e5l, holdbarhet, tittel og ikke-innblanding. I intet tilfelle skal COSTABLANCA CHIROPRACTIC CENTER SL, v\u00e5re styremedlemmer, offiserer, ansatte, tilknyttede selskaper, agenter, entrepren\u00f8rer, praktikanter , leverand\u00f8rer, tjenesteleverand\u00f8rer eller lisensgivere er ansvarlige for eventuelle skader, tap, krav eller direkte, indirekte, tilfeldige, straffbare, spesielle eller f\u00f8lgeskader av noe slag, inkludert, uten begrensning tapte fortjeneste, tapte inntekter, tapte besparelser, tap av data, erstatningskostnader eller lignende skader, uansett om de er basert p\u00e5 kontrakt, tort (herunder uaktsomhet), strengt ansvar eller annet, som oppst\u00e5r som f\u00f8lge av din bruk av noen av tjenestene eller produkter som er anskaffet ved bruk av tjenesten eller andre krav som p\u00e5 en eller annen m\u00e5te er relatert til bruken av tjenesten eller noe produkt, inkludert, men ikke begrenset til, eventuelle feil eller fors\u00f8mmelser i noe innhold, eller noe tap eller skade av noe slag som oppst\u00e5r som et resultat av bruken av tjenesten eller innholdet (eller produktet) som er lagt ut, overf\u00f8rt eller p\u00e5 annen m\u00e5te gjort tilgjengelig via tjenesten, selv om de er informert om muligheten deres. Fordi enkelte stater eller jurisdiksjoner ikke tillater utelukkelse eller begrensning av ansvar for f\u00f8lgeskader eller tilfeldige skader, i slike stater eller jurisdiksjoner, skal v\u00e5rt ansvar begrenses til det maksimale omfanget loven tillater.<\/p>\n<p>&nbsp;<\/p>\n<h4>ERSTATNING<\/h4>\n<p>Du samtykker i \u00e5 fraskrive COSTABLANCA CHIROPRACTIC CENTER SL og tilknyttede selskaper, partnere, direkt\u00f8rer, agenter, entrepren\u00f8rer, lisensgivere, tjenesteleverand\u00f8rer, underleverand\u00f8rer, leverand\u00f8rer, praktikanter og ansatte fra ethvert krav, inkludert advokatutgifter, som er gjort av tredjepart p\u00e5 grunn av eller som f\u00f8lge av brudd p\u00e5 disse vilk\u00e5rene for bruk eller dokumentene de inneholder ved referanse eller brudd p\u00e5 lov eller rettigheter til tredjepart.<\/p>\n<p>&nbsp;<\/p>\n<h4>UGYLDIGHET<\/h4>\n<p>Hvis en bestemmelse i disse vilk\u00e5rene er fastsl\u00e5tt \u00e5 v\u00e6re ulovlig, ugyldig eller uh\u00e5ndterlig, skal denne bestemmelsen likevel kunne h\u00e5ndheves i den grad det er tillatt i henhold til gjeldende lov, og den ikke-h\u00e5ndhevbare delen skal anses \u00e5 v\u00e6re adskilt fra disse Servicevilk\u00e5r, slik bestemmelse skal ikke p\u00e5virke gyldigheten og h\u00e5ndhevelsen av andre gjenst\u00e5ende bestemmelser.<\/p>\n<p>&nbsp;<\/p>\n<h4>OPPSIGELSE<\/h4>\n<p>De forpliktelser som partene har inng\u00e5tt f\u00f8r oppsigelsestidspunktet, skal fortsette \u00e5 gjelde for alle form\u00e5l. Disse vilk\u00e5rene gjelder til de eventuelt sier opp av enten deg eller oss. Du kan n\u00e5r som helst si opp disse vilk\u00e5rene for bruk ved \u00e5 varsle oss om at du ikke lenger vil bruke tjenestene v\u00e5re, eller n\u00e5r du slutter \u00e5 bruke nettstedet v\u00e5rt. Hvis vi i v\u00e5r eneste dom mislykkes, eller vi mistenker at du har mislyktes, vilk\u00e5r eller vilk\u00e5r i disse vilk\u00e5rene, kan vi ogs\u00e5 si opp denne avtalen n\u00e5r som helst uten varsel og du forblir ansvarlig for alle bel\u00f8p som skal betales til og med dato for oppsigelse. og \/ eller tilsvarende kan nekte deg tilgang til v\u00e5re tjenester (eller deler av den).<\/p>\n<p>&nbsp;<\/p>\n<h4>AVTALEN I SIN HELHET<\/h4>\n<p>Mangelfull h\u00e5ndheving av enhver rett eller bestemmelse i disse vilk\u00e5rene, skal ikke utgj\u00f8re et frafall av slik rett eller bestemmelse. Disse vilk\u00e5rene og eventuelle retningslinjer eller bruksregler som er lagt ut av oss p\u00e5 dette nettstedet eller i respekt til Tjenesten utgj\u00f8r hele avtalen og forst\u00e5elsen mellom deg og oss og styrer din bruk av Tjenesten, og erstatter eventuelle tidligere eller samtidige avtaler, kommunikasjoner og forslag, enten muntlig eller skriftlig, mellom deg og oss (inkludert, men ikke begrenset til, noen tidligere versjoner av vilk\u00e5rene for bruk). Enhver tvetydighet i tolkningen av disse vilk\u00e5rene for bruk skal ikke tolkes mot oppdragsgiver.<\/p>\n<p>&nbsp;<\/p>\n<h4>GJELDENDE LOVER<\/h4>\n<p>Disse vilk\u00e5rene og eventuelle s\u00e6rskilte avtaler der vi gir deg tjenester skal styres av og tolkes i samsvar med Spanias (Espa\u00f1a) lover.<\/p>\n<p>&nbsp;<\/p>\n<h4>ENDRINGER I VILK\u00c5R<\/h4>\n<p>Du kan gjennomg\u00e5 den nyeste versjonen av vilk\u00e5rene for bruk n\u00e5r som helst p\u00e5 denne siden. Vi forbeholder oss retten til, etter eget skj\u00f8nn, \u00e5 oppdatere, endre eller erstatte deler av disse vilk\u00e5rene for bruk ved \u00e5 legge ut oppdateringer og endringer p\u00e5 nettstedet v\u00e5rt. Det er ditt ansvar \u00e5 sjekke v\u00e5r nettside med jevne mellomrom for endringer. Din fortsatte bruk av eller tilgang til v\u00e5r nettside eller tjenesten etter at du har postet noen endringer i disse vilk\u00e5rene, inneb\u00e6rer godkjenning av disse endringene.<\/p>\n<p>&nbsp;<\/p>\n<h4>KONTAKTOPPLYSNINGER<\/h4>\n<p>Sp\u00f8rsm\u00e5l om tjenestevilk\u00e5rene skal sendes til oss p\u00e5 <a>info@bjargo.com<\/a>.<\/p>\n<\/div>\n\t\t<\/div><\/div><\/div><\/div>","protected":false},"excerpt":{"rendered":"<p>OVERSIKT Dette nettstedet drives av COSTABLANCA CHIROPRACTIC CENTER SL. Gjennom hele nettstedet refererer uttrykkene &laquo;vi&raquo;, &laquo;oss&raquo; og &laquo;v\u00e5r&raquo; til COSTABLANCA CHIROPRACTIC CENTER SL. COSTABLANCA CHIROPRACTIC CENTER SL tilbyr denne nettsiden, inkludert all informasjon, verkt\u00f8y og tjenester tilgjengelig fra dette nettstedet til deg, brukeren, betinget av at du aksepterer alle vilk\u00e5r, [&hellip;]<\/p>\n","protected":false},"author":1,"featured_media":0,"parent":0,"menu_order":0,"comment_status":"closed","ping_status":"closed","template":"","meta":{"footnotes":""},"class_list":["post-2852","page","type-page","status-publish","hentry","post"],"_links":{"self":[{"href":"https:\/\/chiropractorinspain.es\/no\/wp-json\/wp\/v2\/pages\/2852","targetHints":{"allow":["GET"]}}],"collection":[{"href":"https:\/\/chiropractorinspain.es\/no\/wp-json\/wp\/v2\/pages"}],"about":[{"href":"https:\/\/chiropractorinspain.es\/no\/wp-json\/wp\/v2\/types\/page"}],"author":[{"embeddable":true,"href":"https:\/\/chiropractorinspain.es\/no\/wp-json\/wp\/v2\/users\/1"}],"replies":[{"embeddable":true,"href":"https:\/\/chiropractorinspain.es\/no\/wp-json\/wp\/v2\/comments?post=2852"}],"version-history":[{"count":4,"href":"https:\/\/chiropractorinspain.es\/no\/wp-json\/wp\/v2\/pages\/2852\/revisions"}],"predecessor-version":[{"id":2940,"href":"https:\/\/chiropractorinspain.es\/no\/wp-json\/wp\/v2\/pages\/2852\/revisions\/2940"}],"wp:attachment":[{"href":"https:\/\/chiropractorinspain.es\/no\/wp-json\/wp\/v2\/media?parent=2852"}],"curies":[{"name":"wp","href":"https:\/\/api.w.org\/{rel}","templated":true}]}}