{"id":2835,"date":"2020-10-21T13:11:15","date_gmt":"2020-10-21T13:11:15","guid":{"rendered":"https:\/\/chiropractorinspain.es\/disclaimer\/"},"modified":"2020-10-26T19:05:46","modified_gmt":"2020-10-26T19:05:46","slug":"disclaimer","status":"publish","type":"page","link":"https:\/\/chiropractorinspain.es\/no\/disclaimer\/","title":{"rendered":"Ansvarsfraskrivelse"},"content":{"rendered":"\n<!-- Legal document generated by Complianz | GDPR\/CCPA Cookie Consent https:\/\/wordpress.org\/plugins\/complianz-gdpr -->\n<div id=\"cmplz-document\" class=\"cmplz-document disclaimer cmplz-document-all\"><p>COSTABLANCA CHIROPRACTIC CENTER SL er forpliktet til \u00e5 holde dette nettstedet oppdatert og med korrekt informasjon. Skulle du likevel oppleve noe som ikke er korrekt eller utdatert, vil vi bli takknemlige dersom du varsler oss om dette. Vennligt oppgi hvor p\u00e5 nettstedet du fant dette. Vi vil da tak tak i dette snarest. Vennligst send din respons via e-post til: <span class=\"cmplz-obfuscate\">&#109;&#097;r&#105;usa&#110;dersen@<span class=\"cmplz-fmail-domain\">ex&#046;&#099;om<\/span>&#109;&#101;.&#099;&#111;m<\/span>.<\/p><p>Vi er ikke ansvarlige for tap som f\u00f8lge av un\u00f8yaktigheter eller ufullstendighet, og heller ikke for tap som f\u00f8lge av problemer for\u00e5rsaket av eller forbundet med spredning av informasjon over Internett, for eksempel forstyrrelser eller avbrudd. Ved bruk av nettskjemaer tilstreber vi \u00e5 begrense antall obligatoriske felt til et minimum. For tap som f\u00f8lge av bruk av data, r\u00e5d eller ideer levert av eller p\u00e5 vegne av COSTABLANCA CHIROPRACTIC CENTER SL via denne nettsiden,  COSTABLANCA CHIROPRACTIC CENTER SL aksepteres intet ansvar.<\/p><p>Bruk av dette nettstedet og alle komponentene (inkludert fora) er gjenstand for f\u00f8lgende <a href=\"https:\/\/chiropractorinspain.es\/terms-of-use\/(opens%20in%20a%20new%20tab)\" target=\"_blank\">betingelser for bruk<\/a>. Selv beskjeden bruk av nettstedet inneb\u00e6rer at du har kunnskap om og aksepterer disse betingelsene.<\/p><p>Svar og personvernhenvendelser som sendes via e-post eller ved bruk av et nettskjema vil bli behandlet p\u00e5 samme m\u00e5te som brev. Dette betyr at du kan forvente svar fra oss senest innen 1 m\u00e5ned. Ved komplekse foresp\u00f8rsler vil vi gi deg beskjed innen 1 m\u00e5ned dersom vi trenger maksimalt 3 m\u00e5neder.<\/p><p>Eventuelle personlige data som du gir oss i sammenheng med din tilbakemelding eller foresp\u00f8rsel vil kun bli brukt i henhold til v\u00e5r personvernerkl\u00e6ring.<\/p><p>COSTABLANCA CHIROPRACTIC CENTER SL skal gj\u00f8re alt for \u00e5 beskytte systemene mot enhver form for ulovlig bruk. COSTABLANCA CHIROPRACTIC CENTER SL skal iverksette egnede tekniske og organisatoriske tiltak for dette form\u00e5l, idet det blant annet tas hensyn til den nyeste teknikken. Det skal imidlertid ikke holdes ansvarlig for noe tap, direkte og \/ eller indirekte, p\u00e5f\u00f8rt en bruker av nettstedet, som oppst\u00e5r som et resultat av ulovlig bruk av systemene fra en tredjepart.<\/p><p>COSTABLANCA CHIROPRACTIC CENTER SL tar ikke ansvar for innhold fra nettsteder der en hyperlink eller annen referanse er gjort. Betingelser og forhold rundt Produkter og tjenester tilbudt av tredjeparts-akt\u00f8rer er utelukkende den aktuelle tredjeparts-akt\u00f8rens ansvar.<\/p><p>Alle immaterielle rettigheter til innhold p\u00e5 dette nettstedet er innhentet COSTABLANCA CHIROPRACTIC CENTER SL.<\/p><p>Kopiering, spredning eller en hvilken som helst annen bruk av materiale er ikke tillatt uten skriftlig tillatelse fra COSTABLANCA CHIROPRACTIC CENTER SL, unntatt, og bare i det omfang som ellers er fastsatt ved bestemmelser i lov og forskrifter (slik som retten til \u00e5 sitere), med mindre det aktuelle innholdet har bestemmelser om noe annet.<\/p><p>Dersom du har sp\u00f8rsm\u00e5l eller problemer med tilgjengeligheten p\u00e5 dette nettstedet, vennligst kontakt oss.<\/p><\/div>","protected":false},"excerpt":{"rendered":"","protected":false},"author":1,"featured_media":0,"parent":0,"menu_order":0,"comment_status":"closed","ping_status":"closed","template":"","meta":{"footnotes":""},"class_list":["post-2835","page","type-page","status-publish","hentry","post"],"_links":{"self":[{"href":"https:\/\/chiropractorinspain.es\/no\/wp-json\/wp\/v2\/pages\/2835","targetHints":{"allow":["GET"]}}],"collection":[{"href":"https:\/\/chiropractorinspain.es\/no\/wp-json\/wp\/v2\/pages"}],"about":[{"href":"https:\/\/chiropractorinspain.es\/no\/wp-json\/wp\/v2\/types\/page"}],"author":[{"embeddable":true,"href":"https:\/\/chiropractorinspain.es\/no\/wp-json\/wp\/v2\/users\/1"}],"replies":[{"embeddable":true,"href":"https:\/\/chiropractorinspain.es\/no\/wp-json\/wp\/v2\/comments?post=2835"}],"version-history":[{"count":1,"href":"https:\/\/chiropractorinspain.es\/no\/wp-json\/wp\/v2\/pages\/2835\/revisions"}],"predecessor-version":[{"id":2837,"href":"https:\/\/chiropractorinspain.es\/no\/wp-json\/wp\/v2\/pages\/2835\/revisions\/2837"}],"wp:attachment":[{"href":"https:\/\/chiropractorinspain.es\/no\/wp-json\/wp\/v2\/media?parent=2835"}],"curies":[{"name":"wp","href":"https:\/\/api.w.org\/{rel}","templated":true}]}}