{"id":2113,"date":"2020-10-16T09:22:29","date_gmt":"2020-10-16T09:22:29","guid":{"rendered":"https:\/\/chiropractorinspain.es\/?page_id=2113"},"modified":"2021-03-08T23:35:22","modified_gmt":"2021-03-08T23:35:22","slug":"gravid-baby","status":"publish","type":"page","link":"https:\/\/chiropractorinspain.es\/no\/gravid-baby\/","title":{"rendered":"Gravid &#038; Baby"},"content":{"rendered":"<div id=\"pl-2113\"  class=\"panel-layout\" ><div id=\"pg-2113-0\"  class=\"panel-grid panel-no-style\" ><div id=\"pgc-2113-0-0\"  class=\"panel-grid-cell\" ><div id=\"panel-2113-0-0-0\" class=\"so-panel widget widget_text panel-first-child panel-last-child\" data-index=\"0\" >\t\t\t<div class=\"textwidget\"><p>Hvorfor det? De har da ikke vondt i ryggen!? Dette har jeg ofte h\u00f8rt foreldre si, selv om de gjerne tar barna sine til unders\u00f8kelse for synet, h\u00f8rselen og karies i tennene.\u00a0N\u00e5r det dreier seg om viktigheten av \u00e5 unders\u00f8ke nerve- \/\u00a0muskel- og skjellettapparatet, er de fleste uvitende. \u00a0Mange foreldre tenker ikke over at ryggen huser og beskytter v\u00e5rt aller viktigste organ \u2013 nemlig\u00a0<strong>nervesystemet<\/strong>\u00a0som styrer alle kroppens funksjoner. Det mottar og sender stimuli i form av nerveimpulser og styrer blant annet immunforsvaret, ford\u00f8yelsen og s\u00f8vnen. Med kroppens innebygde balanse, eller homeostase, tenker vi p\u00e5 dens evne til \u00e5 tilpasse seg ytre p\u00e5virkninger som endrer v\u00e5r fysiologi og biokjemi. Barnets evne til \u00e5 st\u00e5 imot hverdagens fysiske og psykiske p\u00e5kjenninger er en m\u00e5lestokk for barnets helse. Som regel blir ikke alle barna i familien eller barnehagen syke, til tross for at alle blir utsatt for de samme bakteriene. Noen er simpelthen bedre rustet enn andre.<\/p>\n<p><img loading=\"lazy\" decoding=\"async\" class=\"alignleft size-medium wp-image-3399\" src=\"https:\/\/chiropractorinspain.es\/wp-content\/uploads\/2021\/03\/barn-3-225x300.jpg\" alt=\"\" width=\"225\" height=\"300\" srcset=\"https:\/\/chiropractorinspain.es\/wp-content\/uploads\/2021\/03\/barn-3-225x300.jpg 225w, https:\/\/chiropractorinspain.es\/wp-content\/uploads\/2021\/03\/barn-3.jpg 768w\" sizes=\"auto, (max-width: 225px) 100vw, 225px\" \/><\/p>\n<p>En mulig \u00e5rsak kan v\u00e6re at nervesystemet er i ubalanse. Hvis nervesystemet skal fungere optimalt, er det avhengig av sunn stimulanse. Det foreg\u00e5r ved at sanseceller rundt om i kroppen blir aktivert. De viktigste finner man i nakken og ellers i <strong>ryggs\u00f8ylen<\/strong>. N\u00e5r det oppst\u00e5r funksjonsforstyrrelser i ryggen (l\u00e5sninger p\u00e5 folkemunne), resulterer det i en svekkelse av nervesignalene og mindre stimulanse av sentralnervesystemet. Det hemmer nervesystemets evne til \u00e5 tolke omgivelsene og gj\u00f8re de n\u00f8dvendige reguleringer i kroppen for \u00e5 unng\u00e5 sykdom og plager.<\/p>\n<p>Kiropraktoren unders\u00f8ker ryggs\u00f8ylen og andre ledd for \u00e5 finne slike funksjonsforstyrrelser. Disse blir s\u00e5 spesifikt korrigert for \u00e5 gjenopprette normal bevegelighet og nervetilf\u00f8rsel i kroppen. Dette er spesielt viktig for barn fordi reseptorer i bevegelsesapparatet hos dem spiller en avgj\u00f8rende rolle for utviklingen av hjernen og nervesystemet generelt. Redusert stimulanse av sentralnervesystemet er bl.a. blitt forbundet med svekkelse av barnets motorikk og l\u00e6reevne, samt l\u00e6re- og atferdsproblemer (ADHD), aggressivitet, s\u00f8vnproblemer, kolikk og \u00f8kt forekomst av sykdommer som \u00f8re-nese- og halsinfeksjoner.<\/p>\n<p><img loading=\"lazy\" decoding=\"async\" class=\"alignright size-medium wp-image-3396\" src=\"https:\/\/chiropractorinspain.es\/wp-content\/uploads\/2021\/03\/barn-2-225x300.jpg\" alt=\"\" width=\"225\" height=\"300\" srcset=\"https:\/\/chiropractorinspain.es\/wp-content\/uploads\/2021\/03\/barn-2-225x300.jpg 225w, https:\/\/chiropractorinspain.es\/wp-content\/uploads\/2021\/03\/barn-2.jpg 768w\" sizes=\"auto, (max-width: 225px) 100vw, 225px\" \/><br \/>\nDr. med. Roger Sperry, som vant Nobelprisen i medisin for sin forskning p\u00e5 hjernen, har uttalt f\u00f8lgende: &laquo;Forbindelsen mellom bevegelse og hjerneaktivitet kan sammenlignes med en vindm\u00f8lle som genererer str\u00f8m for et kraftverk. Bevegelse &laquo;lader&raquo; hjernens batterier slik at barna er i stand til \u00e5 tenke, f\u00f8le og fungere bedre.&raquo; Det er et tankekors i v\u00e5r nye h\u00f8yteknologiske verden hvor barna foretrekker \u00e5 sitte foran pc&#8217;n og spille p\u00e5 playstation framfor \u00e5 drive med lek og sport. Foruten ensidige stillesitting er det i ogs\u00e5 andre \u00e5rsaker til at det utvikler seg funksjonsforstyrrelser i rygg og nakke hos barn. Ogs\u00e5 selve f\u00f8dselen kan v\u00e6re traumatisk for babyen.<\/p>\n<p>Det er spesieltved komplikasjoner hvor man er tvunget til \u00e5 benytte sugekopp, tang eller keisersnitt at nakkeproblemer kan oppst\u00e5. Tegn som kan tyde p\u00e5 at slike problemer har oppst\u00e5tt, er at babyen misliker \u00e5 ligge p\u00e5 magen eller kun snur hodet til den ene siden. Dette er noe mor ogs\u00e5 vil legge merke til n\u00e5r hun ammer. Noen babyer foretrekker \u00e5 die fra kun den ene siden. Barne\u00e5rene er en periode med mye knall og fall. Ungene m\u00e5 l\u00e6re \u00e5 g\u00e5, sykle og drive idrett. Mens et plaster og noen tr\u00f8stende ord hjelper mot et skrubbs\u00e5r p\u00e5 kneet, blir ofte skader i ryggen forbig\u00e5tt. Symptomer som ofte blir bagatellisert som voksesmerter og syting, kan i realiteten v\u00e6re begynnelsen p\u00e5 skjevheter i ryggen. Av den grunn anbefaler vi at foreldre regelmessig f\u00e5r unders\u00f8kt barna sine hos kiropraktor under hele oppveksten.<\/p>\n<p>Det hele dreier seg om \u00e5 gi barna sine best mulig utgangspunkt for optimal vekst og utvikling.<\/p>\n<p>Isabel og Stephany er typiske favorittpasienter. De hadde begge sm\u00e5 funksjonelle skjevheter i ryggen som lot seg enkelt korrigere. Isabel hadde ford\u00f8yelsesplager og Stephany koordinasjon- og motoriske svakheter som har l\u00f8st seg med kiropraktikk. N\u00e5 kommer de en gang i m\u00e5neden for \u00e5 forsikre optimal utvikling p\u00e5 generelt basis.<\/p>\n<p><img loading=\"lazy\" decoding=\"async\" class=\"alignright size-medium wp-image-3407\" src=\"https:\/\/chiropractorinspain.es\/wp-content\/uploads\/2021\/03\/Mansouri-Kamil-225x300.jpg\" alt=\"\" width=\"225\" height=\"300\" srcset=\"https:\/\/chiropractorinspain.es\/wp-content\/uploads\/2021\/03\/Mansouri-Kamil-225x300.jpg 225w, https:\/\/chiropractorinspain.es\/wp-content\/uploads\/2021\/03\/Mansouri-Kamil-768x1024.jpg 768w, https:\/\/chiropractorinspain.es\/wp-content\/uploads\/2021\/03\/Mansouri-Kamil-1152x1536.jpg 1152w, https:\/\/chiropractorinspain.es\/wp-content\/uploads\/2021\/03\/Mansouri-Kamil-1536x2048.jpg 1536w, https:\/\/chiropractorinspain.es\/wp-content\/uploads\/2021\/03\/Mansouri-Kamil-scaled.jpg 1920w\" sizes=\"auto, (max-width: 225px) 100vw, 225px\" \/>Kamil har jeg behandlet fra han var 9 \u00e5r. Moren har en kraftig skoliose og var redd s\u00f8nnen skulle ende opp med det samme. Det er 6 mnd. mellom disse bildene. Tidligere hadde Kamil ryggsmerter og ortopeden trodde en operasjon var n\u00f8dvendig. De ble overrasket og forandret mening da de s\u00e5 de positive endringene. I dag er Kamil dyktig basketballspiller og har ingen ryggplager lenger.<\/p>\n<p>Kamil har jeg behandlet fra han var 9 \u00e5r. Moren har en kraftig skoliose og var redd s\u00f8nnen skulle ende opp med det samme. Det er 6 mnd. mellom disse bildene. Tidligere hadde Kamil ryggsmerter og ortopeden trodde en operasjon var n\u00f8dvendig. De ble overrasket og forandret mening da de s\u00e5 de positive endringene. I dag er Kamil dyktig basketballspiller og har ingen ryggplager lenger.<\/p>\n<div id=\"attachment_3403\" style=\"width: 160px\" class=\"wp-caption alignleft\"><a href=\"http:\/\/icpa4kids.com\" target=\"_blank\" rel=\"noopener\"><img loading=\"lazy\" decoding=\"async\" aria-describedby=\"caption-attachment-3403\" class=\"wp-image-3403 size-thumbnail\" src=\"https:\/\/chiropractorinspain.es\/wp-content\/uploads\/2021\/03\/icpa-150x150.png\" alt=\"\" width=\"150\" height=\"150\" \/><\/a><p id=\"caption-attachment-3403\" class=\"wp-caption-text\"><strong>icpa4kids.com<\/strong><\/p><\/div>\n<p>&nbsp;<\/p>\n<\/div>\n\t\t<\/div><\/div><\/div><\/div>","protected":false},"excerpt":{"rendered":"<p>Hvorfor det? De har da ikke vondt i ryggen!? Dette har jeg ofte h\u00f8rt foreldre si, selv om de gjerne tar barna sine til unders\u00f8kelse for synet, h\u00f8rselen og karies i tennene.\u00a0N\u00e5r det dreier seg om viktigheten av \u00e5 unders\u00f8ke nerve- \/\u00a0muskel- og skjellettapparatet, er de fleste uvitende. \u00a0Mange foreldre [&hellip;]<\/p>\n","protected":false},"author":1,"featured_media":0,"parent":0,"menu_order":0,"comment_status":"closed","ping_status":"closed","template":"","meta":{"footnotes":""},"class_list":["post-2113","page","type-page","status-publish","hentry","post"],"_links":{"self":[{"href":"https:\/\/chiropractorinspain.es\/no\/wp-json\/wp\/v2\/pages\/2113","targetHints":{"allow":["GET"]}}],"collection":[{"href":"https:\/\/chiropractorinspain.es\/no\/wp-json\/wp\/v2\/pages"}],"about":[{"href":"https:\/\/chiropractorinspain.es\/no\/wp-json\/wp\/v2\/types\/page"}],"author":[{"embeddable":true,"href":"https:\/\/chiropractorinspain.es\/no\/wp-json\/wp\/v2\/users\/1"}],"replies":[{"embeddable":true,"href":"https:\/\/chiropractorinspain.es\/no\/wp-json\/wp\/v2\/comments?post=2113"}],"version-history":[{"count":15,"href":"https:\/\/chiropractorinspain.es\/no\/wp-json\/wp\/v2\/pages\/2113\/revisions"}],"predecessor-version":[{"id":3420,"href":"https:\/\/chiropractorinspain.es\/no\/wp-json\/wp\/v2\/pages\/2113\/revisions\/3420"}],"wp:attachment":[{"href":"https:\/\/chiropractorinspain.es\/no\/wp-json\/wp\/v2\/media?parent=2113"}],"curies":[{"name":"wp","href":"https:\/\/api.w.org\/{rel}","templated":true}]}}