{"id":2110,"date":"2020-10-16T09:16:08","date_gmt":"2020-10-16T09:16:08","guid":{"rendered":"https:\/\/chiropractorinspain.es\/?page_id=2110"},"modified":"2020-10-18T15:22:19","modified_gmt":"2020-10-18T15:22:19","slug":"introductory-presentation","status":"publish","type":"page","link":"https:\/\/chiropractorinspain.es\/no\/introductory-presentation\/","title":{"rendered":"Introduksjonsforedrag"},"content":{"rendered":"<p><img loading=\"lazy\" decoding=\"async\" class=\"aligncenter size-full wp-image-170\" src=\"https:\/\/chiropractorinspain.es\/wp-content\/uploads\/2020\/08\/health-talk.jpg\" alt=\"\" width=\"820\" height=\"314\" srcset=\"https:\/\/chiropractorinspain.es\/wp-content\/uploads\/2020\/08\/health-talk.jpg 820w, https:\/\/chiropractorinspain.es\/wp-content\/uploads\/2020\/08\/health-talk-300x115.jpg 300w, https:\/\/chiropractorinspain.es\/wp-content\/uploads\/2020\/08\/health-talk-768x294.jpg 768w\" sizes=\"auto, (max-width: 820px) 100vw, 820px\" \/><\/p>\n<p>Introduksjonsforedraget er en viktig del av behandlingsprogrammet. Her dekkes flere viktige temaer slik som <strong>forebygging, ern\u00e6ring, \u00f8velser, og hvorfor Advanced Chiropractic skiller seg ut gjennom fokus p\u00e5 strukturell korrigering.<\/strong> \u00a0Kiropraktoren \u00f8nsker at dette er en interaktiv klasse for folk sp\u00f8r og f\u00e5r svar. \u00a0Alle er inviterte, selv de som ikke allerede er pasienter av oss. S\u00e5ledes er det en fin introduksjon f\u00f8r du bestemmer seg for \u00e5 opps\u00f8ke en kiropraktor.<\/p>\n<p>Ring oss om du \u00f8nsker \u00e5 delta.<\/p>\n<p><img loading=\"lazy\" decoding=\"async\" class=\"aligncenter size-full wp-image-171\" src=\"https:\/\/chiropractorinspain.es\/wp-content\/uploads\/2020\/08\/WellnessEnglish.png\" alt=\"\" width=\"851\" height=\"190\" srcset=\"https:\/\/chiropractorinspain.es\/wp-content\/uploads\/2020\/08\/WellnessEnglish.png 851w, https:\/\/chiropractorinspain.es\/wp-content\/uploads\/2020\/08\/WellnessEnglish-300x67.png 300w, https:\/\/chiropractorinspain.es\/wp-content\/uploads\/2020\/08\/WellnessEnglish-768x171.png 768w\" sizes=\"auto, (max-width: 851px) 100vw, 851px\" \/><\/p>\n","protected":false},"excerpt":{"rendered":"<p>Introduksjonsforedraget er en viktig del av behandlingsprogrammet. Her dekkes flere viktige temaer slik som forebygging, ern\u00e6ring, \u00f8velser, og hvorfor Advanced Chiropractic skiller seg ut gjennom fokus p\u00e5 strukturell korrigering. \u00a0Kiropraktoren \u00f8nsker at dette er en interaktiv klasse for folk sp\u00f8r og f\u00e5r svar. \u00a0Alle er inviterte, selv de som ikke [&hellip;]<\/p>\n","protected":false},"author":1,"featured_media":170,"parent":0,"menu_order":0,"comment_status":"closed","ping_status":"closed","template":"","meta":{"footnotes":""},"class_list":["post-2110","page","type-page","status-publish","has-post-thumbnail","hentry","post","post-with-thumbnail","post-with-thumbnail-large"],"_links":{"self":[{"href":"https:\/\/chiropractorinspain.es\/no\/wp-json\/wp\/v2\/pages\/2110","targetHints":{"allow":["GET"]}}],"collection":[{"href":"https:\/\/chiropractorinspain.es\/no\/wp-json\/wp\/v2\/pages"}],"about":[{"href":"https:\/\/chiropractorinspain.es\/no\/wp-json\/wp\/v2\/types\/page"}],"author":[{"embeddable":true,"href":"https:\/\/chiropractorinspain.es\/no\/wp-json\/wp\/v2\/users\/1"}],"replies":[{"embeddable":true,"href":"https:\/\/chiropractorinspain.es\/no\/wp-json\/wp\/v2\/comments?post=2110"}],"version-history":[{"count":2,"href":"https:\/\/chiropractorinspain.es\/no\/wp-json\/wp\/v2\/pages\/2110\/revisions"}],"predecessor-version":[{"id":2646,"href":"https:\/\/chiropractorinspain.es\/no\/wp-json\/wp\/v2\/pages\/2110\/revisions\/2646"}],"wp:featuredmedia":[{"embeddable":true,"href":"https:\/\/chiropractorinspain.es\/no\/wp-json\/wp\/v2\/media\/170"}],"wp:attachment":[{"href":"https:\/\/chiropractorinspain.es\/no\/wp-json\/wp\/v2\/media?parent=2110"}],"curies":[{"name":"wp","href":"https:\/\/api.w.org\/{rel}","templated":true}]}}