{"id":2101,"date":"2020-08-22T14:59:50","date_gmt":"2020-08-22T14:59:50","guid":{"rendered":"https:\/\/chiropractorinspain.es\/the-chiropractic-education\/"},"modified":"2020-10-18T15:24:36","modified_gmt":"2020-10-18T15:24:36","slug":"the-chiropractic-education","status":"publish","type":"page","link":"https:\/\/chiropractorinspain.es\/no\/the-chiropractic-education\/","title":{"rendered":"Kiropraktorens utdannelse"},"content":{"rendered":"<div id=\"pl-2101\"  class=\"panel-layout\" ><div id=\"pg-2101-0\"  class=\"panel-grid panel-no-style\" ><div id=\"pgc-2101-0-0\"  class=\"panel-grid-cell\" ><div id=\"panel-2101-0-0-0\" class=\"so-panel widget widget_sow-editor panel-first-child panel-last-child\" data-index=\"0\" ><div\n\t\t\t\n\t\t\tclass=\"so-widget-sow-editor so-widget-sow-editor-base\"\n\t\t\t\n\t\t>\n<div class=\"siteorigin-widget-tinymce textwidget\">\n\t<p><img loading=\"lazy\" decoding=\"async\" class=\"alignright size-full wp-image-145\" src=\"https:\/\/chiropractorinspain.es\/wp-content\/uploads\/2020\/08\/diploma.png\" alt=\"\" width=\"230\" height=\"210\" data-wp-editing=\"1\" \/><\/p>\n<p><img loading=\"lazy\" decoding=\"async\" class=\"alignleft size-medium wp-image-146\" src=\"https:\/\/chiropractorinspain.es\/wp-content\/uploads\/2020\/08\/Graduation-300x206.jpg\" alt=\"\" width=\"300\" height=\"206\" srcset=\"https:\/\/chiropractorinspain.es\/wp-content\/uploads\/2020\/08\/Graduation-300x206.jpg 300w, https:\/\/chiropractorinspain.es\/wp-content\/uploads\/2020\/08\/Graduation.jpg 507w\" sizes=\"auto, (max-width: 300px) 100vw, 300px\" \/><\/p>\n<p><strong>Utdannelsen til autoriserte kiropraktorer i Norge er p\u00e5 5,5 \u00e5r p\u00e5 universitetsniv\u00e5 med p\u00e5f\u00f8lgende 1 \u00e5rs turnustjeneste.<\/strong><\/p>\n<p>Utdannelsen inneholder fag som:Anatomi, Fysiologi, Biologi (mikro\/neuro\/molekyl\u00e6r), Fysikk, Biokjemi, Kjemi, Biomekanikk (teoretisk\/klinisk), Radiografi, Radiologi, Patologi, Farmakologi, Psykologi, Epidemiologi, Genetikk, Idrettsmedisin, Diagnostikk, F\u00f8rstehjelp og akuttmedisin.<\/p>\n<p>Kiropraktiorutdannelsen med sin turnusordning, er like lang som legeutdannelsen og kiropraktorens profesjonelle tittel og grad etter utdannelsen er <strong>Doctor of Chiropractic (D.C.)<\/strong>.<\/p>\n<p>Det er flere utdanningsinstitusjoner som utdanner <strong>kiropraktorer<\/strong>, men det er fremdeles ikke noen i Norge. Det jobbes med dette, og vi ser fram til at om f\u00e5 \u00e5r er en utdannelse p\u00e5 norsk jord.<\/p>\n<p>For tiden foreg\u00e5r utdannelsen til de fleste kiropraktorer som returnerer til Norge ved skoler i England, Danmark og USA.<\/p>\n<p>Ved <strong>Advanced Chiropractic<\/strong> har <strong>kiropraktor Aleksander Bjargo DC, CACCP<\/strong>\u00a0i tillegg tatt en 2 \u00e5rig videreutdannelse i kiropraktisk pediatri (barnekiropraktikk) i regi av International\u00a0Chiropractic Pediatrics Association (ICPA) og 200 timer i funksjonell nevrologi gjennom Carrick Institute of Functional Neurology. Dette er den st\u00f8rste godkjente organisasjonen innen kiropraktisk nevrologi p\u00e5 verdensbasis og er et fagfelt under sterk utvikling.<\/p>\n<p>Tabellen nedenfor viser antall undervisningstimer kiropraktoren har i de forskjellige fag. Rubrikken til h\u00f8yre viser til sammenliging hva en legestudent m\u00e5 gjennomf\u00f8re.<\/p>\n<p><img loading=\"lazy\" decoding=\"async\" class=\"alignleft size-full wp-image-147\" src=\"https:\/\/chiropractorinspain.es\/wp-content\/uploads\/2020\/08\/images-1.jpg\" alt=\"\" width=\"225\" height=\"225\" srcset=\"https:\/\/chiropractorinspain.es\/wp-content\/uploads\/2020\/08\/images-1.jpg 225w, https:\/\/chiropractorinspain.es\/wp-content\/uploads\/2020\/08\/images-1-150x150.jpg 150w\" sizes=\"auto, (max-width: 225px) 100vw, 225px\" \/><img loading=\"lazy\" decoding=\"async\" class=\"alignleft size-medium wp-image-148\" src=\"https:\/\/chiropractorinspain.es\/wp-content\/uploads\/2020\/08\/chiropractor-education-chart-1-244x300.jpg\" alt=\"\" width=\"244\" height=\"300\" srcset=\"https:\/\/chiropractorinspain.es\/wp-content\/uploads\/2020\/08\/chiropractor-education-chart-1-244x300.jpg 244w, https:\/\/chiropractorinspain.es\/wp-content\/uploads\/2020\/08\/chiropractor-education-chart-1.jpg 350w\" sizes=\"auto, (max-width: 244px) 100vw, 244px\" \/><\/p>\n<p>&nbsp;<\/p>\n<\/div>\n<\/div><\/div><\/div><\/div><\/div>","protected":false},"excerpt":{"rendered":"<p>Utdannelsen til autoriserte kiropraktorer i Norge er p\u00e5 5,5 \u00e5r p\u00e5 universitetsniv\u00e5 med p\u00e5f\u00f8lgende 1 \u00e5rs turnustjeneste. Utdannelsen inneholder fag som:Anatomi, Fysiologi, Biologi (mikro\/neuro\/molekyl\u00e6r), Fysikk, Biokjemi, Kjemi, Biomekanikk (teoretisk\/klinisk), Radiografi, Radiologi, Patologi, Farmakologi, Psykologi, Epidemiologi, Genetikk, Idrettsmedisin, Diagnostikk, F\u00f8rstehjelp og akuttmedisin. Kiropraktiorutdannelsen med sin turnusordning, er like lang som legeutdannelsen [&hellip;]<\/p>\n","protected":false},"author":1,"featured_media":145,"parent":0,"menu_order":0,"comment_status":"closed","ping_status":"closed","template":"","meta":{"footnotes":""},"class_list":["post-2101","page","type-page","status-publish","has-post-thumbnail","hentry","post","post-with-thumbnail","post-with-thumbnail-large"],"_links":{"self":[{"href":"https:\/\/chiropractorinspain.es\/no\/wp-json\/wp\/v2\/pages\/2101","targetHints":{"allow":["GET"]}}],"collection":[{"href":"https:\/\/chiropractorinspain.es\/no\/wp-json\/wp\/v2\/pages"}],"about":[{"href":"https:\/\/chiropractorinspain.es\/no\/wp-json\/wp\/v2\/types\/page"}],"author":[{"embeddable":true,"href":"https:\/\/chiropractorinspain.es\/no\/wp-json\/wp\/v2\/users\/1"}],"replies":[{"embeddable":true,"href":"https:\/\/chiropractorinspain.es\/no\/wp-json\/wp\/v2\/comments?post=2101"}],"version-history":[{"count":3,"href":"https:\/\/chiropractorinspain.es\/no\/wp-json\/wp\/v2\/pages\/2101\/revisions"}],"predecessor-version":[{"id":2647,"href":"https:\/\/chiropractorinspain.es\/no\/wp-json\/wp\/v2\/pages\/2101\/revisions\/2647"}],"wp:featuredmedia":[{"embeddable":true,"href":"https:\/\/chiropractorinspain.es\/no\/wp-json\/wp\/v2\/media\/145"}],"wp:attachment":[{"href":"https:\/\/chiropractorinspain.es\/no\/wp-json\/wp\/v2\/media?parent=2101"}],"curies":[{"name":"wp","href":"https:\/\/api.w.org\/{rel}","templated":true}]}}