{"id":2092,"date":"2020-08-22T14:50:44","date_gmt":"2020-08-22T14:50:44","guid":{"rendered":"https:\/\/chiropractorinspain.es\/what-is-gonstead-chiropractic\/"},"modified":"2020-10-16T08:58:54","modified_gmt":"2020-10-16T08:58:54","slug":"what-is-gonstead-chiropractic","status":"publish","type":"page","link":"https:\/\/chiropractorinspain.es\/no\/what-is-gonstead-chiropractic\/","title":{"rendered":"Gonstead Kiropraktikk"},"content":{"rendered":"<div id=\"pl-2092\"  class=\"panel-layout\" ><div id=\"pg-2092-0\"  class=\"panel-grid panel-no-style\" ><div id=\"pgc-2092-0-0\"  class=\"panel-grid-cell\" ><div id=\"panel-2092-0-0-0\" class=\"so-panel widget widget_sow-editor panel-first-child panel-last-child\" data-index=\"0\" ><div\n\t\t\t\n\t\t\tclass=\"so-widget-sow-editor so-widget-sow-editor-base\"\n\t\t\t\n\t\t>\n<div class=\"siteorigin-widget-tinymce textwidget\">\n\t<p><img loading=\"lazy\" decoding=\"async\" class=\"size-full wp-image-140 alignleft\" src=\"https:\/\/chiropractorinspain.es\/wp-content\/uploads\/2020\/08\/drgonstead.jpg\" alt=\"\" width=\"197\" height=\"244\" \/><\/p>\n<p><img loading=\"lazy\" decoding=\"async\" class=\"alignright size-full wp-image-139\" src=\"https:\/\/chiropractorinspain.es\/wp-content\/uploads\/2020\/08\/NewGonsteadClinic.jpg\" alt=\"\" width=\"270\" height=\"140\" \/><\/p>\n<p><strong>Kiropraktor Clarence Gonstead (1898 \u2013 1978)<\/strong>, med bakgrunn som ingeni\u00f8r, utviklet og perfeksjonerte metoden vi bruker for \u00e5 analysere og behandle strukturelle ryggproblemer. Det er en n\u00f8yaktig og grundig tiln\u00e6rming til hver del av ryggraden, og omfatter analyse av ryggens anatomi, overflatetemperatur, bevegelsesm\u00f8nster og \u00a0r\u00f8ntgenanalyse. Dette gir oss best mulige forutsetninger for \u00e5 kunne hjelpe pasientene v\u00e5re p\u00e5 en trygg og effektiv m\u00e5te. Grunnet metodens spesifisitet kan vi behandle de mest kompliserte tilfellene, alt fra kronisk slitasjegikt til en akutt skiveprolaps. Selve behandlingen utf\u00f8res manuelt og inneb\u00e6rer en meget n\u00f8yaktig og sk\u00e5nsom leddjustering med form\u00e5l om \u00e5 normalisere leddfunksjonen, nervefunksjonen og fremme kroppens helingsprosess.<\/p>\n<p>Under studiene p\u00e5 Palmer College of Chiropractic assisterte kiropraktor Aleksander Bjargo instrukt\u00f8rene som underviste i Gonstead metoden. Han var president for Palmer Gonstead klubb hvor han underviste Gonsteadmetoden til medstudenter. Bjargo har siden deltatt p\u00e5 over 30 Gonsteadseminarer og anses som en av de fremste Gonstead kiropraktorene i Europa. Hvert \u00e5r han reiser til Barcelona College of Chiropractic (BCC) hvor han fortsetter \u00e5 undervise Gonsteadteknikken til studentene der. Hvis du har ytterligere sp\u00f8rsm\u00e5l om Gonstead, eller hvis du \u00f8nsker mer informasjon om historien til Dr. Gonstead s\u00e5 kan du bes\u00f8ke siden: <a href=\"http:\/\/www.gonsteadseminar.com\/\" target=\"_blank\" rel=\"noopener noreferrer\">www.gonsteadseminar.com<\/a>.<\/p>\n<\/div>\n<\/div><\/div><\/div><\/div><div id=\"pg-2092-1\"  class=\"panel-grid panel-no-style\" ><div id=\"pgc-2092-1-0\"  class=\"panel-grid-cell\" ><div id=\"panel-2092-1-0-0\" class=\"so-panel widget widget_sow-image panel-first-child panel-last-child\" data-index=\"1\" ><div\n\t\t\t\n\t\t\tclass=\"so-widget-sow-image so-widget-sow-image-default-dbf295114b96-2092\"\n\t\t\t\n\t\t>\n<div class=\"sow-image-container\">\n\t\t<img \n\tsrc=\"https:\/\/chiropractorinspain.es\/wp-content\/uploads\/2020\/08\/IMG_2819.jpg\" width=\"400\" height=\"300\" srcset=\"https:\/\/chiropractorinspain.es\/wp-content\/uploads\/2020\/08\/IMG_2819.jpg 400w, https:\/\/chiropractorinspain.es\/wp-content\/uploads\/2020\/08\/IMG_2819-300x225.jpg 300w\" sizes=\"(max-width: 400px) 100vw, 400px\" title=\"Kiropraktor Bjargo og hans kone med instrukt\u00f8rene.\" alt=\"Kiropraktor Bjargo og hans kone med instrukt\u00f8rene.\" \t\tclass=\"so-widget-image\"\/>\n\t<\/div>\n\n<h3 class=\"widget-title\">Kiropraktor Bjargo og hans kone med instrukt\u00f8rene.<\/h3><\/div><\/div><\/div><div id=\"pgc-2092-1-1\"  class=\"panel-grid-cell\" ><div id=\"panel-2092-1-1-0\" class=\"so-panel widget widget_sow-image panel-first-child panel-last-child\" data-index=\"2\" ><div\n\t\t\t\n\t\t\tclass=\"so-widget-sow-image so-widget-sow-image-default-dbf295114b96-2092\"\n\t\t\t\n\t\t>\n<div class=\"sow-image-container\">\n\t\t<img \n\tsrc=\"https:\/\/chiropractorinspain.es\/wp-content\/uploads\/2020\/08\/teaching-gonstead-chiropractic.jpg\" width=\"298\" height=\"225\" sizes=\"(max-width: 298px) 100vw, 298px\" title=\"Kiropraktor Bjargo underviser studenter. \" alt=\"Kiropraktor Bjargo underviser studenter.\" \t\tclass=\"so-widget-image\"\/>\n\t<\/div>\n\n<h3 class=\"widget-title\">Kiropraktor Bjargo underviser studenter. <\/h3><\/div><\/div><\/div><\/div><\/div>","protected":false},"excerpt":{"rendered":"<p>Kiropraktor Clarence Gonstead (1898 \u2013 1978), med bakgrunn som ingeni\u00f8r, utviklet og perfeksjonerte metoden vi bruker for \u00e5 analysere og behandle strukturelle ryggproblemer. Det er en n\u00f8yaktig og grundig tiln\u00e6rming til hver del av ryggraden, og omfatter analyse av ryggens anatomi, overflatetemperatur, bevegelsesm\u00f8nster og \u00a0r\u00f8ntgenanalyse. Dette gir oss best mulige [&hellip;]<\/p>\n","protected":false},"author":1,"featured_media":140,"parent":0,"menu_order":0,"comment_status":"closed","ping_status":"closed","template":"","meta":{"footnotes":""},"class_list":["post-2092","page","type-page","status-publish","has-post-thumbnail","hentry","post","post-with-thumbnail","post-with-thumbnail-large"],"_links":{"self":[{"href":"https:\/\/chiropractorinspain.es\/no\/wp-json\/wp\/v2\/pages\/2092","targetHints":{"allow":["GET"]}}],"collection":[{"href":"https:\/\/chiropractorinspain.es\/no\/wp-json\/wp\/v2\/pages"}],"about":[{"href":"https:\/\/chiropractorinspain.es\/no\/wp-json\/wp\/v2\/types\/page"}],"author":[{"embeddable":true,"href":"https:\/\/chiropractorinspain.es\/no\/wp-json\/wp\/v2\/users\/1"}],"replies":[{"embeddable":true,"href":"https:\/\/chiropractorinspain.es\/no\/wp-json\/wp\/v2\/comments?post=2092"}],"version-history":[{"count":5,"href":"https:\/\/chiropractorinspain.es\/no\/wp-json\/wp\/v2\/pages\/2092\/revisions"}],"predecessor-version":[{"id":2097,"href":"https:\/\/chiropractorinspain.es\/no\/wp-json\/wp\/v2\/pages\/2092\/revisions\/2097"}],"wp:featuredmedia":[{"embeddable":true,"href":"https:\/\/chiropractorinspain.es\/no\/wp-json\/wp\/v2\/media\/140"}],"wp:attachment":[{"href":"https:\/\/chiropractorinspain.es\/no\/wp-json\/wp\/v2\/media?parent=2092"}],"curies":[{"name":"wp","href":"https:\/\/api.w.org\/{rel}","templated":true}]}}