{"id":2086,"date":"2020-10-16T08:52:54","date_gmt":"2020-10-16T08:52:54","guid":{"rendered":"https:\/\/chiropractorinspain.es\/?page_id=2086"},"modified":"2020-10-16T08:52:54","modified_gmt":"2020-10-16T08:52:54","slug":"nevrostrukturell-undersokelse","status":"publish","type":"page","link":"https:\/\/chiropractorinspain.es\/no\/nevrostrukturell-undersokelse\/","title":{"rendered":"Nevrostrukturell Unders\u00f8kelse"},"content":{"rendered":"<div id=\"pl-2086\"  class=\"panel-layout\" ><div id=\"pg-2086-0\"  class=\"panel-grid panel-no-style\" ><div id=\"pgc-2086-0-0\"  class=\"panel-grid-cell\" ><div id=\"panel-2086-0-0-0\" class=\"so-panel widget widget_text panel-first-child panel-last-child\" data-index=\"0\" >\t\t\t<div class=\"textwidget\"><p>Vi bruker moderne teknologi for \u00e5 stadfeste om du har strukturelle misforhold og feilfunksjoner i ryggs\u00f8ylen samt nevrologiske ubalanser som den underliggende \u00e5rsaken til de sekund\u00e6re plagene \/ symptomene dine. Unders\u00f8kelsen omfatter bl.a:<\/p>\n<ul>\n<li><strong>Digital holdningsanalyse<\/strong><\/li>\n<li><strong>Elektromyografi (sEMG)<\/strong><\/li>\n<li><strong>Nevro-Muskul\u00e6r aktiveringstest (NEURAC)<\/strong><\/li>\n<li><strong>Ortopedisk og Nevrologisk unders\u00f8kelse <\/strong><\/li>\n<li><strong>Unders\u00f8kelse av bevegelsesapparatet<\/strong><\/li>\n<li><strong>R\u00f8ntgenunders\u00f8kelse\u00a0<\/strong>(om n\u00f8dvendig)<\/li>\n<\/ul>\n<p>H\u00f8res kanskje fremmed ut men vi kan forsikre deg at alle testene vi utf\u00f8rer vil gi deg en god forst\u00e5else om hva som er \u00e5rsaken til plagene dine.<\/p>\n<p>Etter unders\u00f8kelsen s\u00e5 vil kiropraktoren g\u00e5\u00a0n\u00f8ye igjennom resultatene dine og hvordan vi eventuelt kan hjelpe deg. Om n\u00f8dvendig vil vi anbefale en behandlingsplan tilrettelagt dine behov og m\u00e5lsetninger.<\/p>\n<p>Velkommen skal du v\u00e6re.<\/p>\n<p>&nbsp;<\/p>\n<p><img loading=\"lazy\" decoding=\"async\" class=\"wp-image-2087 size-full aligncenter\" src=\"https:\/\/chiropractorinspain.es\/wp-content\/uploads\/2020\/10\/collage-chiropractic.jpg\" alt=\"\" width=\"820\" height=\"410\" srcset=\"https:\/\/chiropractorinspain.es\/wp-content\/uploads\/2020\/10\/collage-chiropractic.jpg 820w, https:\/\/chiropractorinspain.es\/wp-content\/uploads\/2020\/10\/collage-chiropractic-300x150.jpg 300w, https:\/\/chiropractorinspain.es\/wp-content\/uploads\/2020\/10\/collage-chiropractic-768x384.jpg 768w\" sizes=\"auto, (max-width: 820px) 100vw, 820px\" \/><\/p>\n<\/div>\n\t\t<\/div><\/div><\/div><\/div>","protected":false},"excerpt":{"rendered":"<p>Vi bruker moderne teknologi for \u00e5 stadfeste om du har strukturelle misforhold og feilfunksjoner i ryggs\u00f8ylen samt nevrologiske ubalanser som den underliggende \u00e5rsaken til de sekund\u00e6re plagene \/ symptomene dine. Unders\u00f8kelsen omfatter bl.a: Digital holdningsanalyse Elektromyografi (sEMG) Nevro-Muskul\u00e6r aktiveringstest (NEURAC) Ortopedisk og Nevrologisk unders\u00f8kelse Unders\u00f8kelse av bevegelsesapparatet R\u00f8ntgenunders\u00f8kelse\u00a0(om n\u00f8dvendig) H\u00f8res [&hellip;]<\/p>\n","protected":false},"author":1,"featured_media":2087,"parent":0,"menu_order":0,"comment_status":"closed","ping_status":"closed","template":"","meta":{"footnotes":""},"class_list":["post-2086","page","type-page","status-publish","has-post-thumbnail","hentry","post","post-with-thumbnail","post-with-thumbnail-large"],"_links":{"self":[{"href":"https:\/\/chiropractorinspain.es\/no\/wp-json\/wp\/v2\/pages\/2086","targetHints":{"allow":["GET"]}}],"collection":[{"href":"https:\/\/chiropractorinspain.es\/no\/wp-json\/wp\/v2\/pages"}],"about":[{"href":"https:\/\/chiropractorinspain.es\/no\/wp-json\/wp\/v2\/types\/page"}],"author":[{"embeddable":true,"href":"https:\/\/chiropractorinspain.es\/no\/wp-json\/wp\/v2\/users\/1"}],"replies":[{"embeddable":true,"href":"https:\/\/chiropractorinspain.es\/no\/wp-json\/wp\/v2\/comments?post=2086"}],"version-history":[{"count":1,"href":"https:\/\/chiropractorinspain.es\/no\/wp-json\/wp\/v2\/pages\/2086\/revisions"}],"predecessor-version":[{"id":2090,"href":"https:\/\/chiropractorinspain.es\/no\/wp-json\/wp\/v2\/pages\/2086\/revisions\/2090"}],"wp:featuredmedia":[{"embeddable":true,"href":"https:\/\/chiropractorinspain.es\/no\/wp-json\/wp\/v2\/media\/2087"}],"wp:attachment":[{"href":"https:\/\/chiropractorinspain.es\/no\/wp-json\/wp\/v2\/media?parent=2086"}],"curies":[{"name":"wp","href":"https:\/\/api.w.org\/{rel}","templated":true}]}}