{"id":2082,"date":"2020-08-20T11:54:11","date_gmt":"2020-08-20T11:54:11","guid":{"rendered":"https:\/\/chiropractorinspain.es\/what-are-secondary-conditions\/"},"modified":"2025-04-22T12:39:37","modified_gmt":"2025-04-22T12:39:37","slug":"what-are-secondary-conditions","status":"publish","type":"page","link":"https:\/\/chiropractorinspain.es\/no\/what-are-secondary-conditions\/","title":{"rendered":"Hva er sekund\u00e6re plager?"},"content":{"rendered":"<div id=\"pl-2082\"  class=\"panel-layout\" ><div id=\"pg-2082-0\"  class=\"panel-grid panel-no-style\" ><div id=\"pgc-2082-0-0\"  class=\"panel-grid-cell\" ><div id=\"panel-2082-0-0-0\" class=\"so-panel widget widget_sow-video panel-first-child panel-last-child\" data-index=\"0\" ><div class=\"wistia-video panel-widget-style panel-widget-style-for-2082-0-0-0\" ><div\n\t\t\t\n\t\t\tclass=\"so-widget-sow-video so-widget-sow-video-default-c08170c47cfb-2082\"\n\t\t\t\n\t\t>\n<div class=\"sow-video-wrapper\n\">\n\t\t\t<iframe loading=\"lazy\" class=\"wp-embedded-content\" sandbox=\"allow-scripts\" security=\"restricted\" title=\"04- Symptoms are the tip of the Iceberg Video\" src=\"https:\/\/fast.wistia.net\/embed\/iframe\/ufqwwzh6ie?dnt=1&enablejsapi=1#?secret=e0NnjAokVI\" data-secret=\"e0NnjAokVI\" frameborder=\"0\" scrolling=\"no\" width=\"720\" height=\"405\" allowfullscreen mozallowfullscreen webkitallowfullscreen sandbox=\"allow-scripts allow-same-origin allow-presentation\"><\/iframe>\t<\/div>\n<\/div><\/div><\/div><\/div><\/div><div id=\"pg-2082-1\"  class=\"panel-grid panel-no-style\" ><div id=\"pgc-2082-1-0\"  class=\"panel-grid-cell\" ><div id=\"panel-2082-1-0-0\" class=\"so-panel widget widget_sow-editor panel-first-child panel-last-child\" data-index=\"1\" ><div class=\"wistia panel-widget-style panel-widget-style-for-2082-1-0-0\" id=\"wistia-iceberg\" ><div\n\t\t\t\n\t\t\tclass=\"so-widget-sow-editor so-widget-sow-editor-base\"\n\t\t\t\n\t\t>\n<div class=\"siteorigin-widget-tinymce textwidget\">\n\t<p>Kroppens alarmsystem, ogs\u00e5 kalt symptomer, kan v\u00e6re en indikasjon p\u00e5 en underliggende mer alvorlig tilstand. Sekund\u00e6re plager inkluderer:<\/p>\n<\/div>\n<\/div><\/div><\/div><\/div><\/div><div id=\"pg-2082-2\"  class=\"panel-grid panel-no-style\" ><div id=\"pgc-2082-2-0\"  class=\"panel-grid-cell\" ><div id=\"panel-2082-2-0-0\" class=\"so-panel widget widget_sow-editor panel-first-child panel-last-child\" data-index=\"2\" ><div\n\t\t\t\n\t\t\tclass=\"so-widget-sow-editor so-widget-sow-editor-base\"\n\t\t\t\n\t\t>\n<div class=\"siteorigin-widget-tinymce textwidget\">\n\t<ul>\n<li>Hodepine og Migrene<\/li>\n<li>Svimmelhet<\/li>\n<li>Kjeveplager: smerter, klikking<\/li>\n<li>Nakkeplager: akutt kink, stivhet, prolaps, torticollis<\/li>\n<li>Skulderplager: slimposebetennelse, rotator cuff, frozen shoulder<\/li>\n<li>Armplager: tennisalbue, karpal tunnel syndrom, slitasjegikt i h\u00e5ndledd og fingre<\/li>\n<li>Ryggplager: hekseskudd\/akutte smerter, lumbago<\/li>\n<li>Isjias<\/li>\n<li>Smerter mellom skulderbladene<\/li>\n<li>Brystsmerter<\/li>\n<li>Bekkenplager: bekkenl\u00f8sning og bekkenleddsyndrom<\/li>\n<li>Hofte- og lyskesmerter<\/li>\n<li>Kneplager: meniskskader, leddb\u00e5ndskader, slitasjegikt<\/li>\n<li>Fotplager: akillessenesmerter, plantar fascitt, slitasjegikt i ankel, fot og t\u00e6<\/li>\n<li>Spedbarnskolikkk<\/li>\n<\/ul>\n<p>Ved Advanced Chiropractic fors\u00f8ker vi \u00e5 gjenopprette normale strukturell integritet slik at hjernen kan behandle korrekt sensorisk informasjon og gjenvinne kontroll (homeostase) i kroppen. Normalt vil da symptomene forsvinne.<\/p>\n<\/div>\n<\/div><\/div><\/div><\/div><\/div>","protected":false},"excerpt":{"rendered":"<p>Kroppens alarmsystem, ogs\u00e5 kalt symptomer, kan v\u00e6re en indikasjon p\u00e5 en underliggende mer alvorlig tilstand. Sekund\u00e6re plager inkluderer:<\/p>\n","protected":false},"author":1,"featured_media":0,"parent":0,"menu_order":0,"comment_status":"closed","ping_status":"closed","template":"","meta":{"footnotes":""},"class_list":["post-2082","page","type-page","status-publish","hentry","post"],"_links":{"self":[{"href":"https:\/\/chiropractorinspain.es\/no\/wp-json\/wp\/v2\/pages\/2082","targetHints":{"allow":["GET"]}}],"collection":[{"href":"https:\/\/chiropractorinspain.es\/no\/wp-json\/wp\/v2\/pages"}],"about":[{"href":"https:\/\/chiropractorinspain.es\/no\/wp-json\/wp\/v2\/types\/page"}],"author":[{"embeddable":true,"href":"https:\/\/chiropractorinspain.es\/no\/wp-json\/wp\/v2\/users\/1"}],"replies":[{"embeddable":true,"href":"https:\/\/chiropractorinspain.es\/no\/wp-json\/wp\/v2\/comments?post=2082"}],"version-history":[{"count":4,"href":"https:\/\/chiropractorinspain.es\/no\/wp-json\/wp\/v2\/pages\/2082\/revisions"}],"predecessor-version":[{"id":4347,"href":"https:\/\/chiropractorinspain.es\/no\/wp-json\/wp\/v2\/pages\/2082\/revisions\/4347"}],"wp:attachment":[{"href":"https:\/\/chiropractorinspain.es\/no\/wp-json\/wp\/v2\/media?parent=2082"}],"curies":[{"name":"wp","href":"https:\/\/api.w.org\/{rel}","templated":true}]}}