{"id":2075,"date":"2020-10-15T19:03:56","date_gmt":"2020-10-15T19:03:56","guid":{"rendered":"https:\/\/chiropractorinspain.es\/?page_id=2075"},"modified":"2023-08-11T14:26:00","modified_gmt":"2023-08-11T14:26:00","slug":"advanced-chiropractic","status":"publish","type":"page","link":"https:\/\/chiropractorinspain.es\/no\/advanced-chiropractic\/","title":{"rendered":"Hva er kiropraktikk?"},"content":{"rendered":"<div id=\"pl-2075\"  class=\"panel-layout\" ><div id=\"pg-2075-0\"  class=\"panel-grid panel-no-style\" ><div id=\"pgc-2075-0-0\"  class=\"panel-grid-cell\" ><div id=\"panel-2075-0-0-0\" class=\"so-panel widget widget_text panel-first-child panel-last-child\" data-index=\"0\" >\t\t\t<div class=\"textwidget\"><p>F\u00f8r vi g\u00e5r innp\u00e5 v\u00e5rt spesialfelt s\u00e5 vil vi sammenfatte tre m\u00e5l de fleste kiropraktorer fors\u00f8ker \u00e5 oppn\u00e5 med behandlingen sin.<\/p>\n<ul>\n<li>\u00d8kt bevegelighetsm\u00f8nster<\/li>\n<li>Redusert muskelspenning<\/li>\n<li>Mindre smerter<\/li>\n<\/ul>\n<p>Dette er gode m\u00e5lsetninger og mange er dyktige til akkurat dette, inkudert oss selv.<\/p>\n<\/div>\n\t\t<\/div><\/div><div id=\"pgc-2075-0-1\"  class=\"panel-grid-cell\" ><div id=\"panel-2075-0-1-0\" class=\"so-panel widget widget_sow-image panel-first-child panel-last-child\" data-index=\"1\" ><div\n\t\t\t\n\t\t\tclass=\"so-widget-sow-image so-widget-sow-image-default-8b5b6f678277-2075\"\n\t\t\t\n\t\t>\n<div class=\"sow-image-container\">\n\t\t<img \n\tsrc=\"https:\/\/chiropractorinspain.es\/wp-content\/uploads\/2020\/10\/collage-chiropractic.jpg\" width=\"820\" height=\"410\" srcset=\"https:\/\/chiropractorinspain.es\/wp-content\/uploads\/2020\/10\/collage-chiropractic.jpg 820w, https:\/\/chiropractorinspain.es\/wp-content\/uploads\/2020\/10\/collage-chiropractic-300x150.jpg 300w, https:\/\/chiropractorinspain.es\/wp-content\/uploads\/2020\/10\/collage-chiropractic-768x384.jpg 768w\" sizes=\"(max-width: 820px) 100vw, 820px\" alt=\"\" \t\tclass=\"so-widget-image\"\/>\n\t<\/div>\n\n<\/div><\/div><\/div><\/div><div id=\"pg-2075-1\"  class=\"panel-grid panel-no-style\" ><div id=\"pgc-2075-1-0\"  class=\"panel-grid-cell\" ><div id=\"panel-2075-1-0-0\" class=\"so-panel widget widget_text panel-first-child panel-last-child\" data-index=\"2\" >\t\t\t<div class=\"textwidget\"><p>Ved<strong> Advanced Chiropractic\u00a0<\/strong>har vi tatt det et skritt videre ved \u00e5 fors\u00f8ke \u00e5 finne den underliggende \u00e5rsaken til tilstanden din. V\u00e5r grundige unders\u00f8kelse vil avsl\u00f8re om du har strukturelle misforhold i muskel- og skjellettapparatet Hva er n\u00e5 det, kan du sp\u00f8rre?<\/p>\n<p>Tenk p\u00e5 ryggraden din som grunnmuren for et hus. Hvis fundamentet ikke er i vater, kan du forvente at gulvene buler opp, veggene sprekker, og vinduene ikke kan lukkes ordentlig? Du kan lappe skadene, men med forventning om at problemene returnerer, og m\u00e5 repareres igjen og igjen. Ved Advanced Chiropractic ser vi etter slike underliggende strukturelle skjevheter i kroppen som kan f\u00f8re til en rekke andre f\u00f8lgeproblemer.<\/p>\n<p>Hvordan kan strukturelle skjevheter v\u00e6re \u00e5rsaken til symptomene dine?<\/p>\n<p>Det har \u00e5 gj\u00f8re med forholdet mellom, ryggs\u00f8ylen \u2013 kroppens rammeverk, og nervesystemet \u2013 kroppens kontrollorgan.\u00a0Ryggvirvlene virker som en beskyttende rustning for den myke ryggmargen og nervene, som fungerer som motorveier full av informasjon som sendes mellom hjernen og kroppen. Strukturelle misforhold kan endre sensorisk informasjon, og dermed evnen hjernen kommuniserer med kroppen din, gjennom\u00a0nervene som forgrener seg ut fra ryggs\u00f8ylen til alle kroppens muskler, ledd og organer. Normal bevegelsesfunksjon i ryggs\u00f8ylen er en forutsetning for riktige nervesignaler. En forstyrrelse av disse signalene kan v\u00e6re \u00e5rsaken til et mangfold av symptomer \u2013 eller hva vi liker \u00e5 kalle sekund\u00e6re plager.<\/p>\n<\/div>\n\t\t<\/div><\/div><\/div><\/div>","protected":false},"excerpt":{"rendered":"<p>F\u00f8r vi g\u00e5r innp\u00e5 v\u00e5rt spesialfelt s\u00e5 vil vi sammenfatte tre m\u00e5l de fleste kiropraktorer fors\u00f8ker \u00e5 oppn\u00e5 med behandlingen sin. \u00d8kt bevegelighetsm\u00f8nster Redusert muskelspenning Mindre smerter Dette er gode m\u00e5lsetninger og mange er dyktige til akkurat dette, inkudert oss selv. Ved Advanced Chiropractic\u00a0har vi tatt det et skritt videre [&hellip;]<\/p>\n","protected":false},"author":1,"featured_media":0,"parent":0,"menu_order":0,"comment_status":"closed","ping_status":"closed","template":"","meta":{"footnotes":""},"class_list":["post-2075","page","type-page","status-publish","hentry","post"],"_links":{"self":[{"href":"https:\/\/chiropractorinspain.es\/no\/wp-json\/wp\/v2\/pages\/2075","targetHints":{"allow":["GET"]}}],"collection":[{"href":"https:\/\/chiropractorinspain.es\/no\/wp-json\/wp\/v2\/pages"}],"about":[{"href":"https:\/\/chiropractorinspain.es\/no\/wp-json\/wp\/v2\/types\/page"}],"author":[{"embeddable":true,"href":"https:\/\/chiropractorinspain.es\/no\/wp-json\/wp\/v2\/users\/1"}],"replies":[{"embeddable":true,"href":"https:\/\/chiropractorinspain.es\/no\/wp-json\/wp\/v2\/comments?post=2075"}],"version-history":[{"count":9,"href":"https:\/\/chiropractorinspain.es\/no\/wp-json\/wp\/v2\/pages\/2075\/revisions"}],"predecessor-version":[{"id":4010,"href":"https:\/\/chiropractorinspain.es\/no\/wp-json\/wp\/v2\/pages\/2075\/revisions\/4010"}],"wp:attachment":[{"href":"https:\/\/chiropractorinspain.es\/no\/wp-json\/wp\/v2\/media?parent=2075"}],"curies":[{"name":"wp","href":"https:\/\/api.w.org\/{rel}","templated":true}]}}