{"id":1836,"date":"2020-08-15T16:26:27","date_gmt":"2020-08-15T16:26:27","guid":{"rendered":"https:\/\/chiropractorinspain.es\/about-advanced-chiropractic\/"},"modified":"2025-04-29T16:03:02","modified_gmt":"2025-04-29T16:03:02","slug":"om-advanced-chiropractic","status":"publish","type":"page","link":"https:\/\/chiropractorinspain.es\/no\/om-advanced-chiropractic\/","title":{"rendered":"V\u00e5re ansatte"},"content":{"rendered":"<div id=\"pl-1836\"  class=\"panel-layout\" ><div id=\"pg-1836-0\"  class=\"panel-grid panel-has-style\" ><div class=\"about-staff panel-row-style panel-row-style-for-1836-0\" ><div id=\"pgc-1836-0-0\"  class=\"panel-grid-cell\" ><div id=\"panel-1836-0-0-0\" class=\"so-panel widget widget_sow-image panel-first-child panel-last-child\" data-index=\"0\" ><div\n\t\t\t\n\t\t\tclass=\"so-widget-sow-image so-widget-sow-image-default-113ccd71f3e6-1836\"\n\t\t\t\n\t\t>\n<div class=\"sow-image-container\">\n\t\t<img \n\tsrc=\"https:\/\/chiropractorinspain.es\/wp-content\/uploads\/2025\/04\/aleksander-210x300.jpg\" width=\"210\" height=\"300\" srcset=\"https:\/\/chiropractorinspain.es\/wp-content\/uploads\/2025\/04\/aleksander-210x300.jpg 210w, https:\/\/chiropractorinspain.es\/wp-content\/uploads\/2025\/04\/aleksander-716x1024.jpg 716w, https:\/\/chiropractorinspain.es\/wp-content\/uploads\/2025\/04\/aleksander-768x1098.jpg 768w, https:\/\/chiropractorinspain.es\/wp-content\/uploads\/2025\/04\/aleksander-1074x1536.jpg 1074w, https:\/\/chiropractorinspain.es\/wp-content\/uploads\/2025\/04\/aleksander.jpg 1080w\" sizes=\"(max-width: 210px) 100vw, 210px\" title=\"Aleksander Bjargo\" alt=\"Aleksander Bjargo, Advanced Chiropractic, Quiropractica Avanzada, Norsk, Kiropraktor, Albir, Costa Blanca, Spain\" \t\tclass=\"so-widget-image\"\/>\n\t<\/div>\n\n<h3 class=\"widget-title\">Aleksander Bjargo<\/h3><\/div><\/div><\/div><div id=\"pgc-1836-0-1\"  class=\"panel-grid-cell\" ><div id=\"panel-1836-0-1-0\" class=\"so-panel widget widget_sow-editor panel-first-child panel-last-child\" data-index=\"1\" ><div\n\t\t\t\n\t\t\tclass=\"so-widget-sow-editor so-widget-sow-editor-base\"\n\t\t\t\n\t\t>\n<div class=\"siteorigin-widget-tinymce textwidget\">\n\t<p><b>Kiropraktor Aleksander G. Bjargo<\/b><span style=\"font-weight: 400;\"> D.C. kommer fra en kiropraktorfamilie med b\u00e5de far, onkel og bror som kiropraktorer. Bjargo ble utdannet fra Palmer College of Chiropractic i Davenport, Iowa, USA, med tittelen <\/span><b>Doctor of Chiropractic<\/b><span style=\"font-weight: 400;\"> i 1997.\u00a0 Deretter jobbet han 7 \u00e5r i Norge f\u00f8r han i 2004 bestemte seg for \u00e5 flytte til Spania og starte sitt eget kiropraktorsenter. Siden den gang har <\/span><b>Advanced Chiropractic<\/b><span style=\"font-weight: 400;\"> behandlet over 10 tusen pasienter.<\/span><\/p>\n<p><span style=\"font-weight: 400;\">Kiropraktor Bjargo har etterutdanning i fagfeltet <\/span><b>funksjonell nevrologi <\/b><span style=\"font-weight: 400;\">gjennom Carrick Institute of Functional Neurology (over 300 timer) og en to\u00e5rig etterutdannelse i kiropraktisk pediatri (barnekiropraktikk) i regi av International Chiropractic Pediatric Association (ICPA). Han har ogs\u00e5 fortdypet seg innenfor kosthold og ern\u00e6ring.<\/span><\/p>\n<\/div>\n<\/div><\/div><\/div><\/div><\/div><div id=\"pg-1836-1\"  class=\"panel-grid panel-has-style\" ><div class=\"separator-line panel-row-style panel-row-style-for-1836-1\" ><div id=\"pgc-1836-1-0\"  class=\"panel-grid-cell panel-grid-cell-empty\" ><\/div><\/div><\/div><div id=\"pg-1836-2\"  class=\"panel-grid panel-has-style\" ><div class=\"about-staff panel-row-style panel-row-style-for-1836-2\" ><div id=\"pgc-1836-2-0\"  class=\"panel-grid-cell\" ><div id=\"panel-1836-2-0-0\" class=\"so-panel widget widget_sow-image panel-first-child panel-last-child\" data-index=\"2\" ><div\n\t\t\t\n\t\t\tclass=\"so-widget-sow-image so-widget-sow-image-default-113ccd71f3e6-1836\"\n\t\t\t\n\t\t>\n<div class=\"sow-image-container\">\n\t\t<img \n\tsrc=\"https:\/\/chiropractorinspain.es\/wp-content\/uploads\/2025\/04\/sindre-200x300.jpg\" width=\"200\" height=\"300\" srcset=\"https:\/\/chiropractorinspain.es\/wp-content\/uploads\/2025\/04\/sindre-200x300.jpg 200w, https:\/\/chiropractorinspain.es\/wp-content\/uploads\/2025\/04\/sindre-683x1024.jpg 683w, https:\/\/chiropractorinspain.es\/wp-content\/uploads\/2025\/04\/sindre-768x1152.jpg 768w, https:\/\/chiropractorinspain.es\/wp-content\/uploads\/2025\/04\/sindre-1024x1536.jpg 1024w, https:\/\/chiropractorinspain.es\/wp-content\/uploads\/2025\/04\/sindre.jpg 1080w\" sizes=\"(max-width: 200px) 100vw, 200px\" title=\"Sindre Daugstad\" alt=\"Sindre, Advanced Chiropractic Albir \" \t\tclass=\"so-widget-image\"\/>\n\t<\/div>\n\n<h3 class=\"widget-title\">Sindre Daugstad<\/h3><\/div><\/div><\/div><div id=\"pgc-1836-2-1\"  class=\"panel-grid-cell\" ><div id=\"panel-1836-2-1-0\" class=\"so-panel widget widget_sow-editor panel-first-child panel-last-child\" data-index=\"3\" ><div\n\t\t\t\n\t\t\tclass=\"so-widget-sow-editor so-widget-sow-editor-base\"\n\t\t\t\n\t\t>\n<div class=\"siteorigin-widget-tinymce textwidget\">\n\t<p><b>Sindre Daustad<\/b><span style=\"font-weight: 400;\"> er en dedikert kiropraktor med \u00f8nske om \u00e5 hjelpe mennesker med \u00e5 oppn\u00e5 bedre helse og \u00f8kt livskvalitet. Han fullf\u00f8rte sin <\/span><b>Bachelor of Chiropractic Science<\/b><span style=\"font-weight: 400;\"> og <\/span><b>Master of Chiropractic<\/b><span style=\"font-weight: 400;\"> ved Macquarie University i Sydney, Australia i 2006. Denne utdannelsen dannet grunnlaget for hans forst\u00e5else av kroppens biomekanikk og nervesystem.\u00a0 I tillegg til egen klinikk i Oslo har Sindre jobbet ved fire andre kiropraktorklinikker i Norge og Australia, hvor han med en helhetlig tiln\u00e6rming har hjulpet tusenvis av mennesker til bedre helse.\u00a0<\/span><\/p>\n<p><span style=\"font-weight: 400;\">Kiropraktor Sindre har v\u00e6rt idrettsut\u00f8ver p\u00e5 internasjonalt niv\u00e5 innen kampsport og har tilegnet seg kompetanse i behandling av profesjonelle idrettsut\u00f8vere. Sindre har ogs\u00e5 jobbet som mental trener hvor han fokuserte p\u00e5 \u00e5 takle mentale begrensninger. Mottoet til Sindre er at \u201c<\/span><b>alle kan leve opp mot sitt fulle potensiale<\/b><span style=\"font-weight: 400;\">\u201d.<\/span><\/p>\n<\/div>\n<\/div><\/div><\/div><\/div><\/div><div id=\"pg-1836-3\"  class=\"panel-grid panel-has-style\" ><div class=\"separator-line panel-row-style panel-row-style-for-1836-3\" ><div id=\"pgc-1836-3-0\"  class=\"panel-grid-cell panel-grid-cell-empty\" ><\/div><\/div><\/div><div id=\"pg-1836-4\"  class=\"panel-grid panel-has-style\" ><div class=\"about-staff panel-row-style panel-row-style-for-1836-4\" ><div id=\"pgc-1836-4-0\"  class=\"panel-grid-cell\" ><div id=\"panel-1836-4-0-0\" class=\"so-panel widget widget_sow-image panel-first-child panel-last-child\" data-index=\"4\" ><div\n\t\t\t\n\t\t\tclass=\"so-widget-sow-image so-widget-sow-image-default-113ccd71f3e6-1836\"\n\t\t\t\n\t\t>\n<div class=\"sow-image-container\">\n\t\t<img \n\tsrc=\"https:\/\/chiropractorinspain.es\/wp-content\/uploads\/2025\/04\/elaine.jpg\" width=\"1080\" height=\"1670\" srcset=\"https:\/\/chiropractorinspain.es\/wp-content\/uploads\/2025\/04\/elaine.jpg 1080w, https:\/\/chiropractorinspain.es\/wp-content\/uploads\/2025\/04\/elaine-194x300.jpg 194w, https:\/\/chiropractorinspain.es\/wp-content\/uploads\/2025\/04\/elaine-662x1024.jpg 662w, https:\/\/chiropractorinspain.es\/wp-content\/uploads\/2025\/04\/elaine-768x1188.jpg 768w, https:\/\/chiropractorinspain.es\/wp-content\/uploads\/2025\/04\/elaine-993x1536.jpg 993w\" sizes=\"(max-width: 1080px) 100vw, 1080px\" title=\"Elaine Houston\" alt=\"Elaine, Advanced Chiropractic Albir \" \t\tclass=\"so-widget-image\"\/>\n\t<\/div>\n\n<h3 class=\"widget-title\">Elaine Houston<\/h3><\/div><\/div><\/div><div id=\"pgc-1836-4-1\"  class=\"panel-grid-cell\" ><div id=\"panel-1836-4-1-0\" class=\"so-panel widget widget_sow-editor panel-first-child panel-last-child\" data-index=\"5\" ><div\n\t\t\t\n\t\t\tclass=\"so-widget-sow-editor so-widget-sow-editor-base\"\n\t\t\t\n\t\t>\n<div class=\"siteorigin-widget-tinymce textwidget\">\n\t<p><span style=\"font-weight: 400;\"><strong>Elaine<\/strong> er fra Skottland, men har bodd i utlandet de siste 20 \u00e5rene. Hun har bodd p\u00e5 Kanari\u00f8yene, Tunisia, \u00d8sterrike, Florida og Italia f\u00f8r hun slo seg ned p\u00e5 Costa Blanca med datteren Isabela.<\/span><\/p>\n<p><span style=\"font-weight: 400;\">Elaine elsker \u00e5 ta vare p\u00e5 mennesker og har tidligere jobbet p\u00e5 Hush Beauty Salon i Albir. Elaine er opptatt av at pasientene v\u00e5re f\u00e5r en s\u00e5 god opplevelse som mulig ved Advanced Chiropractic<\/span><\/p>\n<\/div>\n<\/div><\/div><\/div><\/div><\/div><div id=\"pg-1836-5\"  class=\"panel-grid panel-has-style\" ><div class=\"separator-line panel-row-style panel-row-style-for-1836-5\" ><div id=\"pgc-1836-5-0\"  class=\"panel-grid-cell panel-grid-cell-empty\" ><\/div><\/div><\/div><div id=\"pg-1836-6\"  class=\"panel-grid panel-has-style\" ><div class=\"about-staff panel-row-style panel-row-style-for-1836-6\" ><div id=\"pgc-1836-6-0\"  class=\"panel-grid-cell\" ><div id=\"panel-1836-6-0-0\" class=\"so-panel widget widget_sow-image panel-first-child panel-last-child\" data-index=\"6\" ><div\n\t\t\t\n\t\t\tclass=\"so-widget-sow-image so-widget-sow-image-default-113ccd71f3e6-1836\"\n\t\t\t\n\t\t>\n<div class=\"sow-image-container\">\n\t\t<img \n\tsrc=\"https:\/\/chiropractorinspain.es\/wp-content\/uploads\/2025\/04\/jose.jpg\" width=\"1080\" height=\"1567\" srcset=\"https:\/\/chiropractorinspain.es\/wp-content\/uploads\/2025\/04\/jose.jpg 1080w, https:\/\/chiropractorinspain.es\/wp-content\/uploads\/2025\/04\/jose-207x300.jpg 207w, https:\/\/chiropractorinspain.es\/wp-content\/uploads\/2025\/04\/jose-706x1024.jpg 706w, https:\/\/chiropractorinspain.es\/wp-content\/uploads\/2025\/04\/jose-768x1114.jpg 768w, https:\/\/chiropractorinspain.es\/wp-content\/uploads\/2025\/04\/jose-1059x1536.jpg 1059w\" sizes=\"(max-width: 1080px) 100vw, 1080px\" title=\"Jose\" alt=\"Jose, Advanced Chiropractic Albir \" \t\tclass=\"so-widget-image\"\/>\n\t<\/div>\n\n<h3 class=\"widget-title\">Jose<\/h3><\/div><\/div><\/div><div id=\"pgc-1836-6-1\"  class=\"panel-grid-cell\" ><div id=\"panel-1836-6-1-0\" class=\"so-panel widget widget_sow-editor panel-first-child panel-last-child\" data-index=\"7\" ><div\n\t\t\t\n\t\t\tclass=\"so-widget-sow-editor so-widget-sow-editor-base\"\n\t\t\t\n\t\t>\n<div class=\"siteorigin-widget-tinymce textwidget\">\n\t<p><strong>Jose<\/strong> er en massasjeterapeut med bred erfaring innen idrettsmassasje, muskelavlastende massasje og avslappende massasje, samt innen gjenoppretting av muskel- og seneskader som forstuinger, muskelkontrakturer osv.<\/p>\n<p>Med over 20 \u00e5rs erfaring, hvorav 5 \u00e5r som restitusjonsmassasjeterapeut for fotballag (C.D. Polop, Villajoyosa CF) (og jeg har ogs\u00e5 samarbeidet med CF Benidorm).<\/p>\n<p>I tillegg til idrettsmassasje, muskelavlastende massasje og avslappende massasje, bruker jeg ogs\u00e5 terapier som:<\/p>\n<ul>\n<li>Akupunktur (spesifikk for muskler, sener og leddb\u00e5nd) (forstuinger, kontrakturer osv.)<\/li>\n<li>Perkusjonsterapi (muskelavslapning og muskeltonus)<\/li>\n<li>Kinesiotape (farget bandasje) (ideell for muskelkontraksjon, senebetennelse osv.)<\/li>\n<\/ul>\n<p>Hvis du \u00f8nsker \u00e5 pr\u00f8ve en massasjeterapi, eller bare vil ha en sports- eller avslappende massasje, kan Jose hjelpe deg.<\/p>\n<\/div>\n<\/div><\/div><\/div><\/div><\/div><div id=\"pg-1836-7\"  class=\"panel-grid panel-no-style\" ><div id=\"pgc-1836-7-0\"  class=\"panel-grid-cell panel-grid-cell-empty\" ><\/div><\/div><\/div>","protected":false},"excerpt":{"rendered":"<p>Kiropraktor Aleksander G. Bjargo D.C. kommer fra en kiropraktorfamilie med b\u00e5de far, onkel og bror som kiropraktorer. Bjargo ble utdannet fra Palmer College of Chiropractic i Davenport, Iowa, USA, med tittelen Doctor of Chiropractic i 1997.\u00a0 Deretter jobbet han 7 \u00e5r i Norge f\u00f8r han i 2004 bestemte seg for [&hellip;]<\/p>\n","protected":false},"author":1,"featured_media":0,"parent":0,"menu_order":0,"comment_status":"closed","ping_status":"closed","template":"","meta":{"footnotes":""},"class_list":["post-1836","page","type-page","status-publish","hentry","post"],"_links":{"self":[{"href":"https:\/\/chiropractorinspain.es\/no\/wp-json\/wp\/v2\/pages\/1836","targetHints":{"allow":["GET"]}}],"collection":[{"href":"https:\/\/chiropractorinspain.es\/no\/wp-json\/wp\/v2\/pages"}],"about":[{"href":"https:\/\/chiropractorinspain.es\/no\/wp-json\/wp\/v2\/types\/page"}],"author":[{"embeddable":true,"href":"https:\/\/chiropractorinspain.es\/no\/wp-json\/wp\/v2\/users\/1"}],"replies":[{"embeddable":true,"href":"https:\/\/chiropractorinspain.es\/no\/wp-json\/wp\/v2\/comments?post=1836"}],"version-history":[{"count":35,"href":"https:\/\/chiropractorinspain.es\/no\/wp-json\/wp\/v2\/pages\/1836\/revisions"}],"predecessor-version":[{"id":4440,"href":"https:\/\/chiropractorinspain.es\/no\/wp-json\/wp\/v2\/pages\/1836\/revisions\/4440"}],"wp:attachment":[{"href":"https:\/\/chiropractorinspain.es\/no\/wp-json\/wp\/v2\/media?parent=1836"}],"curies":[{"name":"wp","href":"https:\/\/api.w.org\/{rel}","templated":true}]}}