{"id":1561,"date":"2020-08-15T14:10:59","date_gmt":"2020-08-15T14:10:59","guid":{"rendered":"https:\/\/chiropractorinspain.es\/advanced-chiropractic-albir\/"},"modified":"2026-01-27T15:51:59","modified_gmt":"2026-01-27T15:51:59","slug":"advanced-chiropractic-albir","status":"publish","type":"page","link":"https:\/\/chiropractorinspain.es\/no\/","title":{"rendered":"Norsk Kiropraktor Albir"},"content":{"rendered":"<div id=\"pl-1561\"  class=\"panel-layout\" ><div id=\"pg-1561-0\"  class=\"panel-grid panel-has-style\" ><div class=\"siteorigin-panels-stretch panel-row-style panel-row-style-for-1561-0\" id=\"video_header\" data-stretch-type=\"full\" ><div id=\"pgc-1561-0-0\"  class=\"panel-grid-cell\" ><div id=\"panel-1561-0-0-0\" class=\"so-panel widget widget_sow-editor panel-first-child panel-last-child\" data-index=\"0\" ><div id=\"home_header-phone\" class=\"panel-widget-style panel-widget-style-for-1561-0-0-0\" ><div\n\t\t\t\n\t\t\tclass=\"so-widget-sow-editor so-widget-sow-editor-base\"\n\t\t\t\n\t\t>\n<div class=\"siteorigin-widget-tinymce textwidget\">\n\t<h2><strong><i class=\"fa fa-phone \" ><\/i> +34 9668 65432<\/strong><\/h2>\n<h2><strong><i class=\"fa fa-whatsapp \" ><\/i> +34 643 229 377<\/strong><\/h2>\n<h2><a href=\"https:\/\/chiropractorinspain.es\/no\/booking\/\" rel=\"noopener\"><strong><i class=\"fa fa-calendar \" ><\/i> Bestill time online<\/strong><\/a><\/h2>\n<\/div>\n<\/div><\/div><\/div><\/div><div id=\"pgc-1561-0-1\"  class=\"panel-grid-cell\" ><div id=\"panel-1561-0-1-0\" class=\"so-panel widget widget_sow-button panel-first-child panel-last-child\" data-index=\"1\" ><div id=\"scroll_down-button\" class=\"panel-widget-style panel-widget-style-for-1561-0-1-0\" ><div\n\t\t\t\n\t\t\tclass=\"so-widget-sow-button so-widget-sow-button-flat-90a84a24490c-1561\"\n\t\t\t\n\t\t><div class=\"ow-button-base ow-button-align-center\"\n>\n\t\t\t<a\n\t\t\t\t\thref=\"#main_content\"\n\t\t\t\t\tclass=\"sowb-button ow-icon-placement-bottom ow-button-hover\" \t>\n\t\t<span>\n\t\t\t<span class=\"sow-icon-ionicons\" data-sow-icon=\"&#xf3d0;\"\n\t\tstyle=\"color: #3e61ab\" \n\t\taria-hidden=\"true\"><\/span>\n\t\t\t\t\t<\/span>\n\t\t\t<\/a>\n\t<\/div>\n<\/div><\/div><\/div><\/div><\/div><\/div><div id=\"pg-1561-1\"  class=\"panel-grid panel-has-style\" ><div class=\"lsow-dark-bg siteorigin-panels-stretch panel-row-style panel-row-style-for-1561-1\" id=\"why-aq\" data-stretch-type=\"full\" ><div id=\"pgc-1561-1-0\"  class=\"panel-grid-cell\" ><div id=\"panel-1561-1-0-0\" class=\"so-panel widget widget_sow-editor panel-first-child\" data-index=\"2\" ><div id=\"why-aq-text\" class=\"panel-widget-style panel-widget-style-for-1561-1-0-0\" ><div\n\t\t\t\n\t\t\tclass=\"so-widget-sow-editor so-widget-sow-editor-base\"\n\t\t\t\n\t\t><h3 class=\"widget-title\">Hvorfor Advanced Chiropractic?<\/h3>\n<div class=\"siteorigin-widget-tinymce textwidget\">\n\t<div class=\"siteorigin-widget-tinymce textwidget\">\n<ul>\n<li style=\"text-align: left;\">Du vil bevege deg fritt og uten smerter<\/li>\n<\/ul>\n<ul style=\"text-align: left;\">\n<li>Du vil komme til roten av problemet<\/li>\n<\/ul>\n<ul style=\"text-align: left;\">\n<li>Du er lei av \u00e5 ta medisiner<\/li>\n<\/ul>\n<ul style=\"text-align: left;\">\n<li>Du s\u00f8ker et alternativ til kirurgi<\/li>\n<\/ul>\n<ul>\n<li style=\"text-align: left;\">Du er klar for en ny tiln\u00e6rming til helse<\/li>\n<\/ul>\n<\/div>\n<\/div>\n<\/div><\/div><\/div><div id=\"panel-1561-1-0-1\" class=\"so-panel widget widget_siteorigin-panels-image panel-last-child\" data-index=\"3\" ><div id=\"why-aq-overlay\" class=\"panel-widget-style panel-widget-style-for-1561-1-0-1\" ><img decoding=\"async\" src=\"\" \/><\/div><\/div><\/div><\/div><\/div><div id=\"pg-1561-2\"  class=\"panel-grid panel-no-style\" ><div id=\"pgc-1561-2-0\"  class=\"panel-grid-cell\" ><div id=\"panel-1561-2-0-0\" class=\"so-panel widget widget_headline-widget panel-first-child\" data-index=\"4\" >\t\t<h1>Hva er kiropraktikk?<\/h1>\n\t\t<div class=\"decoration\"><div class=\"decoration-inside\"><\/div><\/div>\n\t\t<h3><\/h3>\n\t\t<\/div><div id=\"panel-1561-2-0-1\" class=\"so-panel widget widget_sow-video panel-last-child\" data-index=\"5\" ><div\n\t\t\t\n\t\t\tclass=\"so-widget-sow-video so-widget-sow-video-default-c08170c47cfb-1561\"\n\t\t\t\n\t\t>\n<div class=\"sow-video-wrapper\n\">\n\t\t\t<iframe loading=\"lazy\" class=\"wp-embedded-content\" sandbox=\"allow-scripts\" security=\"restricted\" title=\"01 - The Beginners Guide to Chiropractic Video\" src=\"https:\/\/fast.wistia.net\/embed\/iframe\/33g8w3c0s6?dnt=1&enablejsapi=1#?secret=HOd4BD1yK0\" data-secret=\"HOd4BD1yK0\" frameborder=\"0\" scrolling=\"no\" width=\"720\" height=\"405\" allowfullscreen mozallowfullscreen webkitallowfullscreen sandbox=\"allow-scripts allow-same-origin allow-presentation\"><\/iframe>\t<\/div>\n<\/div><\/div><\/div><\/div><div id=\"pg-1561-3\"  class=\"panel-grid panel-has-style\" ><div class=\"siteorigin-panels-stretch panel-row-style panel-row-style-for-1561-3\" id=\"google-row\" data-stretch-type=\"full-width-stretch\" ><div id=\"pgc-1561-3-0\"  class=\"panel-grid-cell\" ><div id=\"panel-1561-3-0-0\" class=\"so-panel widget widget_sow-image panel-first-child panel-last-child\" data-index=\"6\" ><div\n\t\t\t\n\t\t\tclass=\"so-widget-sow-image so-widget-sow-image-default-e4c2d9f6c920-1561\"\n\t\t\t\n\t\t>\n<div class=\"sow-image-container\">\n\t\t<img \n\tsrc=\"https:\/\/chiropractorinspain.es\/wp-content\/uploads\/2021\/12\/iu-e1639076348210.png\" width=\"512\" height=\"512\" sizes=\"(max-width: 512px) 100vw, 512px\" title=\"iu\" alt=\"Google reviews logo\" \t\tclass=\"so-widget-image\"\/>\n\t<\/div>\n\n<\/div><\/div><\/div><div id=\"pgc-1561-3-1\"  class=\"panel-grid-cell\" ><div id=\"panel-1561-3-1-0\" class=\"so-panel widget widget_sow-button panel-first-child panel-last-child\" data-index=\"7\" ><div class=\"main-button panel-widget-style panel-widget-style-for-1561-3-1-0\" id=\"google_review_button\" ><div\n\t\t\t\n\t\t\tclass=\"so-widget-sow-button so-widget-sow-button-atom-180bde15d735-1561\"\n\t\t\t\n\t\t><div class=\"ow-button-base ow-button-align-left\"\n>\n\t\t\t<a href=\"https:\/\/www.google.com\/search?client=safari&#038;sca_esv=a24eb7beebb63ee4&#038;rls=en&#038;tbm=lcl&#038;q=Advanced+Chiropractic\/Quiropr%C3%A1ctica+Avanzada+Reviews&#038;rflfq=1&#038;num=20&#038;stick=H4sIAAAAAAAAAONgkxK2NDYwMzE1N7cwMLYwNTcxtrQ03cDI-IrR1DGlLDEvOTVFwTkjsyi_oCgxuSQzWT-wFMw5vBDES1RwBKqpSkxJVAhKLctMLS9exEqePgD2qRhKigAAAA&#038;rldimm=9306457780385743995&#038;hl=en-ES&#038;sa=X&#038;ved=2ahUKEwjpmN3P8-uMAxVyhv0HHbWpJQUQ9fQKegQITBAF&#038;biw=1512&#038;bih=799&#038;dpr=2#lkt=LocalPoiReviews\" class=\"sowb-button ow-icon-placement-left ow-button-hover\" target=\"_blank\" rel=\"noopener\">\n\t\t<span>\n\t\t\t\n\t\t\tLes vurderinger p\u00e5 Google\t\t<\/span>\n\t\t\t<\/a>\n\t<\/div>\n<\/div><\/div><\/div><\/div><\/div><\/div><div id=\"pg-1561-4\"  class=\"panel-grid panel-has-style\" ><div id=\"the_big_idea\" class=\"panel-row-style panel-row-style-for-1561-4\" ><div id=\"pgc-1561-4-0\"  class=\"panel-grid-cell\" ><div id=\"panel-1561-4-0-0\" class=\"so-panel widget widget_sow-editor panel-first-child panel-last-child\" data-index=\"8\" ><div id=\"big-idea\" class=\"panel-widget-style panel-widget-style-for-1561-4-0-0\" ><div\n\t\t\t\n\t\t\tclass=\"so-widget-sow-editor so-widget-sow-editor-base\"\n\t\t\t\n\t\t><h3 class=\"widget-title\">Kort om kiropraktikk<\/h3>\n<div class=\"siteorigin-widget-tinymce textwidget\">\n\t<div class=\"siteorigin-widget-tinymce textwidget\">\n<p><img loading=\"lazy\" decoding=\"async\" class=\"quotes-sign alignleft wp-image-1091 size-thumbnail\" src=\"https:\/\/chiropractorinspain.es\/wp-content\/uploads\/2020\/08\/quotes-150x150.png\" alt=\"\" width=\"150\" height=\"150\" srcset=\"https:\/\/chiropractorinspain.es\/wp-content\/uploads\/2020\/08\/quotes-150x150.png 150w, https:\/\/chiropractorinspain.es\/wp-content\/uploads\/2020\/08\/quotes-300x300.png 300w, https:\/\/chiropractorinspain.es\/wp-content\/uploads\/2020\/08\/quotes-120x120.png 120w, https:\/\/chiropractorinspain.es\/wp-content\/uploads\/2020\/08\/quotes.png 512w\" sizes=\"auto, (max-width: 150px) 100vw, 150px\" \/><\/p>\n<p style=\"text-align: center;\">Folk flest forbinder kiropraktikk\u00a0med ulike grep som korrigerer l\u00e5sninger i ryggs\u00f8ylen slik at man f\u00e5r bedre bevegelighet og mindre smerter. Selv om muskel- og skjelettlidelser utgj\u00f8r en stor andel av v\u00e5r pasientmasse s\u00e5 handler kiropraktikk om mye mer enn kun behandling av smerter<\/p>\n<p style=\"text-align: center;\"><strong>Kiropraktikk<\/strong> er en \u00e5rsaksrettet behandling hvor m\u00e5let er \u00e5 normalisere funksjonen i skjelett-, muskel- og nervesystemet, og dermed hjelpe kroppen til \u00e5 gjenvinne sin likevektsregulering slik at den t\u00e5ler bedre en travel hverdag med stress og p\u00e5kjenninger.<\/p>\n<p style=\"text-align: center;\">Nervesystemet styrer alle organer og funksjoner i kroppen, slik som mage- og tarmsystemet, hjerte- og karsystemet, immunforsvaret og hormonproduserende kjertler.\u00a0Fra ryggmargen og ut mellom hver virvel i ryggs\u00f8ylen g\u00e5r nervetr\u00e5dene ut i alle organer, muskler og ledd.<\/p>\n<p style=\"text-align: center;\">I tillegg er det nerveforbindelser i leddene som hele tiden informerer hjernen om leddenes bevegelse. Denne informasjonen er sv\u00e6rt viktig. Feilfunskjoner i ryggs\u00f8ylen kan forstyrre str\u00f8mmen av nervesignaler til hjernen, noe som igjen kan p\u00e5virke mange andre hjerne- og kroppsfunksjoner.<\/p>\n<p style=\"text-align: center;\">Kiropraktikk hindrer av den grunn ikke bare risikoen for slitasjegikt og leddsmerter, men virker positivt inn p\u00e5 den generelle helsetilstanden. For mange kan det v\u00e6re nettopp det elementet som mangler for \u00e5 bli helt frisk.<\/p>\n<\/div>\n<\/div>\n<\/div><\/div><\/div><\/div><div id=\"pgc-1561-4-1\"  class=\"panel-grid-cell\" ><div id=\"panel-1561-4-1-0\" class=\"so-panel widget widget_media_image panel-first-child panel-last-child\" data-index=\"9\" ><div id=\"img-palmer\" class=\"panel-widget-style panel-widget-style-for-1561-4-1-0\" ><div style=\"width: 260px\" class=\"wp-caption alignnone\"><img loading=\"lazy\" decoding=\"async\" width=\"250\" height=\"316\" src=\"https:\/\/chiropractorinspain.es\/wp-content\/uploads\/2021\/09\/B.J.-Palmer-norsk.gif\" class=\"image wp-image-3637  attachment-full size-full\" alt=\"kiropraktor\" style=\"max-width: 100%; height: auto;\" \/><p class=\"wp-caption-text\">B.J. Palmer - Utvikler innen kiropraktikk 1882-1961<\/p><\/div><\/div><\/div><\/div><\/div><\/div><\/div>","protected":false},"excerpt":{"rendered":"<p>+34 9668 65432 +34 643 229 377 Bestill time online Du vil bevege deg fritt og uten smerter Du vil komme til roten av problemet Du er lei av \u00e5 ta medisiner Du s\u00f8ker et alternativ til kirurgi Du er klar for en ny tiln\u00e6rming til helse<\/p>\n","protected":false},"author":1,"featured_media":2570,"parent":0,"menu_order":0,"comment_status":"closed","ping_status":"closed","template":"home-panels.php","meta":{"footnotes":""},"class_list":["post-1561","page","type-page","status-publish","has-post-thumbnail","hentry","post","post-with-thumbnail","post-with-thumbnail-large"],"_links":{"self":[{"href":"https:\/\/chiropractorinspain.es\/no\/wp-json\/wp\/v2\/pages\/1561","targetHints":{"allow":["GET"]}}],"collection":[{"href":"https:\/\/chiropractorinspain.es\/no\/wp-json\/wp\/v2\/pages"}],"about":[{"href":"https:\/\/chiropractorinspain.es\/no\/wp-json\/wp\/v2\/types\/page"}],"author":[{"embeddable":true,"href":"https:\/\/chiropractorinspain.es\/no\/wp-json\/wp\/v2\/users\/1"}],"replies":[{"embeddable":true,"href":"https:\/\/chiropractorinspain.es\/no\/wp-json\/wp\/v2\/comments?post=1561"}],"version-history":[{"count":123,"href":"https:\/\/chiropractorinspain.es\/no\/wp-json\/wp\/v2\/pages\/1561\/revisions"}],"predecessor-version":[{"id":2991,"href":"https:\/\/chiropractorinspain.es\/no\/wp-json\/wp\/v2\/pages\/1561\/revisions\/2991"}],"wp:featuredmedia":[{"embeddable":true,"href":"https:\/\/chiropractorinspain.es\/no\/wp-json\/wp\/v2\/media\/2570"}],"wp:attachment":[{"href":"https:\/\/chiropractorinspain.es\/no\/wp-json\/wp\/v2\/media?parent=1561"}],"curies":[{"name":"wp","href":"https:\/\/api.w.org\/{rel}","templated":true}]}}