{"id":4461,"date":"2025-06-30T16:18:35","date_gmt":"2025-06-30T16:18:35","guid":{"rendered":"https:\/\/chiropractorinspain.es\/booking\/"},"modified":"2026-01-28T17:52:33","modified_gmt":"2026-01-28T17:52:33","slug":"booking","status":"publish","type":"page","link":"https:\/\/chiropractorinspain.es\/es\/booking\/","title":{"rendered":"Reserva su cita"},"content":{"rendered":"\n<div class=\"wp-block-columns booking-info is-layout-flex wp-container-core-columns-is-layout-9d6595d7 wp-block-columns-is-layout-flex\">\n<div class=\"wp-block-column is-layout-flow wp-block-column-is-layout-flow\">\n<p style=\"font-size:18px\">Si usted ya est\u00e1 registrado en nuestro sistema, le recomendamos <strong>descargar la aplicaci\u00f3n para pacientes<\/strong> para <a href=\"https:\/\/apps.apple.com\/no\/app\/practicehub\/id6444569098\" target=\"_blank\" rel=\"noreferrer noopener\"><mark style=\"background-color:rgba(0, 0, 0, 0)\" class=\"has-inline-color has-vivid-cyan-blue-color\"><strong>iPhone<\/strong><\/mark><\/a> o <a href=\"https:\/\/play.google.com\/store\/apps\/details?id=com.practicehub.patient&amp;hl=en\" target=\"_blank\" rel=\"noreferrer noopener\"><mark style=\"background-color:rgba(0, 0, 0, 0)\" class=\"has-inline-color has-vivid-cyan-blue-color\"><strong>Android<\/strong><\/mark><\/a>. La aplicaci\u00f3n le resultar\u00e1 f\u00e1cil de usar y m\u00e1s c\u00f3modo para visualizar y gestionar sus reservas.<\/p>\n\n\n\n<ol class=\"wp-block-list\">\n<li>Descargue y instale la aplicaci\u00f3n que corresponda a su dispositivo a trav\u00e9s de los enlaces de arriba.<\/li>\n\n\n\n<li>Abra la aplicaci\u00f3n. Cambie el idioma a espa\u00f1ol en la parte inferior de la pantalla.<\/li>\n\n\n\n<li>Introduzca el c\u00f3digo de acceso: <strong>OAZWKJLZ<\/strong> y pulse <strong>Siguiente<\/strong>.<\/li>\n\n\n\n<li>Pulse <strong>Inscribirse<\/strong>, introduce su correo electr\u00f3nico y la contrase\u00f1a que prefiera y pulse el bot\u00f3n <strong>Acceso<\/strong>.<br><strong>\u00a1Importante: Use el mismo correo electr\u00f3nico que al registrarse como paciente la primera vez!<\/strong><\/li>\n\n\n\n<li style=\"font-size:18px\">Recibir\u00e1 un correo electr\u00f3nico de confirmaci\u00f3n con un enlace. Pulse el enlace para confirmar su correo electr\u00f3nico.<\/li>\n\n\n\n<li style=\"font-size:18px\">Vuelva a la app para pacientes e inicia sesi\u00f3n con sus credenciales.<\/li>\n\n\n\n<li style=\"font-size:18px\">Pulse el bot\u00f3n <strong>+<\/strong> para reservar su cita.<\/li>\n<\/ol>\n\n\n\n<p style=\"font-size:18px\"><strong>\u00a1Importante!<\/strong> Sin embargo, si decide reservar a trav\u00e9s de este sitio, aseg\u00farese de introducir correctamente su <strong>Nombre<\/strong>, <strong>Apellido<\/strong>, <strong>Correo electr\u00f3nico<\/strong> y <strong>N\u00famero de tel\u00e9fono<\/strong>. <strong>Introduzca exactamente los mismos datos que al registrarse la primera vez.<\/strong><\/p>\n\n\n\n<p style=\"font-size:18px\">Si tienes alguna pregunta, no dudes en <a href=\"https:\/\/chiropractorinspain.es\/es\/contacto\/\" data-type=\"page\" data-id=\"2343\"><strong>contactarnos<\/strong><\/a>. \u00a1Gracias!<\/p>\n<\/div>\n<\/div>\n\n\n\n<!-- Booking Widget -->\n<div id=\"ph_online_bookings_widget\"><\/div>\n\n<!-- Configuration Script -->\n<script>\n  window.BookingTrackerConfig = {\n    domain: \"quiropracticaavanzada.neptune.practicehub.io\",\n    locale: \"es\"\n  };\n\n  const phob_embed_version = ~~(Date.now()\/3600000);\n  const phob_embed_script = document.createElement('script');\n  phob_embed_script.id = 'ph-embed';\n  phob_embed_script.setAttribute('data-ph-embed', '');\n  phob_embed_script.type = 'text\/javascript';\n  phob_embed_script.src = `https:\/\/quiropracticaavanzada.neptune.practicehub.io\/assets\/js\/booking-form-embed.js?v=${phob_embed_version}`;\n  document.currentScript.parentNode.insertBefore(phob_embed_script, document.currentScript.nextSibling);\n<\/script>\n","protected":false},"excerpt":{"rendered":"<p>Si usted ya est\u00e1 registrado en nuestro sistema, le recomendamos descargar la aplicaci\u00f3n para pacientes para iPhone o Android. La aplicaci\u00f3n le resultar\u00e1 f\u00e1cil de usar y m\u00e1s c\u00f3modo para visualizar y gestionar sus reservas. \u00a1Importante! Sin embargo, si decide reservar a trav\u00e9s de este sitio, aseg\u00farese de introducir correctamente [&hellip;]<\/p>\n","protected":false},"author":1,"featured_media":0,"parent":0,"menu_order":0,"comment_status":"closed","ping_status":"closed","template":"","meta":{"footnotes":""},"class_list":["post-4461","page","type-page","status-publish","hentry","post"],"_links":{"self":[{"href":"https:\/\/chiropractorinspain.es\/es\/wp-json\/wp\/v2\/pages\/4461","targetHints":{"allow":["GET"]}}],"collection":[{"href":"https:\/\/chiropractorinspain.es\/es\/wp-json\/wp\/v2\/pages"}],"about":[{"href":"https:\/\/chiropractorinspain.es\/es\/wp-json\/wp\/v2\/types\/page"}],"author":[{"embeddable":true,"href":"https:\/\/chiropractorinspain.es\/es\/wp-json\/wp\/v2\/users\/1"}],"replies":[{"embeddable":true,"href":"https:\/\/chiropractorinspain.es\/es\/wp-json\/wp\/v2\/comments?post=4461"}],"version-history":[{"count":23,"href":"https:\/\/chiropractorinspain.es\/es\/wp-json\/wp\/v2\/pages\/4461\/revisions"}],"predecessor-version":[{"id":4664,"href":"https:\/\/chiropractorinspain.es\/es\/wp-json\/wp\/v2\/pages\/4461\/revisions\/4664"}],"wp:attachment":[{"href":"https:\/\/chiropractorinspain.es\/es\/wp-json\/wp\/v2\/media?parent=4461"}],"curies":[{"name":"wp","href":"https:\/\/api.w.org\/{rel}","templated":true}]}}