{"id":2856,"date":"2020-10-21T12:52:09","date_gmt":"2020-10-21T12:52:09","guid":{"rendered":"https:\/\/chiropractorinspain.es\/terms-of-use\/"},"modified":"2020-10-28T14:44:46","modified_gmt":"2020-10-28T14:44:46","slug":"terms-of-use","status":"publish","type":"page","link":"https:\/\/chiropractorinspain.es\/es\/terms-of-use\/","title":{"rendered":"T\u00e9rminos de servicio"},"content":{"rendered":"<div id=\"pl-gb2856-69d0c8f4e746e\"  class=\"panel-layout\" ><div id=\"pg-gb2856-69d0c8f4e746e-0\"  class=\"panel-grid panel-no-style\" ><div id=\"pgc-gb2856-69d0c8f4e746e-0-0\"  class=\"panel-grid-cell\" ><div id=\"panel-gb2856-69d0c8f4e746e-0-0-0\" class=\"so-panel widget widget_text panel-first-child panel-last-child\" data-index=\"0\" >\t\t\t<div class=\"textwidget\"><h4>INTRODUCCION<\/h4>\n<p>Este sitio web es operado por COSTABLANCA CHIROPRACTIC CENTER SL. En todo el sitio, los t\u00e9rminos \u00abnosotros\u00bb, \u00abnos\u00bb y \u00abnuestro\u00bb se refieren a COSTABLANCA CHIROPRACTIC CENTER SL. COSTABLANCA CHIROPRACTIC CENTER SL ofrece este sitio web, que incluye toda la informaci\u00f3n, herramientas y servicios disponibles en este sitio para usted, el usuario, condicionado a su aceptaci\u00f3n de todos los t\u00e9rminos, condiciones, pol\u00edticas y avisos aqu\u00ed establecidos. Al visitar nuestro sitio y \/ o comprar algo de nosotros, usted participa en nuestro \u00abServicio\u00bb y acepta estar sujeto a los siguientes t\u00e9rminos y condiciones (\u00abT\u00e9rminos de servicio\u00bb, \u00abT\u00e9rminos\u00bb), incluidos los t\u00e9rminos y condiciones y pol\u00edticas adicionales referenciado aqu\u00ed y \/ o disponible por hiperv\u00ednculo. Estos T\u00e9rminos de servicio se aplican a todos los usuarios del sitio, incluidos, entre otros, los usuarios que son navegadores, proveedores, clientes, comerciantes y \/ o contribuyentes de contenido. Lea estos T\u00e9rminos de servicio detenidamente antes de acceder o utilizar nuestro sitio web. Al acceder o utilizar cualquier parte del sitio, usted acepta estar sujeto a estos T\u00e9rminos de Servicio. Si no est\u00e1 de acuerdo con todos los t\u00e9rminos y condiciones de este acuerdo, no podr\u00e1 acceder al sitio web ni utilizar ning\u00fan servicio. Si estos T\u00e9rminos de servicio se consideran una oferta, la aceptaci\u00f3n se limita expresamente a estos T\u00e9rminos de servicio. Cualquier caracter\u00edstica o herramienta nueva que se agregue a la tienda actual tambi\u00e9n estar\u00e1 sujeta a los T\u00e9rminos de servicio. Puede revisar la versi\u00f3n m\u00e1s reciente de los T\u00e9rminos de servicio en cualquier momento en esta p\u00e1gina. Nos reservamos el derecho de actualizar, cambiar o reemplazar cualquier parte de estos T\u00e9rminos de servicio mediante la publicaci\u00f3n de actualizaciones y \/ o cambios en nuestro sitio web. Es su responsabilidad revisar esta p\u00e1gina peri\u00f3dicamente para ver los cambios. Su uso continuo o acceso al sitio web despu\u00e9s de la publicaci\u00f3n de cualquier cambio constituye la aceptaci\u00f3n de dichos cambios.<\/p>\n<h4>CONDICIONES GENERALES<\/h4>\n<p>Nos reservamos el derecho de rechazar el servicio a cualquier persona por cualquier motivo en cualquier momento. Usted comprende que su contenido (sin incluir la informaci\u00f3n de la tarjeta de cr\u00e9dito) puede transferirse sin cifrar e implicar (a) transmisiones a trav\u00e9s de varias redes; y (b) cambios para cumplir y adaptarse a los requisitos t\u00e9cnicos de conexi\u00f3n de redes o dispositivos. La informaci\u00f3n de la tarjeta de cr\u00e9dito siempre se cifra durante la transferencia a trav\u00e9s de redes. Usted acepta no reproducir, duplicar, copiar, vender, revender o explotar ninguna parte del Servicio, el uso del Servicio o el acceso al Servicio o cualquier contacto en el sitio web a trav\u00e9s del cual se presta el servicio, sin nuestro permiso expreso por escrito. . Los t\u00edtulos utilizados en este acuerdo se incluyen solo por conveniencia y no limitar\u00e1n ni afectar\u00e1n estos T\u00e9rminos.<\/p>\n<p>&nbsp;<\/p>\n<h4>3. Exactitud, integridad y puntualidad de la informaci\u00f3n<\/h4>\n<p>No somos responsables si la informaci\u00f3n disponible en este sitio no es precisa, completa o actual. El material en este sitio se proporciona solo para informaci\u00f3n general y no se debe confiar en \u00e9l ni utilizarlo como la \u00fanica base para tomar decisiones sin consultar fuentes de informaci\u00f3n primarias, m\u00e1s precisas, m\u00e1s completas o m\u00e1s oportunas. Cualquier dependencia del material en este sitio es bajo su propio riesgo. Este sitio puede contener cierta informaci\u00f3n hist\u00f3rica. La informaci\u00f3n hist\u00f3rica, necesariamente, no es actual y se proporciona solo para su referencia. Nos reservamos el derecho de modificar el contenido de este sitio en cualquier momento, pero no tenemos la obligaci\u00f3n de actualizar ninguna informaci\u00f3n en nuestro sitio. Usted acepta que es su responsabilidad monitorear los cambios en nuestro sitio.<\/p>\n<p>&nbsp;<\/p>\n<h4>MODIFICACIONES DE SERVICIOS Y PRECIOS<\/h4>\n<p>Los precios de nuestros productos y servicios est\u00e1n sujetos a cambios sin previo aviso. Nos reservamos el derecho en cualquier momento de modificar o descontinuar el Servicio (o cualquier parte o contenido del mismo) sin previo aviso en cualquier momento. No seremos responsables ante usted ni ante ning\u00fan tercero por cualquier modificaci\u00f3n, cambio de precio, suspensi\u00f3n o interrupci\u00f3n del Servicio.<\/p>\n<p>&nbsp;<\/p>\n<h4>PRODUCTOS Y SERVICIOS<\/h4>\n<p>Ciertos productos o servicios pueden estar disponibles exclusivamente en l\u00ednea a trav\u00e9s del sitio web. Estos productos o servicios pueden tener cantidades limitadas. Hemos hecho todo lo posible para mostrar con la mayor precisi\u00f3n posible los colores e im\u00e1genes de nuestros productos que aparecen en la tienda. No podemos garantizar que la pantalla de cualquier color en el monitor de su computadora sea precisa. Nos reservamos el derecho, pero no estamos obligados, de limitar las ventas de nuestros productos o servicios a cualquier persona, regi\u00f3n geogr\u00e1fica o jurisdicci\u00f3n. Podemos ejercer este derecho caso por caso. Nos reservamos el derecho de limitar las cantidades de cualquier producto o servicio que ofrecemos. Todas las descripciones de productos o precios de los productos est\u00e1n sujetas a cambios en cualquier momento sin previo aviso, a nuestro exclusivo criterio. Nos reservamos el derecho de descontinuar cualquier producto en cualquier momento. Cualquier oferta para cualquier producto o servicio realizado en este sitio es nula donde est\u00e9 prohibida. No garantizamos que la calidad de los productos, servicios, informaci\u00f3n u otro material comprado u obtenido por usted cumpla con sus expectativas, o que se corrija cualquier error en el Servicio.<\/p>\n<p>&nbsp;<\/p>\n<h4>EXACTITUD DE LA INFORMACI\u00d3N DE FACTURACI\u00d3N Y CUENTA<\/h4>\n<p>Nos reservamos el derecho de rechazar cualquier pedido que realice con nosotros. Podemos, a nuestro exclusivo criterio, limitar o cancelar las cantidades compradas por persona, por hogar o por pedido. Estas restricciones pueden incluir pedidos realizados por o bajo la misma cuenta de cliente, la misma tarjeta de cr\u00e9dito y \/ o pedidos que utilizan la misma direcci\u00f3n de facturaci\u00f3n y \/ o env\u00edo. En el caso de que hagamos un cambio o cancelemos un pedido, podemos intentar notificarlo contactando el correo electr\u00f3nico y \/ o la direcci\u00f3n de facturaci\u00f3n \/ n\u00famero de tel\u00e9fono proporcionado en el momento en que se realiz\u00f3 el pedido. Nos reservamos el derecho de limitar o prohibir pedidos que, a nuestro exclusivo criterio, parecen ser realizados por distribuidores, revendedores o distribuidores. Usted acepta proporcionar informaci\u00f3n de compra y cuenta actual, completa y precisa para todas las compras realizadas en nuestra tienda. Usted acepta actualizar r\u00e1pidamente su cuenta y otra informaci\u00f3n, incluida su direcci\u00f3n de correo electr\u00f3nico y n\u00fameros de tarjeta de cr\u00e9dito y fechas de vencimiento, para que podamos completar sus transacciones y contactarlo seg\u00fan sea necesario.<\/p>\n<p>&nbsp;<\/p>\n<h4>HERRAMIENTAS OPCIONALES<\/h4>\n<p>Podemos proporcionarle acceso a herramientas de terceros sobre las cuales no supervisamos ni tenemos control ni aportes. Usted reconoce y acepta que proporcionamos acceso a tales herramientas \u00abtal cual\u00bb y \u00abseg\u00fan est\u00e9 disponible\u00bb sin garant\u00edas, representaciones o condiciones de ning\u00fan tipo y sin ning\u00fan tipo de respaldo. No tendremos ninguna responsabilidad derivada o relacionada con su uso de herramientas de terceros opcionales. Cualquier uso que usted haga de las herramientas opcionales ofrecidas a trav\u00e9s del sitio es bajo su propio riesgo y discreci\u00f3n, y debe asegurarse de estar familiarizado y aprobar los t\u00e9rminos en los que las herramientas son proporcionadas por los proveedores externos relevantes. Tambi\u00e9n podemos, en el futuro, ofrecer nuevos servicios y \/ o caracter\u00edsticas a trav\u00e9s del sitio web (incluido el lanzamiento de nuevas herramientas y recursos). Tales nuevas caracter\u00edsticas y \/ o servicios tambi\u00e9n estar\u00e1n sujetos a estos T\u00e9rminos de Servicio.<\/p>\n<p>&nbsp;<\/p>\n<h4>ENLACES DE TERCEROS<\/h4>\n<p>Ciertos contenidos, productos y servicios disponibles a trav\u00e9s de nuestro Servicio pueden incluir materiales de terceros. Los enlaces de terceros en este sitio pueden dirigirlo a sitios web de terceros que no est\u00e1n afiliados a nosotros. No somos responsables de examinar o evaluar el contenido o la precisi\u00f3n y no garantizamos ni tendremos ninguna responsabilidad por los materiales o sitios web de terceros, ni por ning\u00fan otro material, producto o servicio de terceros. No somos responsables de ning\u00fan da\u00f1o o perjuicio relacionado con la compra o el uso de bienes, servicios, recursos, contenido o cualquier otra transacci\u00f3n realizada en relaci\u00f3n con sitios web de terceros. Revise cuidadosamente las pol\u00edticas y pr\u00e1cticas de terceros y aseg\u00farese de comprenderlas antes de realizar cualquier transacci\u00f3n. Las quejas, reclamos, inquietudes o preguntas relacionadas con productos de terceros deben dirigirse a terceros.<\/p>\n<p>&nbsp;<\/p>\n<h4>COMENTARIOS DEL USUARIO, COMENTARIOS Y OTRAS COMUNICACIONES<\/h4>\n<p>Si, a petici\u00f3n nuestra, usted env\u00eda ciertas presentaciones espec\u00edficas (por ejemplo, participaciones en concursos) o sin una solicitud de nuestra parte, env\u00eda ideas creativas, sugerencias, propuestas, planes u otros materiales, ya sea en l\u00ednea, por correo electr\u00f3nico, por correo postal o de otra manera (colectivamente, \u00abcomentarios\u00bb), usted acepta que podemos, en cualquier momento, sin restricciones, editar, copiar, publicar, distribuir, traducir y de otra manera utilizar en cualquier medio cualquier comentario que nos env\u00ede. No tenemos ni estaremos obligados (1) a mantener ning\u00fan comentario confidencial; (2) pagar una compensaci\u00f3n por cualquier comentario; o (3) para responder a cualquier comentario. Podemos, pero no tenemos la obligaci\u00f3n de monitorear, editar o eliminar contenido que, a nuestro exclusivo criterio, determinemos que es ilegal, ofensivo, amenazante, calumnioso, difamatorio, pornogr\u00e1fico, obsceno u objetable, o que viola la propiedad intelectual de cualquier parte o estos T\u00e9rminos de servicio . Usted acepta que sus comentarios no violar\u00e1n ning\u00fan derecho de terceros, incluidos los derechos de autor, marca registrada, privacidad, personalidad u otro derecho personal o de propiedad. Adem\u00e1s, acepta que sus comentarios no contendr\u00e1n material difamatorio o ilegal, abusivo u obsceno, ni contendr\u00e1n ning\u00fan virus inform\u00e1tico u otro malware que pueda afectar de alguna manera el funcionamiento del Servicio o cualquier sitio web relacionado. No puede utilizar una direcci\u00f3n de correo electr\u00f3nico falsa, pretender ser otra persona que no sea usted mismo, o enga\u00f1arnos a nosotros o a terceros en cuanto al origen de cualquier comentario. Usted es el \u00fanico responsable de cualquier comentario que haga y de su precisi\u00f3n. No asumimos ninguna responsabilidad ni asumimos ninguna responsabilidad por los comentarios publicados por usted o cualquier tercero.<\/p>\n<p>&nbsp;<\/p>\n<h4>INFORMACION PERSONAL<\/h4>\n<p>Su env\u00edo de informaci\u00f3n personal a trav\u00e9s del sitio y la tienda se rige por nuestro\u00a0<a href=\"https:\/\/chiropractorinspain.es\/es\/privacidad\">Politica de Privacidad<\/a>.<\/p>\n<p>&nbsp;<\/p>\n<h4>ERRORS, INACCURACIES AND OMISSIONS<\/h4>\n<p>Occasionally there may be information on our site or in the Service that contains typographical errors, inaccuracies or omissions that may relate to product descriptions, pricing, promotions, offers, product shipping charges, transit times and availability. We reserve the right to correct any errors, inaccuracies or omissions, and to change or update information or cancel orders if any information in the Service or on any related website is inaccurate at any time without prior notice (including after you have submitted your order). We undertake no obligation to update, amend or clarify information in the Service or on any related website, including without limitation, pricing information, except as required by law. No specified update or refresh date applied in the Service or on any related website, should be taken to indicate that all information in the Service or on any related website has been modified or updated.<\/p>\n<h4>USOS PROHIBIDOS<\/h4>\n<p>Adem\u00e1s de otras prohibiciones establecidas en los T\u00e9rminos de servicio, tiene prohibido usar el sitio o su contenido: (a) para cualquier prop\u00f3sito ilegal; (b) solicitar a otros que realicen o participen en actos ilegales; (c) violar cualquier regulaci\u00f3n, norma, ley u ordenanza local internacional, federal, provincial o estatal; (d) infringir o violar nuestros derechos de propiedad intelectual o los derechos de propiedad intelectual de terceros; (e) acosar, abusar, insultar, da\u00f1ar, difamar, calumniar, menospreciar, intimidar o discriminar por motivos de g\u00e9nero, orientaci\u00f3n sexual, religi\u00f3n, origen \u00e9tnico, raza, edad, origen nacional o discapacidad; (f) presentar informaci\u00f3n falsa o enga\u00f1osa; (g) para cargar o transmitir virus o cualquier otro tipo de c\u00f3digo malicioso que se utilizar\u00e1 o podr\u00e1 utilizarse de cualquier manera que afecte la funcionalidad u operaci\u00f3n del Servicio o de cualquier sitio web relacionado, otros sitios web o Internet; (h) para recopilar o rastrear la informaci\u00f3n personal de otros; (i) a spam, phishing, pharm, pretexto, ara\u00f1a, rastreo o raspado; (j) para cualquier prop\u00f3sito obsceno o inmoral; o (k) interferir o eludir las caracter\u00edsticas de seguridad del Servicio o de cualquier sitio web relacionado, otros sitios web o Internet. Nos reservamos el derecho de terminar su uso del Servicio o cualquier sitio web relacionado por violar cualquiera de los usos prohibidos.<\/p>\n<p>&nbsp;<\/p>\n<h4>DESCARGO DE RESPONSABILIDAD DE GARANT\u00cdAS; LIMITACI\u00d3N DE RESPONSABILIDAD<\/h4>\n<p>No garantizamos, representamos ni garantizamos que su uso de nuestro servicio ser\u00e1 ininterrumpido, oportuno, seguro o libre de errores. No garantizamos que los resultados que se puedan obtener del uso del servicio sean precisos o confiables. Usted acepta que de vez en cuando podemos eliminar el servicio por per\u00edodos indefinidos o cancelar el servicio en cualquier momento, sin previo aviso. Usted acepta expresamente que el uso o la imposibilidad de usar el servicio es bajo su propio riesgo. El servicio y todos los productos y servicios entregados a usted a trav\u00e9s del servicio se proporcionan (excepto seg\u00fan lo expresamente indicado por nosotros) \u00abtal cual\u00bb y \u00abseg\u00fan est\u00e9 disponible\u00bb para su uso, sin ninguna representaci\u00f3n, garant\u00eda o condici\u00f3n de ning\u00fan tipo, ya sea expresa o impl\u00edcito, incluidas todas las garant\u00edas impl\u00edcitas o condiciones de comerciabilidad, calidad comercializable, idoneidad para un prop\u00f3sito particular, durabilidad, t\u00edtulo y no infracci\u00f3n. En ning\u00fan caso COSTABLANCA CHIROPRACTIC CENTER SL, nuestros accionistas, directores, funcionarios, empleados, afiliados, agentes, contratistas, pasantes, proveedores, proveedores de servicios o licenciantes ser\u00e1n responsables de cualquier lesi\u00f3n, p\u00e9rdida, reclamo o cualquier incidente directo, indirecto, incidental, da\u00f1os punitivos, especiales o consecuentes de cualquier tipo, incluidos, entre otros, p\u00e9rdida de ganancias, p\u00e9rdida de ingresos, p\u00e9rdida de ahorros, p\u00e9rdida de datos, costos de reemplazo o cualquier da\u00f1o similar, ya sea por contrato, agravio (incluida negligencia), responsabilidad estricta o de lo contrario, como resultado de su uso de cualquiera de los servicios o productos adquiridos mediante el servicio, o por cualquier otro reclamo relacionado de alguna manera con su uso del servicio o cualquier producto, incluidos, entre otros, cualquier error u omisi\u00f3n en cualquier contenido, o cualquier p\u00e9rdida o da\u00f1o de cualquier tipo incurrido como resultado del uso del servicio o cualquier contenido (o producto) publicado, transmitido o puesto a disposici\u00f3n a trav\u00e9s del servicio, incluso si se le informa de su posibilidad. Debido a que algunos estados o jurisdicciones no permiten la exclusi\u00f3n o la limitaci\u00f3n de responsabilidad por da\u00f1os consecuentes o incidentales, en dichos estados o jurisdicciones, nuestra responsabilidad se limitar\u00e1 en la medida m\u00e1xima permitida por la ley.<\/p>\n<p>&nbsp;<\/p>\n<h4>INDEMNIZACI\u00d3N<\/h4>\n<p>Usted acepta indemnizar, defender y eximir de responsabilidad a COSTABLANCA CHIROPRACTIC CENTER SL y a nuestros padres, accionistas, subsidiarias, afiliados, socios, funcionarios, directores, agentes, contratistas, otorgantes de licencias, proveedores de servicios, subcontratistas, proveedores, pasantes y empleados, indemnes de cualquier reclamo o exigir, incluidos los honorarios razonables de abogados, realizados por un tercero debido a su incumplimiento de estos T\u00e9rminos de servicio o los documentos que incorporan por referencia, o su violaci\u00f3n de cualquier ley o los derechos de un tercero.<\/p>\n<p>&nbsp;<\/p>\n<h4>DIVISIBILIDAD<\/h4>\n<p>En el caso de que se determine que alguna disposici\u00f3n de estos T\u00e9rminos de servicio es ilegal, nula o inaplicable, dicha disposici\u00f3n ser\u00e1 ejecutable en la mayor medida permitida por la ley aplicable, y la parte no ejecutable se considerar\u00e1 separada de estos T\u00e9rminos de Servicio, dicha determinaci\u00f3n no afectar\u00e1 la validez y aplicabilidad de cualquier otra disposici\u00f3n restante.<\/p>\n<p>&nbsp;<\/p>\n<h4>TERMINACI\u00d3N<\/h4>\n<p>Las obligaciones y responsabilidades de las partes contra\u00eddas antes de la fecha de terminaci\u00f3n sobrevivir\u00e1n a la terminaci\u00f3n de este acuerdo a todos los efectos. Estos T\u00e9rminos de servicio son efectivos a menos que usted o nosotros los rescindamos. Puede rescindir estos T\u00e9rminos de servicio en cualquier momento notific\u00e1ndonos que ya no desea usar nuestros Servicios o cuando deja de usar nuestro sitio. Si, a nuestro exclusivo criterio, usted no cumple o sospechamos que ha incumplido cualquier t\u00e9rmino o disposici\u00f3n de estos T\u00e9rminos de servicio, tambi\u00e9n podemos rescindir este acuerdo en cualquier momento sin previo aviso y usted seguir\u00e1 siendo responsable de todos los montos adeudados hasta e incluyendo la fecha de terminaci\u00f3n; y \/ o en consecuencia puede negarle el acceso a nuestros Servicios (o cualquier parte de los mismos).<\/p>\n<p>&nbsp;<\/p>\n<h4>ACUERDO COMPLETO<\/h4>\n<p>El incumplimiento por nuestra parte de ejercer o hacer cumplir cualquier derecho o disposici\u00f3n de estos T\u00e9rminos de Servicio no constituir\u00e1 una renuncia a dicho derecho o disposici\u00f3n. Estos T\u00e9rminos de Servicio y cualquier pol\u00edtica o regla operativa publicada por nosotros en este sitio o con respecto al Servicio constituye el acuerdo completo y el entendimiento entre usted y nosotros y rigen su uso del Servicio, reemplazando cualquier acuerdo, comunicaci\u00f3n y propuesta previa o contempor\u00e1nea. , ya sea oral o escrito, entre usted y nosotros (incluidas, entre otras, las versiones anteriores de los T\u00e9rminos de servicio). Cualquier ambig\u00fcedad en la interpretaci\u00f3n de estos T\u00e9rminos de servicio no se interpretar\u00e1 en contra de la parte redactora.<\/p>\n<p>&nbsp;<\/p>\n<h4>LEY VIGENTE<\/h4>\n<p>Estos T\u00e9rminos de servicio y cualquier otro acuerdo por el cual le proporcionemos Servicios se regir\u00e1n e interpretar\u00e1n de conformidad con las leyes de Espa\u00f1a.<\/p>\n<p>&nbsp;<\/p>\n<h4>CAMBIOS A LOS T\u00c9RMINOS DE SERVICIO<\/h4>\n<p>Puede revisar la versi\u00f3n m\u00e1s reciente de los T\u00e9rminos de servicio en cualquier momento en esta p\u00e1gina. Nos reservamos el derecho, a nuestro exclusivo criterio, de actualizar, cambiar o reemplazar cualquier parte de estos T\u00e9rminos de servicio mediante la publicaci\u00f3n de actualizaciones y cambios en nuestro sitio web. Es su responsabilidad revisar peri\u00f3dicamente nuestro sitio web para ver los cambios. Su uso continuo o acceso a nuestro sitio web o al Servicio despu\u00e9s de la publicaci\u00f3n de cualquier cambio en estos T\u00e9rminos de servicio constituye la aceptaci\u00f3n de dichos cambios.<\/p>\n<p>&nbsp;<\/p>\n<h4>INFORMACI\u00d3N DEL CONTACTO<\/h4>\n<p>Las preguntas sobre los T\u00e9rminos de servicio deben enviarse a\u00a0<a>info@bjargo.com<\/a>.<\/p>\n<p>&nbsp;<\/p>\n<\/div>\n\t\t<\/div><\/div><\/div><\/div>","protected":false},"excerpt":{"rendered":"<p>INTRODUCCION Este sitio web es operado por COSTABLANCA CHIROPRACTIC CENTER SL. En todo el sitio, los t\u00e9rminos \u00abnosotros\u00bb, \u00abnos\u00bb y \u00abnuestro\u00bb se refieren a COSTABLANCA CHIROPRACTIC CENTER SL. COSTABLANCA CHIROPRACTIC CENTER SL ofrece este sitio web, que incluye toda la informaci\u00f3n, herramientas y servicios disponibles en este sitio para usted, [&hellip;]<\/p>\n","protected":false},"author":1,"featured_media":0,"parent":0,"menu_order":0,"comment_status":"closed","ping_status":"closed","template":"","meta":{"footnotes":""},"class_list":["post-2856","page","type-page","status-publish","hentry","post"],"_links":{"self":[{"href":"https:\/\/chiropractorinspain.es\/es\/wp-json\/wp\/v2\/pages\/2856","targetHints":{"allow":["GET"]}}],"collection":[{"href":"https:\/\/chiropractorinspain.es\/es\/wp-json\/wp\/v2\/pages"}],"about":[{"href":"https:\/\/chiropractorinspain.es\/es\/wp-json\/wp\/v2\/types\/page"}],"author":[{"embeddable":true,"href":"https:\/\/chiropractorinspain.es\/es\/wp-json\/wp\/v2\/users\/1"}],"replies":[{"embeddable":true,"href":"https:\/\/chiropractorinspain.es\/es\/wp-json\/wp\/v2\/comments?post=2856"}],"version-history":[{"count":3,"href":"https:\/\/chiropractorinspain.es\/es\/wp-json\/wp\/v2\/pages\/2856\/revisions"}],"predecessor-version":[{"id":2941,"href":"https:\/\/chiropractorinspain.es\/es\/wp-json\/wp\/v2\/pages\/2856\/revisions\/2941"}],"wp:attachment":[{"href":"https:\/\/chiropractorinspain.es\/es\/wp-json\/wp\/v2\/media?parent=2856"}],"curies":[{"name":"wp","href":"https:\/\/api.w.org\/{rel}","templated":true}]}}