{"id":2670,"date":"2020-10-18T15:08:51","date_gmt":"2020-10-18T15:08:51","guid":{"rendered":"https:\/\/chiropractorinspain.es\/introductory-presentation\/"},"modified":"2020-10-18T15:57:00","modified_gmt":"2020-10-18T15:57:00","slug":"introduccion-a-la-quiropractica","status":"publish","type":"page","link":"https:\/\/chiropractorinspain.es\/es\/introduccion-a-la-quiropractica\/","title":{"rendered":"Introducci\u00f3n a la Quiropr\u00e1ctica"},"content":{"rendered":"<p><img loading=\"lazy\" decoding=\"async\" class=\"aligncenter size-full wp-image-170\" src=\"https:\/\/chiropractorinspain.es\/wp-content\/uploads\/2020\/08\/health-talk.jpg\" alt=\"\" width=\"820\" height=\"314\" srcset=\"https:\/\/chiropractorinspain.es\/wp-content\/uploads\/2020\/08\/health-talk.jpg 820w, https:\/\/chiropractorinspain.es\/wp-content\/uploads\/2020\/08\/health-talk-300x115.jpg 300w, https:\/\/chiropractorinspain.es\/wp-content\/uploads\/2020\/08\/health-talk-768x294.jpg 768w\" sizes=\"auto, (max-width: 820px) 100vw, 820px\" \/><\/p>\n<p><strong>La Presentaci\u00f3n de Introducci\u00f3n a la Quiropr\u00e1ctica<\/strong> que ofrecemos en nuestro centro es una pieza fundamental de nuestra estrategia global de servir a la comunidad. Es complementaria y todos est\u00e1n invitados a participar. Incluye temas tales como un breve resumen de la quiropr\u00e1ctica, qu\u00e9 diferencia a la <strong>Quiropr\u00e1ctica Avanzada<\/strong>, nutrici\u00f3n, ejercicios y qu\u00e9 es un estilo de vida saludable. Pod\u00e9is preguntar todo lo que quer\u00e1is saber sobre los temas tratados o sobre otros temas relacionados. No se trata de una presentaci\u00f3n comercial y no se os pedir\u00e1 que os apunt\u00e9is a nada.<\/p>\n<p>Llama a <strong>Quiropractica Avanzada<\/strong> al 966 865 432 para comunicarnos que quieres asistir a la presentaci\u00f3n.<\/p>\n<p><img loading=\"lazy\" decoding=\"async\" class=\"aligncenter size-full wp-image-171\" src=\"https:\/\/chiropractorinspain.es\/wp-content\/uploads\/2020\/08\/WellnessEnglish.png\" alt=\"\" width=\"851\" height=\"190\" srcset=\"https:\/\/chiropractorinspain.es\/wp-content\/uploads\/2020\/08\/WellnessEnglish.png 851w, https:\/\/chiropractorinspain.es\/wp-content\/uploads\/2020\/08\/WellnessEnglish-300x67.png 300w, https:\/\/chiropractorinspain.es\/wp-content\/uploads\/2020\/08\/WellnessEnglish-768x171.png 768w\" sizes=\"auto, (max-width: 851px) 100vw, 851px\" \/><\/p>\n","protected":false},"excerpt":{"rendered":"<p>La Presentaci\u00f3n de Introducci\u00f3n a la Quiropr\u00e1ctica que ofrecemos en nuestro centro es una pieza fundamental de nuestra estrategia global de servir a la comunidad. Es complementaria y todos est\u00e1n invitados a participar. Incluye temas tales como un breve resumen de la quiropr\u00e1ctica, qu\u00e9 diferencia a la Quiropr\u00e1ctica Avanzada, nutrici\u00f3n, [&hellip;]<\/p>\n","protected":false},"author":1,"featured_media":0,"parent":0,"menu_order":0,"comment_status":"closed","ping_status":"closed","template":"","meta":{"footnotes":""},"class_list":["post-2670","page","type-page","status-publish","hentry","post"],"_links":{"self":[{"href":"https:\/\/chiropractorinspain.es\/es\/wp-json\/wp\/v2\/pages\/2670","targetHints":{"allow":["GET"]}}],"collection":[{"href":"https:\/\/chiropractorinspain.es\/es\/wp-json\/wp\/v2\/pages"}],"about":[{"href":"https:\/\/chiropractorinspain.es\/es\/wp-json\/wp\/v2\/types\/page"}],"author":[{"embeddable":true,"href":"https:\/\/chiropractorinspain.es\/es\/wp-json\/wp\/v2\/users\/1"}],"replies":[{"embeddable":true,"href":"https:\/\/chiropractorinspain.es\/es\/wp-json\/wp\/v2\/comments?post=2670"}],"version-history":[{"count":2,"href":"https:\/\/chiropractorinspain.es\/es\/wp-json\/wp\/v2\/pages\/2670\/revisions"}],"predecessor-version":[{"id":2672,"href":"https:\/\/chiropractorinspain.es\/es\/wp-json\/wp\/v2\/pages\/2670\/revisions\/2672"}],"wp:attachment":[{"href":"https:\/\/chiropractorinspain.es\/es\/wp-json\/wp\/v2\/media?parent=2670"}],"curies":[{"name":"wp","href":"https:\/\/api.w.org\/{rel}","templated":true}]}}