{"id":2343,"date":"2020-08-16T12:15:07","date_gmt":"2020-08-16T12:15:07","guid":{"rendered":"https:\/\/chiropractorinspain.es\/contact\/"},"modified":"2025-02-04T13:30:34","modified_gmt":"2025-02-04T13:30:34","slug":"contacto","status":"publish","type":"page","link":"https:\/\/chiropractorinspain.es\/es\/contacto\/","title":{"rendered":"Contacto"},"content":{"rendered":"<div id=\"pl-2343\"  class=\"panel-layout\" ><div id=\"pg-2343-0\"  class=\"panel-grid panel-has-style\" ><div class=\"panel-row-style panel-row-style-for-2343-0\" ><div id=\"pgc-2343-0-0\"  class=\"panel-grid-cell\" ><div id=\"panel-2343-0-0-0\" class=\"so-panel widget widget_sow-editor panel-first-child panel-last-child\" data-index=\"0\" ><div\n\t\t\t\n\t\t\tclass=\"so-widget-sow-editor so-widget-sow-editor-base\"\n\t\t\t\n\t\t>\n<div class=\"siteorigin-widget-tinymce textwidget\">\n\t<p style=\"text-align: center;\">Nuestra cl\u00ednica se encuentra en El Albir cerca del campo de golf, a poca distancia de la estaci\u00f3n de autobuses. Puedes llegar f\u00e1cilmente en autob\u00fas (l\u00ednea 10) desde Benidorm o Altea. Hay aparcamiento gratuito en la calle.<\/p>\n<\/div>\n<\/div><\/div><\/div><\/div><\/div><div id=\"pg-2343-1\"  class=\"panel-grid panel-no-style\" ><div id=\"pgc-2343-1-0\"  class=\"panel-grid-cell\" ><div id=\"panel-2343-1-0-0\" class=\"so-panel widget widget_sow-editor panel-first-child panel-last-child\" data-index=\"1\" ><div\n\t\t\t\n\t\t\tclass=\"so-widget-sow-editor so-widget-sow-editor-base\"\n\t\t\t\n\t\t><h3 class=\"widget-title\">Horario<\/h3>\n<div class=\"siteorigin-widget-tinymce textwidget\">\n\t<figure class=\"wp-block-table hours-table\">\n<table style=\"height: 298px; width: 80%; border-style: solid; border-color: #777777;\" border=\"1px\">\n<thead>\n<tr style=\"height: 38px;\">\n<th style=\"height: 38px; width: 3.8888888888888893%; text-align: center;\"><\/th>\n<th style=\"height: 38px; width: 7.628710464193718%; text-align: center;\"><strong>Ma\u00f1ana<\/strong><\/th>\n<th style=\"height: 38px; width: 7.6497021659987325%; text-align: center;\"><strong>Tarde<\/strong><\/th>\n<\/tr>\n<\/thead>\n<tbody>\n<tr style=\"height: 38px;\">\n<td style=\"height: 38px; width: 3.8888888888888893%; text-align: center;\"><strong>Lunes<\/strong><\/td>\n<td style=\"height: 38px; width: 7.628710464193718%; text-align: center;\">09:30 - 13:00<\/td>\n<td style=\"height: 38px; width: 7.6497021659987325%; text-align: center;\">16:00 - 19:30<\/td>\n<\/tr>\n<tr style=\"height: 37px;\">\n<td style=\"height: 37px; width: 3.8888888888888893%; text-align: center;\"><strong>Martes<\/strong><\/td>\n<td style=\"height: 37px; width: 7.628710464193718%; text-align: center;\">09:30 - 13:00<\/td>\n<td style=\"height: 37px; width: 7.6497021659987325%; text-align: center;\">Cerrado<\/td>\n<\/tr>\n<tr style=\"height: 37px;\">\n<td style=\"height: 37px; width: 3.8888888888888893%; text-align: center;\"><strong>Miercoles<\/strong><\/td>\n<td style=\"height: 37px; width: 7.628710464193718%; text-align: center;\">09:30 - 13:00<\/td>\n<td style=\"height: 37px; width: 7.6497021659987325%; text-align: center;\">16:00 - 19:30<\/td>\n<\/tr>\n<tr style=\"height: 37px;\">\n<td style=\"height: 37px; width: 3.8888888888888893%; text-align: center;\"><strong>Jueves<\/strong><\/td>\n<td style=\"height: 37px; width: 7.628710464193718%; text-align: center;\">Cerrado<\/td>\n<td style=\"height: 37px; width: 7.6497021659987325%; text-align: center;\">Cerrado<\/td>\n<\/tr>\n<tr style=\"height: 37px;\">\n<td style=\"height: 37px; width: 3.8888888888888893%; text-align: center;\"><strong>Viernes<\/strong><\/td>\n<td style=\"height: 37px; width: 7.628710464193718%; text-align: center;\">09:00 - 14:00<\/td>\n<td style=\"height: 37px; width: 7.6497021659987325%; text-align: center;\">Cerrado<\/td>\n<\/tr>\n<tr style=\"height: 37px;\">\n<td style=\"height: 37px; width: 3.8888888888888893%; text-align: center;\"><strong>Sabado<\/strong><\/td>\n<td style=\"height: 37px; width: 7.628710464193718%; text-align: center;\"><strong>Cobertura de Emergencia*<\/strong><\/td>\n<td style=\"height: 37px; width: 7.6497021659987325%; text-align: center;\">0034 643 229 992<\/td>\n<\/tr>\n<tr style=\"height: 37px;\">\n<td style=\"height: 37px; width: 3.8888888888888893%; text-align: center; border-bottom: none !important;\"><strong>Domingo<\/strong><\/td>\n<td style=\"height: 37px; width: 7.628710464193718%; text-align: center; border-bottom: none !important;\"><strong>Cobertura de Emergencia*<\/strong><\/td>\n<td style=\"height: 37px; width: 7.6497021659987325%; text-align: center; border-bottom: none !important;\">0034 643 229 992<\/td>\n<\/tr>\n<\/tbody>\n<\/table>\n<p><strong>*Algunos fines de semana puede que no est\u00e9 disponible.<\/strong><\/p>\n<\/figure>\n<\/div>\n<\/div><\/div><\/div><div id=\"pgc-2343-1-1\"  class=\"panel-grid-cell\" ><div id=\"panel-2343-1-1-0\" class=\"so-panel widget widget_sow-editor panel-first-child\" data-index=\"2\" ><div\n\t\t\t\n\t\t\tclass=\"so-widget-sow-editor so-widget-sow-editor-base\"\n\t\t\t\n\t\t><h3 class=\"widget-title\">Donde encontrarnos<\/h3>\n<div class=\"siteorigin-widget-tinymce textwidget\">\n\t<p style=\"text-align: center;\"><strong>Calle Pau Casals 7<\/strong><br \/>\nEdificio Palatino 2<br \/>\n<strong>03581 Albir, Alicante<br \/>\nSpain<\/strong><\/p>\n<p style=\"text-align: center; margin-top: -10px;\"><a href=\"#contact_map\">(Ver mapa)<\/a><\/p>\n<\/div>\n<\/div><\/div><div id=\"panel-2343-1-1-1\" class=\"so-panel widget widget_sow-editor panel-last-child\" data-index=\"3\" ><div\n\t\t\t\n\t\t\tclass=\"so-widget-sow-editor so-widget-sow-editor-base\"\n\t\t\t\n\t\t><h3 class=\"widget-title\">Cont\u00e1ctenos<\/h3>\n<div class=\"siteorigin-widget-tinymce textwidget\">\n\t<p class=\"contact-phone\" style=\"text-align: center\"><strong><i class=\"fa fa-phone contact-icons \" ><\/i><\/strong> (0034) 966 865 432<\/p>\n<p style=\"text-align: center\"><strong><i class=\"fa fa-whatsapp contact-icons \" ><\/i> <\/strong>(0034) 643 229 377<\/p>\n<p style=\"text-align: center\">(Se contesta durante las horas laborales)<\/p>\n<p style=\"text-align: center\"><strong><i class=\"fa fa-envelope contact-icons \" ><\/i><\/strong>\u00a0<span id=\"cloak74475\"><a href=\"mailto:info@bjargo.com\">info@bjargo.com<\/a><\/span><\/p>\n<\/div>\n<\/div><\/div><\/div><\/div><div id=\"pg-2343-2\"  class=\"panel-grid panel-no-style\" ><div id=\"pgc-2343-2-0\"  class=\"panel-grid-cell\" ><div id=\"panel-2343-2-0-0\" class=\"so-panel widget widget_sow-contact-form panel-first-child panel-last-child\" data-index=\"4\" ><div id=\"contact-form-1\" class=\"panel-widget-style panel-widget-style-for-2343-2-0-0\" ><div\n\t\t\t\n\t\t\tclass=\"so-widget-sow-contact-form so-widget-sow-contact-form-default-70bf2be22fcc-2343\"\n\t\t\t\n\t\t>\t<form\n\t\taction=\"\/es\/wp-json\/wp\/v2\/pages\/2343\"\n\t\tmethod=\"POST\"\n\t\tclass=\"sow-contact-form\"\n\t\tid=\"contact-form-9eda\"\n\t>\n\n\t\t\n\t\t\t\t\t<div class=\"sow-form-field sow-form-field-name\">\n\t\t\t\t<label class=\"sow-form-field-label-above\" for=\"sow-contact-form-field-nombre-1\">\n\t\t\t\t<strong>\n\t\t\t\t\tNombre\t\t\t\t\t\t\t\t\t<\/strong>\n\t\t\t<\/label>\n\t\t\t\t\t\t\t<div class=\"sow-field-container\">\n\t\t\t\t\t\t\t<input\n\t\t\ttype=\"text\"\n\t\t\tname=\"nombre-1\"\n\t\t\tid=\"sow-contact-form-field-nombre-1\"\n\t\t\tvalue=\"\"\n\t\t\tclass=\"sow-text-field\"\n\t\t\t\t\t\t\t\t\/>\n\t\t\t\t\t\t<\/div>\n\t\t\t\t\t\t\t<\/div>\n\t\t\t\t\t\t<div class=\"sow-form-field sow-form-field-email\">\n\t\t\t\t<label class=\"sow-form-field-label-above\" for=\"sow-contact-form-field-correo-electronico-1\">\n\t\t\t\t<strong>\n\t\t\t\t\tCorreo electr\u00f3nico\t\t\t\t\t\t\t\t\t<\/strong>\n\t\t\t<\/label>\n\t\t\t\t\t\t\t<div class=\"sow-field-container\">\n\t\t\t\t\t\t\t<input\n\t\t\ttype=\"email\"\n\t\t\tname=\"correo-electronico-1\"\n\t\t\tid=\"sow-contact-form-field-correo-electronico-1\"\n\t\t\tvalue=\"\"\n\t\t\tclass=\"sow-text-field\"\t\t\t\t\t\t\t\t\/>\n\t\t\t\t\t\t<\/div>\n\t\t\t\t\t\t\t<\/div>\n\t\t\t\t\t\t<div class=\"sow-form-field sow-form-field-subject\">\n\t\t\t\t<label class=\"sow-form-field-label-above\" for=\"sow-contact-form-field-asunto-1\">\n\t\t\t\t<strong>\n\t\t\t\t\tAsunto\t\t\t\t\t\t\t\t\t<\/strong>\n\t\t\t<\/label>\n\t\t\t\t\t\t\t<div class=\"sow-field-container\">\n\t\t\t\t\t\t\t<input\n\t\t\ttype=\"text\"\n\t\t\tname=\"asunto-1\"\n\t\t\tid=\"sow-contact-form-field-asunto-1\"\n\t\t\tvalue=\"\"\n\t\t\tclass=\"sow-text-field\"\n\t\t\t\t\t\t\t\t\/>\n\t\t\t\t\t\t<\/div>\n\t\t\t\t\t\t\t<\/div>\n\t\t\t\t\t\t<div class=\"sow-form-field sow-form-field-textarea\">\n\t\t\t\t<label class=\"sow-form-field-label-above\" for=\"sow-contact-form-field-mensaje-1\">\n\t\t\t\t<strong>\n\t\t\t\t\tMensaje\t\t\t\t\t\t\t\t\t<\/strong>\n\t\t\t<\/label>\n\t\t\t\t\t\t\t<div class=\"sow-field-container\">\n\t\t\t\t\t\t\t<textarea\n\t\t\tname=\"mensaje-1\"\n\t\t\tid=\"sow-contact-form-field-mensaje-1\"\n\t\t\trows=\"10\"\n\t\t\t\t\t\t\t\t><\/textarea>\n\t\t\t\t\t\t<\/div>\n\t\t\t\t\t\t\t<\/div>\n\t\t\t\n\t\t\t\t\t<div class=\"sow-recaptcha\"\n\t\t\t\t\t\t\t\t\tdata-config=\"{&quot;sitekey&quot;:&quot;6LdmNhgaAAAAAFLZaXeHbhSyvJgeqpnKSgoAyPEQ&quot;,&quot;theme&quot;:&quot;light&quot;,&quot;type&quot;:&quot;image&quot;,&quot;size&quot;:&quot;normal&quot;}\"\n\t\t\t\t\t\t\t><\/div>\n\t\t\t\n\t\t<div class=\"sow-submit-wrapper \n\t\tsow-submit-styled\t\t\">\n\n\t\t\t<button\n\t\t\t\ttype=\"submit\"\n\t\t\t\tclass=\"sow-submit\n\t\t\t\t\t\t\t\t\"\n\t\t\t\tid=\"send_button\" \t\t\t>\n\t\t\t\tENVIAR\t\t\t<\/button>\n\t\t<\/div>\n\t\t\t\t<input\n\t\t\ttype=\"hidden\"\n\t\t\tname=\"instance_hash-1\"\n\t\t\tvalue=\"9edaa072\"\n\t\t\/>\n\n\t\t<input type=\"hidden\" id=\"_wpnonce\" name=\"_wpnonce\" value=\"d4f62abcd7\" \/><input type=\"hidden\" name=\"_wp_http_referer\" value=\"\/es\/wp-json\/wp\/v2\/pages\/2343\" \/>\t<\/form>\n\t<\/div><\/div><\/div><\/div><\/div><div id=\"pg-2343-3\"  class=\"panel-grid panel-no-style\" ><div id=\"pgc-2343-3-0\"  class=\"panel-grid-cell\" ><div id=\"panel-2343-3-0-0\" class=\"so-panel widget widget_sow-google-map panel-first-child panel-last-child\" data-index=\"5\" ><div id=\"contact_map\" class=\"panel-widget-style panel-widget-style-for-2343-3-0-0\" ><div\n\t\t\t\n\t\t\tclass=\"so-widget-sow-google-map so-widget-sow-google-map-default-6b23895f316e-2343\"\n\t\t\t\n\t\t>\n<div class=\"sow-google-map-canvas\"\n\tstyle=\"\"\n\tid=\"map-canvas-3d6269bcca2dbd50ac122778d1cca9e9\"\n\tdata-options=\"{&quot;address&quot;:&quot;38.5754111, -0.06724669999999999&quot;,&quot;zoom&quot;:17,&quot;mobileZoom&quot;:17,&quot;gestureHandling&quot;:&quot;auto&quot;,&quot;disableUi&quot;:true,&quot;markerIcon&quot;:&quot;https:\\\/\\\/chiropractorinspain.es\\\/wp-content\\\/uploads\\\/2020\\\/10\\\/AC-map-marker-logo-2.png&quot;,&quot;markersDraggable&quot;:false,&quot;markerAtCenter&quot;:true,&quot;markerInfoDisplay&quot;:&quot;click&quot;,&quot;markerInfoMultiple&quot;:true,&quot;markerPositions&quot;:false,&quot;mapName&quot;:&quot;Map 1&quot;,&quot;mapStyles&quot;:[{&quot;featureType&quot;:&quot;all&quot;,&quot;elementType&quot;:&quot;all&quot;,&quot;stylers&quot;:[{&quot;saturation&quot;:&quot;0&quot;},{&quot;visibility&quot;:&quot;on&quot;},{&quot;color&quot;:&quot;#3e61ab&quot;}]},{&quot;featureType&quot;:&quot;all&quot;,&quot;elementType&quot;:&quot;geometry&quot;,&quot;stylers&quot;:[{&quot;color&quot;:&quot;#3e61ab&quot;}]},{&quot;featureType&quot;:&quot;all&quot;,&quot;elementType&quot;:&quot;geometry.fill&quot;,&quot;stylers&quot;:[{&quot;saturation&quot;:&quot;0&quot;},{&quot;lightness&quot;:&quot;50&quot;}]},{&quot;featureType&quot;:&quot;all&quot;,&quot;elementType&quot;:&quot;geometry.stroke&quot;,&quot;stylers&quot;:[{&quot;visibility&quot;:&quot;simplified&quot;}]},{&quot;featureType&quot;:&quot;all&quot;,&quot;elementType&quot;:&quot;labels&quot;,&quot;stylers&quot;:[{&quot;visibility&quot;:&quot;simplified&quot;},{&quot;color&quot;:&quot;#3e61ab&quot;},{&quot;weight&quot;:&quot;1.48&quot;}]},{&quot;featureType&quot;:&quot;all&quot;,&quot;elementType&quot;:&quot;labels.text&quot;,&quot;stylers&quot;:[{&quot;color&quot;:&quot;#555555&quot;}]},{&quot;featureType&quot;:&quot;all&quot;,&quot;elementType&quot;:&quot;labels.text.fill&quot;,&quot;stylers&quot;:[{&quot;gamma&quot;:0.01},{&quot;lightness&quot;:20},{&quot;color&quot;:&quot;#555555&quot;}]},{&quot;featureType&quot;:&quot;all&quot;,&quot;elementType&quot;:&quot;labels.text.stroke&quot;,&quot;stylers&quot;:[{&quot;saturation&quot;:-31},{&quot;lightness&quot;:-33},{&quot;weight&quot;:2},{&quot;gamma&quot;:0.8},{&quot;color&quot;:&quot;#555555&quot;}]},{&quot;featureType&quot;:&quot;all&quot;,&quot;elementType&quot;:&quot;labels.icon&quot;,&quot;stylers&quot;:[{&quot;visibility&quot;:&quot;off&quot;},{&quot;color&quot;:&quot;#3e61ab&quot;}]},{&quot;featureType&quot;:&quot;administrative.land_parcel&quot;,&quot;elementType&quot;:&quot;all&quot;,&quot;stylers&quot;:[{&quot;color&quot;:&quot;#a17575&quot;}]},{&quot;featureType&quot;:&quot;landscape&quot;,&quot;elementType&quot;:&quot;all&quot;,&quot;stylers&quot;:[{&quot;color&quot;:&quot;#000000&quot;},{&quot;saturation&quot;:&quot;-100&quot;},{&quot;gamma&quot;:&quot;1.00&quot;},{&quot;lightness&quot;:&quot;-3&quot;},{&quot;weight&quot;:&quot;1.00&quot;},{&quot;visibility&quot;:&quot;off&quot;}]},{&quot;featureType&quot;:&quot;landscape&quot;,&quot;elementType&quot;:&quot;geometry&quot;,&quot;stylers&quot;:[{&quot;lightness&quot;:30},{&quot;saturation&quot;:30}]},{&quot;featureType&quot;:&quot;landscape.man_made&quot;,&quot;elementType&quot;:&quot;all&quot;,&quot;stylers&quot;:[{&quot;color&quot;:&quot;#eeeeee&quot;},{&quot;visibility&quot;:&quot;on&quot;}]},{&quot;featureType&quot;:&quot;landscape.natural.landcover&quot;,&quot;elementType&quot;:&quot;all&quot;,&quot;stylers&quot;:[{&quot;visibility&quot;:&quot;on&quot;}]},{&quot;featureType&quot;:&quot;landscape.natural.terrain&quot;,&quot;elementType&quot;:&quot;all&quot;,&quot;stylers&quot;:[{&quot;visibility&quot;:&quot;on&quot;}]},{&quot;featureType&quot;:&quot;poi&quot;,&quot;elementType&quot;:&quot;all&quot;,&quot;stylers&quot;:[{&quot;visibility&quot;:&quot;off&quot;},{&quot;saturation&quot;:&quot;1&quot;},{&quot;color&quot;:&quot;#eeeeee&quot;}]},{&quot;featureType&quot;:&quot;poi&quot;,&quot;elementType&quot;:&quot;geometry&quot;,&quot;stylers&quot;:[{&quot;saturation&quot;:20}]},{&quot;featureType&quot;:&quot;poi&quot;,&quot;elementType&quot;:&quot;labels&quot;,&quot;stylers&quot;:[{&quot;color&quot;:&quot;#3e61ab&quot;}]},{&quot;featureType&quot;:&quot;poi&quot;,&quot;elementType&quot;:&quot;labels.text&quot;,&quot;stylers&quot;:[{&quot;color&quot;:&quot;#444444&quot;},{&quot;visibility&quot;:&quot;on&quot;}]},{&quot;featureType&quot;:&quot;poi&quot;,&quot;elementType&quot;:&quot;labels.text.stroke&quot;,&quot;stylers&quot;:[{&quot;visibility&quot;:&quot;off&quot;}]},{&quot;featureType&quot;:&quot;poi&quot;,&quot;elementType&quot;:&quot;labels.icon&quot;,&quot;stylers&quot;:[{&quot;visibility&quot;:&quot;simplified&quot;},{&quot;color&quot;:&quot;#3e61ab&quot;},{&quot;saturation&quot;:&quot;0&quot;}]},{&quot;featureType&quot;:&quot;poi.attraction&quot;,&quot;elementType&quot;:&quot;all&quot;,&quot;stylers&quot;:[{&quot;visibility&quot;:&quot;simplified&quot;}]},{&quot;featureType&quot;:&quot;poi.business&quot;,&quot;elementType&quot;:&quot;all&quot;,&quot;stylers&quot;:[{&quot;visibility&quot;:&quot;off&quot;}]},{&quot;featureType&quot;:&quot;poi.park&quot;,&quot;elementType&quot;:&quot;all&quot;,&quot;stylers&quot;:[{&quot;color&quot;:&quot;#62cf77&quot;},{&quot;visibility&quot;:&quot;on&quot;}]},{&quot;featureType&quot;:&quot;poi.park&quot;,&quot;elementType&quot;:&quot;geometry&quot;,&quot;stylers&quot;:[{&quot;lightness&quot;:20},{&quot;saturation&quot;:-20}]},{&quot;featureType&quot;:&quot;poi.park&quot;,&quot;elementType&quot;:&quot;labels&quot;,&quot;stylers&quot;:[{&quot;visibility&quot;:&quot;off&quot;}]},{&quot;featureType&quot;:&quot;poi.sports_complex&quot;,&quot;elementType&quot;:&quot;all&quot;,&quot;stylers&quot;:[{&quot;visibility&quot;:&quot;off&quot;}]},{&quot;featureType&quot;:&quot;road&quot;,&quot;elementType&quot;:&quot;geometry&quot;,&quot;stylers&quot;:[{&quot;lightness&quot;:10},{&quot;saturation&quot;:-30}]},{&quot;featureType&quot;:&quot;road&quot;,&quot;elementType&quot;:&quot;geometry.stroke&quot;,&quot;stylers&quot;:[{&quot;saturation&quot;:25},{&quot;lightness&quot;:25}]},{&quot;featureType&quot;:&quot;water&quot;,&quot;elementType&quot;:&quot;all&quot;,&quot;stylers&quot;:[{&quot;lightness&quot;:-20}]}],&quot;directions&quot;:&quot;&quot;,&quot;apiKey&quot;:&quot;AIzaSyAKIpam6jyTwoq8Q2EFVe5xfugkzuKQ_Sw&quot;,&quot;breakpoint&quot;:780}\"\n\tdata-fallback-image=\"{&quot;img&quot;:&quot;&quot;}\"><\/div>\n<\/div><\/div><\/div><\/div><\/div><\/div>","protected":false},"excerpt":{"rendered":"<p>Nuestra cl\u00ednica se encuentra en El Albir cerca del campo de golf, a poca distancia de la estaci\u00f3n de autobuses. Puedes llegar f\u00e1cilmente en autob\u00fas (l\u00ednea 10) desde Benidorm o Altea. Hay aparcamiento gratuito en la calle. Ma\u00f1ana Tarde Lunes 09:30 &#8211; 13:00 16:00 &#8211; 19:30 Martes 09:30 &#8211; 13:00 [&hellip;]<\/p>\n","protected":false},"author":1,"featured_media":0,"parent":0,"menu_order":0,"comment_status":"closed","ping_status":"closed","template":"","meta":{"footnotes":""},"class_list":["post-2343","page","type-page","status-publish","hentry","post"],"_links":{"self":[{"href":"https:\/\/chiropractorinspain.es\/es\/wp-json\/wp\/v2\/pages\/2343","targetHints":{"allow":["GET"]}}],"collection":[{"href":"https:\/\/chiropractorinspain.es\/es\/wp-json\/wp\/v2\/pages"}],"about":[{"href":"https:\/\/chiropractorinspain.es\/es\/wp-json\/wp\/v2\/types\/page"}],"author":[{"embeddable":true,"href":"https:\/\/chiropractorinspain.es\/es\/wp-json\/wp\/v2\/users\/1"}],"replies":[{"embeddable":true,"href":"https:\/\/chiropractorinspain.es\/es\/wp-json\/wp\/v2\/comments?post=2343"}],"version-history":[{"count":41,"href":"https:\/\/chiropractorinspain.es\/es\/wp-json\/wp\/v2\/pages\/2343\/revisions"}],"predecessor-version":[{"id":4256,"href":"https:\/\/chiropractorinspain.es\/es\/wp-json\/wp\/v2\/pages\/2343\/revisions\/4256"}],"wp:attachment":[{"href":"https:\/\/chiropractorinspain.es\/es\/wp-json\/wp\/v2\/media?parent=2343"}],"curies":[{"name":"wp","href":"https:\/\/api.w.org\/{rel}","templated":true}]}}