{"id":2335,"date":"2020-08-18T10:18:38","date_gmt":"2020-08-18T10:18:38","guid":{"rendered":"https:\/\/chiropractorinspain.es\/learn\/"},"modified":"2020-10-17T14:13:19","modified_gmt":"2020-10-17T14:13:19","slug":"learn","status":"publish","type":"page","link":"https:\/\/chiropractorinspain.es\/es\/learn\/","title":{"rendered":"Aprende"},"content":{"rendered":"<div id=\"pl-2335\"  class=\"panel-layout\" ><div id=\"pg-2335-0\"  class=\"panel-grid panel-no-style\" ><div id=\"pgc-2335-0-0\"  class=\"panel-grid-cell\" ><div id=\"panel-2335-0-0-0\" class=\"so-panel widget widget_lsow-portfolio panel-first-child panel-last-child\" data-index=\"0\" ><div id=\"custom-loop\" class=\"panel-widget-style panel-widget-style-for-2335-0-0-0\" ><div\n\t\t\t\n\t\t\tclass=\"so-widget-lsow-portfolio so-widget-lsow-portfolio-default-1398c7c9e37b-2335\"\n\t\t\t\n\t\t><div class=\"lsow-portfolio-wrap lsow-gapless-grid\"><div class=\"lsow-portfolio-header  lsow-no-heading\"><div class=\"lsow-taxonomy-filter\"><div class=\"lsow-filter-item segment-0 lsow-active\"><a data-value=\"*\" href=\"#\">All<\/a><\/div><div class=\"lsow-filter-item segment-1\"><a href=\"#\" data-value=\".term-99\" title=\"View all items filed under Embarazo\">Embarazo<\/a><\/div><div class=\"lsow-filter-item segment-2\"><a href=\"#\" data-value=\".term-101\" title=\"View all items filed under Quiropr\u00e1ctica\">Quiropr\u00e1ctica<\/a><\/div><div class=\"lsow-filter-item segment-3\"><a href=\"#\" data-value=\".term-94\" title=\"View all items filed under Tratamientos y problemas de salud\">Tratamientos y problemas de salud<\/a><\/div><\/div><\/div><div id=\"lsow-portfolio-69e8c5f75d09a\" class=\"lsow-portfolio js-isotope lsow-masonry lsow-grid-container  lsow-grid-desktop-3 lsow-grid-tablet-2 lsow-grid-mobile-1\" data-isotope-options='{ \"itemSelector\": \".lsow-portfolio-item\", \"layoutMode\": \"masonry\"}'><div data-id=\"id-2324\" class=\"lsow-grid-item lsow-portfolio-item  term-101\"><article id=\"post-2324\" class=\"post-2324 post type-post status-publish format-standard has-post-thumbnail hentry category-quiropractica post-with-thumbnail post-with-thumbnail-large\"><div class=\"lsow-project-image\"><a href=\"https:\/\/chiropractorinspain.es\/es\/blog\/sensaciones-quiropracticas\/\" target=\"_self\"><img fetchpriority=\"high\" decoding=\"async\" width=\"300\" height=\"240\" src=\"https:\/\/chiropractorinspain.es\/wp-content\/uploads\/2020\/10\/magic-spine-300x240.jpg\" class=\"lsow-image skip-lazy no-lazyload exclude-me a3-notlazy wp-post-image\" alt=\"\" data-no-lazy=\"1\" loading=\"eager\" srcset=\"https:\/\/chiropractorinspain.es\/wp-content\/uploads\/2020\/10\/magic-spine-300x240.jpg 300w, https:\/\/chiropractorinspain.es\/wp-content\/uploads\/2020\/10\/magic-spine-768x614.jpg 768w, https:\/\/chiropractorinspain.es\/wp-content\/uploads\/2020\/10\/magic-spine.jpg 925w\" sizes=\"(max-width: 300px) 100vw, 300px\" \/><\/a><\/div><div class=\"lsow-entry-text-wrap \"><h3 class=\"entry-title\"><a href=\"https:\/\/chiropractorinspain.es\/es\/blog\/sensaciones-quiropracticas\/\" title=\"Sensaciones Quiropr\u00e1cticas\" target=\"_self\" rel=\"bookmark\">Sensaciones Quiropr\u00e1cticas<\/a><\/h3><\/div><\/article><!-- .hentry --><\/div><div data-id=\"id-2319\" class=\"lsow-grid-item lsow-portfolio-item  term-101\"><article id=\"post-2319\" class=\"post-2319 post type-post status-publish format-standard has-post-thumbnail hentry category-quiropractica post-with-thumbnail post-with-thumbnail-large\"><div class=\"lsow-project-image\"><a href=\"https:\/\/chiropractorinspain.es\/es\/blog\/testimonio-de-silvia-frigolet\/\" target=\"_self\"><img decoding=\"async\" width=\"300\" height=\"224\" src=\"https:\/\/chiropractorinspain.es\/wp-content\/uploads\/2020\/10\/silvia_frigolet-300x224.jpeg\" class=\"lsow-image skip-lazy no-lazyload exclude-me a3-notlazy wp-post-image\" alt=\"\" data-no-lazy=\"1\" loading=\"eager\" srcset=\"https:\/\/chiropractorinspain.es\/wp-content\/uploads\/2020\/10\/silvia_frigolet-300x224.jpeg 300w, https:\/\/chiropractorinspain.es\/wp-content\/uploads\/2020\/10\/silvia_frigolet-768x574.jpeg 768w, https:\/\/chiropractorinspain.es\/wp-content\/uploads\/2020\/10\/silvia_frigolet.jpeg 960w\" sizes=\"(max-width: 300px) 100vw, 300px\" \/><\/a><\/div><div class=\"lsow-entry-text-wrap \"><h3 class=\"entry-title\"><a href=\"https:\/\/chiropractorinspain.es\/es\/blog\/testimonio-de-silvia-frigolet\/\" title=\"Testimonio de Silvia Frigolet\" target=\"_self\" rel=\"bookmark\">Testimonio de Silvia Frigolet<\/a><\/h3><\/div><\/article><!-- .hentry --><\/div><div data-id=\"id-2326\" class=\"lsow-grid-item lsow-portfolio-item  term-101\"><article id=\"post-2326\" class=\"post-2326 post type-post status-publish format-standard has-post-thumbnail hentry category-quiropractica post-with-thumbnail post-with-thumbnail-large\"><div class=\"lsow-project-image\"><a href=\"https:\/\/chiropractorinspain.es\/es\/blog\/introduccion-a-la-quiropractica\/\" target=\"_self\"><img decoding=\"async\" width=\"300\" height=\"200\" src=\"https:\/\/chiropractorinspain.es\/wp-content\/uploads\/2020\/10\/body-care-skeleton-health-care-body-spine-bones-doctor-physiotherapy-physiotherapist_t20_x697WQ-300x200.jpg\" class=\"lsow-image skip-lazy no-lazyload exclude-me a3-notlazy wp-post-image\" alt=\"\" data-no-lazy=\"1\" loading=\"eager\" srcset=\"https:\/\/chiropractorinspain.es\/wp-content\/uploads\/2020\/10\/body-care-skeleton-health-care-body-spine-bones-doctor-physiotherapy-physiotherapist_t20_x697WQ-300x200.jpg 300w, https:\/\/chiropractorinspain.es\/wp-content\/uploads\/2020\/10\/body-care-skeleton-health-care-body-spine-bones-doctor-physiotherapy-physiotherapist_t20_x697WQ-1024x683.jpg 1024w, https:\/\/chiropractorinspain.es\/wp-content\/uploads\/2020\/10\/body-care-skeleton-health-care-body-spine-bones-doctor-physiotherapy-physiotherapist_t20_x697WQ-768x512.jpg 768w, https:\/\/chiropractorinspain.es\/wp-content\/uploads\/2020\/10\/body-care-skeleton-health-care-body-spine-bones-doctor-physiotherapy-physiotherapist_t20_x697WQ-272x182.jpg 272w, https:\/\/chiropractorinspain.es\/wp-content\/uploads\/2020\/10\/body-care-skeleton-health-care-body-spine-bones-doctor-physiotherapy-physiotherapist_t20_x697WQ.jpg 1059w\" sizes=\"(max-width: 300px) 100vw, 300px\" \/><\/a><\/div><div class=\"lsow-entry-text-wrap \"><h3 class=\"entry-title\"><a href=\"https:\/\/chiropractorinspain.es\/es\/blog\/introduccion-a-la-quiropractica\/\" title=\"Introducci\u00f3n a la Quiropr\u00e1ctica\" target=\"_self\" rel=\"bookmark\">Introducci\u00f3n a la Quiropr\u00e1ctica<\/a><\/h3><\/div><\/article><!-- .hentry --><\/div><div data-id=\"id-2302\" class=\"lsow-grid-item lsow-portfolio-item  term-99\"><article id=\"post-2302\" class=\"post-2302 post type-post status-publish format-standard has-post-thumbnail hentry category-embarazo post-with-thumbnail post-with-thumbnail-large\"><div class=\"lsow-project-image\"><a href=\"https:\/\/chiropractorinspain.es\/es\/blog\/el-cuidado-quiropractico-antes-durante-y-despues-del-embarazo\/\" target=\"_self\"><img decoding=\"async\" width=\"300\" height=\"200\" src=\"https:\/\/chiropractorinspain.es\/wp-content\/uploads\/2020\/10\/beautiful-pregnant-woman-expecting-baby-feeling-ti-K228QFB-300x200.jpg\" class=\"lsow-image skip-lazy no-lazyload exclude-me a3-notlazy wp-post-image\" alt=\"\" data-no-lazy=\"1\" loading=\"eager\" srcset=\"https:\/\/chiropractorinspain.es\/wp-content\/uploads\/2020\/10\/beautiful-pregnant-woman-expecting-baby-feeling-ti-K228QFB-300x200.jpg 300w, https:\/\/chiropractorinspain.es\/wp-content\/uploads\/2020\/10\/beautiful-pregnant-woman-expecting-baby-feeling-ti-K228QFB-768x512.jpg 768w, https:\/\/chiropractorinspain.es\/wp-content\/uploads\/2020\/10\/beautiful-pregnant-woman-expecting-baby-feeling-ti-K228QFB-272x182.jpg 272w, https:\/\/chiropractorinspain.es\/wp-content\/uploads\/2020\/10\/beautiful-pregnant-woman-expecting-baby-feeling-ti-K228QFB.jpg 1000w\" sizes=\"(max-width: 300px) 100vw, 300px\" \/><\/a><\/div><div class=\"lsow-entry-text-wrap \"><h3 class=\"entry-title\"><a href=\"https:\/\/chiropractorinspain.es\/es\/blog\/el-cuidado-quiropractico-antes-durante-y-despues-del-embarazo\/\" title=\"El cuidado quiropr\u00e1ctico antes, durante y despu\u00e9s del embarazo\" target=\"_self\" rel=\"bookmark\">El cuidado quiropr\u00e1ctico antes, durante y despu\u00e9s del embarazo<\/a><\/h3><\/div><\/article><!-- .hentry --><\/div><div data-id=\"id-2292\" class=\"lsow-grid-item lsow-portfolio-item  term-94\"><article id=\"post-2292\" class=\"post-2292 post type-post status-publish format-standard has-post-thumbnail hentry category-tratamientos-y-problemas-de-salud tag-dolor tag-hombre post-with-thumbnail post-with-thumbnail-large\"><div class=\"lsow-project-image\"><a href=\"https:\/\/chiropractorinspain.es\/es\/blog\/dolor-de-hombro\/\" target=\"_self\"><img decoding=\"async\" width=\"300\" height=\"246\" src=\"https:\/\/chiropractorinspain.es\/wp-content\/uploads\/2020\/10\/dolor_hombro-300x246.png\" class=\"lsow-image skip-lazy no-lazyload exclude-me a3-notlazy wp-post-image\" alt=\"\" data-no-lazy=\"1\" loading=\"eager\" srcset=\"https:\/\/chiropractorinspain.es\/wp-content\/uploads\/2020\/10\/dolor_hombro-300x246.png 300w, https:\/\/chiropractorinspain.es\/wp-content\/uploads\/2020\/10\/dolor_hombro.png 318w\" sizes=\"(max-width: 300px) 100vw, 300px\" \/><\/a><\/div><div class=\"lsow-entry-text-wrap \"><h3 class=\"entry-title\"><a href=\"https:\/\/chiropractorinspain.es\/es\/blog\/dolor-de-hombro\/\" title=\"Dolor de hombro\" target=\"_self\" rel=\"bookmark\">Dolor de hombro<\/a><\/h3><\/div><\/article><!-- .hentry --><\/div><div data-id=\"id-2298\" class=\"lsow-grid-item lsow-portfolio-item  term-94\"><article id=\"post-2298\" class=\"post-2298 post type-post status-publish format-standard has-post-thumbnail hentry category-tratamientos-y-problemas-de-salud tag-dedos tag-dolor tag-entumecimiento tag-hormigueo tag-mano post-with-thumbnail post-with-thumbnail-large\"><div class=\"lsow-project-image\"><a href=\"https:\/\/chiropractorinspain.es\/es\/blog\/carpal-tunnel-syndrome\/\" target=\"_self\"><img decoding=\"async\" width=\"300\" height=\"200\" src=\"https:\/\/chiropractorinspain.es\/wp-content\/uploads\/2020\/10\/close-up-employee-man-massage-on-his-hand-and-arm-7Q94W5B-300x200.jpg\" class=\"lsow-image skip-lazy no-lazyload exclude-me a3-notlazy wp-post-image\" alt=\"\" data-no-lazy=\"1\" loading=\"eager\" srcset=\"https:\/\/chiropractorinspain.es\/wp-content\/uploads\/2020\/10\/close-up-employee-man-massage-on-his-hand-and-arm-7Q94W5B-300x200.jpg 300w, https:\/\/chiropractorinspain.es\/wp-content\/uploads\/2020\/10\/close-up-employee-man-massage-on-his-hand-and-arm-7Q94W5B-768x512.jpg 768w, https:\/\/chiropractorinspain.es\/wp-content\/uploads\/2020\/10\/close-up-employee-man-massage-on-his-hand-and-arm-7Q94W5B-272x182.jpg 272w, https:\/\/chiropractorinspain.es\/wp-content\/uploads\/2020\/10\/close-up-employee-man-massage-on-his-hand-and-arm-7Q94W5B.jpg 1000w\" sizes=\"(max-width: 300px) 100vw, 300px\" \/><\/a><\/div><div class=\"lsow-entry-text-wrap \"><h3 class=\"entry-title\"><a href=\"https:\/\/chiropractorinspain.es\/es\/blog\/carpal-tunnel-syndrome\/\" title=\"Sindrome del tunel Carpiano\" target=\"_self\" rel=\"bookmark\">Sindrome del tunel Carpiano<\/a><\/h3><\/div><\/article><!-- .hentry --><\/div><div data-id=\"id-2307\" class=\"lsow-grid-item lsow-portfolio-item  term-94\"><article id=\"post-2307\" class=\"post-2307 post type-post status-publish format-standard has-post-thumbnail hentry category-tratamientos-y-problemas-de-salud post-with-thumbnail post-with-thumbnail-large\"><div class=\"lsow-project-image\"><a href=\"https:\/\/chiropractorinspain.es\/es\/blog\/forward-head-posture\/\" target=\"_self\"><img decoding=\"async\" width=\"300\" height=\"224\" src=\"https:\/\/chiropractorinspain.es\/wp-content\/uploads\/2020\/08\/BLOG-Forward-head-posture-leads-to-disease.png\" class=\"lsow-image skip-lazy no-lazyload exclude-me a3-notlazy wp-post-image\" alt=\"\" data-no-lazy=\"1\" loading=\"eager\" \/><\/a><\/div><div class=\"lsow-entry-text-wrap \"><h3 class=\"entry-title\"><a href=\"https:\/\/chiropractorinspain.es\/es\/blog\/forward-head-posture\/\" title=\"S\u00edndrome de la Cabeza Adelantada\" target=\"_self\" rel=\"bookmark\">S\u00edndrome de la Cabeza Adelantada<\/a><\/h3><\/div><\/article><!-- .hentry --><\/div><\/div><!-- .lsow-portfolio --><\/div><!-- .lsow-portfolio-wrap --><\/div><\/div><\/div><\/div><\/div><\/div>","protected":false},"excerpt":{"rendered":"<p>AllEmbarazoQuiropr\u00e1cticaTratamientos y problemas de saludSensaciones Quiropr\u00e1cticasTestimonio de Silvia FrigoletIntroducci\u00f3n a la Quiropr\u00e1cticaEl cuidado quiropr\u00e1ctico antes, durante y despu\u00e9s del embarazoDolor de hombroSindrome del tunel CarpianoS\u00edndrome de la Cabeza Adelantada<\/p>\n","protected":false},"author":1,"featured_media":0,"parent":0,"menu_order":0,"comment_status":"closed","ping_status":"closed","template":"","meta":{"footnotes":""},"class_list":["post-2335","page","type-page","status-publish","hentry","post"],"_links":{"self":[{"href":"https:\/\/chiropractorinspain.es\/es\/wp-json\/wp\/v2\/pages\/2335","targetHints":{"allow":["GET"]}}],"collection":[{"href":"https:\/\/chiropractorinspain.es\/es\/wp-json\/wp\/v2\/pages"}],"about":[{"href":"https:\/\/chiropractorinspain.es\/es\/wp-json\/wp\/v2\/types\/page"}],"author":[{"embeddable":true,"href":"https:\/\/chiropractorinspain.es\/es\/wp-json\/wp\/v2\/users\/1"}],"replies":[{"embeddable":true,"href":"https:\/\/chiropractorinspain.es\/es\/wp-json\/wp\/v2\/comments?post=2335"}],"version-history":[{"count":4,"href":"https:\/\/chiropractorinspain.es\/es\/wp-json\/wp\/v2\/pages\/2335\/revisions"}],"predecessor-version":[{"id":2339,"href":"https:\/\/chiropractorinspain.es\/es\/wp-json\/wp\/v2\/pages\/2335\/revisions\/2339"}],"wp:attachment":[{"href":"https:\/\/chiropractorinspain.es\/es\/wp-json\/wp\/v2\/media?parent=2335"}],"curies":[{"name":"wp","href":"https:\/\/api.w.org\/{rel}","templated":true}]}}