{"id":2284,"date":"2020-08-15T14:10:59","date_gmt":"2020-08-15T14:10:59","guid":{"rendered":"https:\/\/chiropractorinspain.es\/advanced-chiropractic-albir\/"},"modified":"2026-01-27T15:57:20","modified_gmt":"2026-01-27T15:57:20","slug":"advanced-chiropractic-albir","status":"publish","type":"page","link":"https:\/\/chiropractorinspain.es\/es\/","title":{"rendered":"Quiropr\u00e1ctica Avanzada"},"content":{"rendered":"<div id=\"pl-2284\"  class=\"panel-layout\" ><div id=\"pg-2284-0\"  class=\"panel-grid panel-has-style\" ><div class=\"siteorigin-panels-stretch panel-row-style panel-row-style-for-2284-0\" id=\"video_header\" data-stretch-type=\"full\" ><div id=\"pgc-2284-0-0\"  class=\"panel-grid-cell\" ><div id=\"panel-2284-0-0-0\" class=\"so-panel widget widget_sow-editor panel-first-child panel-last-child\" data-index=\"0\" ><div id=\"home_header-phone\" class=\"panel-widget-style panel-widget-style-for-2284-0-0-0\" ><div\n\t\t\t\n\t\t\tclass=\"so-widget-sow-editor so-widget-sow-editor-base\"\n\t\t\t\n\t\t>\n<div class=\"siteorigin-widget-tinymce textwidget\">\n\t<h2><strong><i class=\"fa fa-phone \" ><\/i> 9668 65432<\/strong><\/h2>\n<h2><strong><i class=\"fa fa-whatsapp \" ><\/i> 643 229 377<\/strong><\/h2>\n<h2><a href=\"https:\/\/chiropractorinspain.es\/es\/booking\/\" rel=\"noopener\"><strong><i class=\"fa fa-calendar \" ><\/i> Reservar online<\/strong><\/a><\/h2>\n<\/div>\n<\/div><\/div><\/div><\/div><div id=\"pgc-2284-0-1\"  class=\"panel-grid-cell\" ><div id=\"panel-2284-0-1-0\" class=\"so-panel widget widget_sow-button panel-first-child panel-last-child\" data-index=\"1\" ><div id=\"scroll_down-button\" class=\"panel-widget-style panel-widget-style-for-2284-0-1-0\" ><div\n\t\t\t\n\t\t\tclass=\"so-widget-sow-button so-widget-sow-button-flat-90a84a24490c-2284\"\n\t\t\t\n\t\t><div class=\"ow-button-base ow-button-align-center\"\n>\n\t\t\t<a\n\t\t\t\t\thref=\"#main_content\"\n\t\t\t\t\tclass=\"sowb-button ow-icon-placement-bottom ow-button-hover\" \t>\n\t\t<span>\n\t\t\t<span class=\"sow-icon-ionicons\" data-sow-icon=\"&#xf3d0;\"\n\t\tstyle=\"color: #3e61ab\" \n\t\taria-hidden=\"true\"><\/span>\n\t\t\t\t\t<\/span>\n\t\t\t<\/a>\n\t<\/div>\n<\/div><\/div><\/div><\/div><\/div><\/div><div id=\"pg-2284-1\"  class=\"panel-grid panel-has-style\" ><div class=\"lsow-dark-bg siteorigin-panels-stretch panel-row-style panel-row-style-for-2284-1\" id=\"why-aq\" data-stretch-type=\"full\" ><div id=\"pgc-2284-1-0\"  class=\"panel-grid-cell\" ><div id=\"panel-2284-1-0-0\" class=\"so-panel widget widget_sow-editor panel-first-child\" data-index=\"2\" ><div id=\"why-aq-text\" class=\"panel-widget-style panel-widget-style-for-2284-1-0-0\" ><div\n\t\t\t\n\t\t\tclass=\"so-widget-sow-editor so-widget-sow-editor-base\"\n\t\t\t\n\t\t><h3 class=\"widget-title\">\u00bfPorqu\u00e9 Quiropr\u00e1ctica Avanzada?<\/h3>\n<div class=\"siteorigin-widget-tinymce textwidget\">\n\t<ul>\n<li>Mantener la salud es una prioridad<\/li>\n<\/ul>\n<ul>\n<li>Quiere ir hacia la raiz del problema<\/li>\n<\/ul>\n<ul>\n<li>Est\u00e1 cansado de tomar f\u00e1rmacos<\/li>\n<\/ul>\n<ul>\n<li>Busca una alternativa a la cirug\u00eda<\/li>\n<\/ul>\n<ul>\n<li>Est\u00e1 preparado para empezar a cuidar su salud de una manera distinta<\/li>\n<\/ul>\n<\/div>\n<\/div><\/div><\/div><div id=\"panel-2284-1-0-1\" class=\"so-panel widget widget_siteorigin-panels-image panel-last-child\" data-index=\"3\" ><div id=\"why-aq-overlay\" class=\"panel-widget-style panel-widget-style-for-2284-1-0-1\" ><img decoding=\"async\" src=\"\" \/><\/div><\/div><\/div><\/div><\/div><div id=\"pg-2284-2\"  class=\"panel-grid panel-no-style\" ><div id=\"pgc-2284-2-0\"  class=\"panel-grid-cell\" ><div id=\"panel-2284-2-0-0\" class=\"so-panel widget widget_headline-widget panel-first-child\" data-index=\"4\" >\t\t<h1>\u00bfQue es la quiropr\u00e1ctica?<\/h1>\n\t\t<div class=\"decoration\"><div class=\"decoration-inside\"><\/div><\/div>\n\t\t<h3><\/h3>\n\t\t<\/div><div id=\"panel-2284-2-0-1\" class=\"so-panel widget widget_sow-video panel-last-child\" data-index=\"5\" ><div\n\t\t\t\n\t\t\tclass=\"so-widget-sow-video so-widget-sow-video-default-c08170c47cfb-2284\"\n\t\t\t\n\t\t>\n<div class=\"sow-video-wrapper\n\">\n\t\t\t<iframe loading=\"lazy\" class=\"wp-embedded-content\" sandbox=\"allow-scripts\" security=\"restricted\" title=\"01 - The Beginners Guide to Chiropractic Video\" src=\"https:\/\/fast.wistia.net\/embed\/iframe\/33g8w3c0s6?dnt=1&enablejsapi=1#?secret=UCnEqnRnrb\" data-secret=\"UCnEqnRnrb\" frameborder=\"0\" scrolling=\"no\" width=\"720\" height=\"405\" allowfullscreen mozallowfullscreen webkitallowfullscreen sandbox=\"allow-scripts allow-same-origin allow-presentation\"><\/iframe>\t<\/div>\n<\/div><\/div><\/div><\/div><div id=\"pg-2284-3\"  class=\"panel-grid panel-has-style\" ><div class=\"siteorigin-panels-stretch panel-row-style panel-row-style-for-2284-3\" id=\"google-row\" data-stretch-type=\"full-width-stretch\" ><div id=\"pgc-2284-3-0\"  class=\"panel-grid-cell\" ><div id=\"panel-2284-3-0-0\" class=\"so-panel widget widget_sow-image panel-first-child panel-last-child\" data-index=\"6\" ><div\n\t\t\t\n\t\t\tclass=\"so-widget-sow-image so-widget-sow-image-default-e4c2d9f6c920-2284\"\n\t\t\t\n\t\t>\n<div class=\"sow-image-container\">\n\t\t<img \n\tsrc=\"https:\/\/chiropractorinspain.es\/wp-content\/uploads\/2021\/12\/iu-e1639076348210.png\" width=\"512\" height=\"512\" sizes=\"(max-width: 512px) 100vw, 512px\" title=\"iu\" alt=\"Google reviews logo\" \t\tclass=\"so-widget-image\"\/>\n\t<\/div>\n\n<\/div><\/div><\/div><div id=\"pgc-2284-3-1\"  class=\"panel-grid-cell\" ><div id=\"panel-2284-3-1-0\" class=\"so-panel widget widget_sow-button panel-first-child panel-last-child\" data-index=\"7\" ><div class=\"main-button panel-widget-style panel-widget-style-for-2284-3-1-0\" id=\"google_review_button\" ><div\n\t\t\t\n\t\t\tclass=\"so-widget-sow-button so-widget-sow-button-atom-180bde15d735-2284\"\n\t\t\t\n\t\t><div class=\"ow-button-base ow-button-align-left\"\n>\n\t\t\t<a href=\"https:\/\/www.google.com\/search?client=safari&#038;sca_esv=a24eb7beebb63ee4&#038;rls=en&#038;tbm=lcl&#038;q=Advanced+Chiropractic\/Quiropr%C3%A1ctica+Avanzada+Reviews&#038;rflfq=1&#038;num=20&#038;stick=H4sIAAAAAAAAAONgkxK2NDYwMzE1N7cwMLYwNTcxtrQ03cDI-IrR1DGlLDEvOTVFwTkjsyi_oCgxuSQzWT-wFMw5vBDES1RwBKqpSkxJVAhKLctMLS9exEqePgD2qRhKigAAAA&#038;rldimm=9306457780385743995&#038;hl=en-ES&#038;sa=X&#038;ved=2ahUKEwjpmN3P8-uMAxVyhv0HHbWpJQUQ9fQKegQITBAF&#038;biw=1512&#038;bih=799&#038;dpr=2#lkt=LocalPoiReviews\" class=\"sowb-button ow-icon-placement-left ow-button-hover\" target=\"_blank\" rel=\"noopener noreferrer\">\n\t\t<span>\n\t\t\t\n\t\t\tDeja una rese\u00f1a en Google\t\t<\/span>\n\t\t\t<\/a>\n\t<\/div>\n<\/div><\/div><\/div><\/div><\/div><\/div><div id=\"pg-2284-4\"  class=\"panel-grid panel-has-style\" ><div id=\"the_big_idea\" class=\"panel-row-style panel-row-style-for-2284-4\" ><div id=\"pgc-2284-4-0\"  class=\"panel-grid-cell\" ><div id=\"panel-2284-4-0-0\" class=\"so-panel widget widget_sow-editor panel-first-child panel-last-child\" data-index=\"8\" ><div id=\"big-idea\" class=\"panel-widget-style panel-widget-style-for-2284-4-0-0\" ><div\n\t\t\t\n\t\t\tclass=\"so-widget-sow-editor so-widget-sow-editor-base\"\n\t\t\t\n\t\t><h3 class=\"widget-title\">La Gran Idea<\/h3>\n<div class=\"siteorigin-widget-tinymce textwidget\">\n\t<div class=\"siteorigin-widget-tinymce textwidget\">\n<p><img loading=\"lazy\" decoding=\"async\" class=\"quotes-sign alignleft wp-image-1091 size-thumbnail\" src=\"https:\/\/chiropractorinspain.es\/wp-content\/uploads\/2020\/08\/quotes-150x150.png\" alt=\"\" width=\"150\" height=\"150\" srcset=\"https:\/\/chiropractorinspain.es\/wp-content\/uploads\/2020\/08\/quotes-150x150.png 150w, https:\/\/chiropractorinspain.es\/wp-content\/uploads\/2020\/08\/quotes-300x300.png 300w, https:\/\/chiropractorinspain.es\/wp-content\/uploads\/2020\/08\/quotes-120x120.png 120w, https:\/\/chiropractorinspain.es\/wp-content\/uploads\/2020\/08\/quotes.png 512w\" sizes=\"auto, (max-width: 150px) 100vw, 150px\" \/><\/p>\n<p style=\"text-align: center;\">Todo en su cuerpo; \u00f3rganos, c\u00e9lulas, m\u00fasculos y glandulas dependen de la informaci\u00f3n que se genera en su cerebro y que es distribuida a trav\u00e9s de la m\u00e9dula y los nervios.<\/p>\n<p style=\"text-align: center;\">Si las v\u00e9rtebras est\u00e1n alineadas el nervio transmite correctamente la informaci\u00f3n, pero si las v\u00e9rtebras se bloquean, afectando al nervio, la informaci\u00f3n se distorsiona y su cuerpo trabaja bajo una informaci\u00f3n err\u00f3nea.<\/p>\n<p style=\"text-align: center;\"><strong>El Doctor en Quiropr\u00e1ctica<\/strong>\u00a0trabaja con sus manos, para corregir el movimiento de la v\u00e9rtebra bloqueada, quitar la presi\u00f3n del nervio, y restaurar la comunicaci\u00f3n entre el \u00a0cerebro y todo su organismo.\u00a0Resultado: un cuerpo trabajando al m\u00e1ximo de su potencial!<\/p>\n<p style=\"text-align: center;\">Esa es<strong> La Gran Idea<\/strong>.<\/p>\n<\/div>\n<\/div>\n<\/div><\/div><\/div><\/div><div id=\"pgc-2284-4-1\"  class=\"panel-grid-cell\" ><div id=\"panel-2284-4-1-0\" class=\"so-panel widget widget_media_image panel-first-child panel-last-child\" data-index=\"9\" ><div id=\"img-palmer\" class=\"panel-widget-style panel-widget-style-for-2284-4-1-0\" ><img loading=\"lazy\" decoding=\"async\" width=\"250\" height=\"316\" src=\"https:\/\/chiropractorinspain.es\/wp-content\/uploads\/2021\/09\/B.J.-Palmer-spansk.gif\" class=\"image wp-image-3648  attachment-full size-full\" alt=\"Quiropractica\" style=\"max-width: 100%; height: auto;\" \/><\/div><\/div><\/div><\/div><\/div><\/div>","protected":false},"excerpt":{"rendered":"<p>9668 65432 643 229 377 Reservar online Mantener la salud es una prioridad Quiere ir hacia la raiz del problema Est\u00e1 cansado de tomar f\u00e1rmacos Busca una alternativa a la cirug\u00eda Est\u00e1 preparado para empezar a cuidar su salud de una manera distinta<\/p>\n","protected":false},"author":1,"featured_media":2571,"parent":0,"menu_order":0,"comment_status":"closed","ping_status":"closed","template":"home-panels.php","meta":{"footnotes":""},"class_list":["post-2284","page","type-page","status-publish","has-post-thumbnail","hentry","post","post-with-thumbnail","post-with-thumbnail-large"],"_links":{"self":[{"href":"https:\/\/chiropractorinspain.es\/es\/wp-json\/wp\/v2\/pages\/2284","targetHints":{"allow":["GET"]}}],"collection":[{"href":"https:\/\/chiropractorinspain.es\/es\/wp-json\/wp\/v2\/pages"}],"about":[{"href":"https:\/\/chiropractorinspain.es\/es\/wp-json\/wp\/v2\/types\/page"}],"author":[{"embeddable":true,"href":"https:\/\/chiropractorinspain.es\/es\/wp-json\/wp\/v2\/users\/1"}],"replies":[{"embeddable":true,"href":"https:\/\/chiropractorinspain.es\/es\/wp-json\/wp\/v2\/comments?post=2284"}],"version-history":[{"count":85,"href":"https:\/\/chiropractorinspain.es\/es\/wp-json\/wp\/v2\/pages\/2284\/revisions"}],"predecessor-version":[{"id":4473,"href":"https:\/\/chiropractorinspain.es\/es\/wp-json\/wp\/v2\/pages\/2284\/revisions\/4473"}],"wp:featuredmedia":[{"embeddable":true,"href":"https:\/\/chiropractorinspain.es\/es\/wp-json\/wp\/v2\/media\/2571"}],"wp:attachment":[{"href":"https:\/\/chiropractorinspain.es\/es\/wp-json\/wp\/v2\/media?parent=2284"}],"curies":[{"name":"wp","href":"https:\/\/api.w.org\/{rel}","templated":true}]}}