{"id":2263,"date":"2020-10-16T12:11:41","date_gmt":"2020-10-16T12:11:41","guid":{"rendered":"https:\/\/chiropractorinspain.es\/?page_id=2263"},"modified":"2020-10-18T15:54:13","modified_gmt":"2020-10-18T15:54:13","slug":"alivio-correccion-y-bienestar","status":"publish","type":"page","link":"https:\/\/chiropractorinspain.es\/es\/alivio-correccion-y-bienestar\/","title":{"rendered":"Alivio, Correcci\u00f3n y Bienestar"},"content":{"rendered":"<p>Hay tres fases dentro del cuidado quiropr\u00e1ctico: <strong>alivio, correcci\u00f3n y bienestar<\/strong>. El alivio es la primera fase y su objetivo es conseguir liberar presi\u00f3n sobre el nervio para que pueda empezar el proceso curativo y sentirse mejor. El n\u00famero de visitas necesarias para ello depender\u00e1 la buena voluntad y su edad, todo depende del estilo de vida que llevemos.<\/p>\n<p>Recuerde que la mayor\u00eda de los pacientes se acercan a nuestra consulta, ya se encuentran en una fase II de degeneramiento vertebral y se pueden detectar problemas subyacentes que causan da\u00f1o a la articulaci\u00f3n, los m\u00fasculos, ligamentos y nervios, y en \u00faltima instancia, a su salud. De hecho, una gran cantidad de personas se presentan ya estando en fase II sin embargo, han detectados los s\u00edntomas durante un periodo muy corto de tiempo.<\/p>\n<p>La restauraci\u00f3n del cuerpo su funcionamiento normal o m\u00e1xima expresi\u00f3n es la meta de la fase de <strong>\u00abcorrecci\u00f3n\u00bb<\/strong>. En la mayor\u00eda de los casos, el dolor es lo \u00faltimo en aparecer y lo primero que debe desaparecer cuando se comienza con el tratamiento de la subluxaci\u00f3n vertebral. Esa adaptaci\u00f3n del cuerpo, teniendo en cuenta los m\u00fasculos y otros tejidos blandos (como el disco y los ligamentos) requiere un cuidado m\u00e1s all\u00e1 de la fase de auxilio, por lo tanto requieren un cuidado quiropr\u00e1ctico m\u00e1s prolongado para que pueda corregirse de manera apropiada.<\/p>\n<p>El prop\u00f3sito de la fase de <strong>\u00abbienestar\u00bb<\/strong> es evitar reca\u00eddas y tambi\u00e9n prevenir que nuevos problemas o subluxaciones vertebrales aparezcan.<\/p>\n<p><strong>La quiropr\u00e1ctica<\/strong> quiere garantizar que su sistema nervioso siempre est\u00e9 funcionando el 100% de su capacidad. Cada uno de nosotros estamos en constante adaptaci\u00f3n a las influencias externas a trav\u00e9s de nuestro sistema nervioso. Por ejemplo, cuando levantamos a un ni\u00f1o en brazos, cuando pasamos mucho tiempo sentados en un escritorio, al ir al gimnasio o exigir m\u00e1s de lo normal en nuestra rutina; es nuestro sistema nervioso el que interpretar toda esta informaci\u00f3n y permite que nuestro cuerpo se adapte y act\u00fae de la mejor manera. La Quiropr\u00e1ctica garantiza que su sistema nervioso est\u00e9 libre de interferencias nerviosas permitiendo las funciones de su cuerpo se lleven a cabo de manera \u00f3ptima.<\/p>\n<p>Cuando la mejor\u00eda llega a su m\u00e1xima expresi\u00f3n, su quiropr\u00e1ctico sugerir\u00e1 un nivel adecuado de cuidado necesario para \u00abmantener\u00bb las correcciones hechas a lo largo del tratamiento.<\/p>\n<p><strong>Mientras que la quiropr\u00e1ctica puede ayudar con la restauraci\u00f3n de la funci\u00f3n dentro de la columna vertebral, siempre habr\u00e1 una debilidad subyacente en la misma. Por ello es importante recibir chequeos regulares para garantizar que no haya reca\u00eddas y las v\u00e9rtebras se desplacen a su antigua posici\u00f3n. Es decir, usted no puede recibir a \u00abcolumna vertebral nueva\u00bb, pero podemos corregir cualquier problema que tenga en su columna para lograr que funcione al 100% de lo que es capaz y luego simplemente tener que mantenerlo.<\/strong><\/p>\n","protected":false},"excerpt":{"rendered":"<p>Hay tres fases dentro del cuidado quiropr\u00e1ctico: alivio, correcci\u00f3n y bienestar. El alivio es la primera fase y su objetivo es conseguir liberar presi\u00f3n sobre el nervio para que pueda empezar el proceso curativo y sentirse mejor. El n\u00famero de visitas necesarias para ello depender\u00e1 la buena voluntad y su [&hellip;]<\/p>\n","protected":false},"author":1,"featured_media":0,"parent":0,"menu_order":0,"comment_status":"closed","ping_status":"closed","template":"","meta":{"footnotes":""},"class_list":["post-2263","page","type-page","status-publish","hentry","post"],"_links":{"self":[{"href":"https:\/\/chiropractorinspain.es\/es\/wp-json\/wp\/v2\/pages\/2263","targetHints":{"allow":["GET"]}}],"collection":[{"href":"https:\/\/chiropractorinspain.es\/es\/wp-json\/wp\/v2\/pages"}],"about":[{"href":"https:\/\/chiropractorinspain.es\/es\/wp-json\/wp\/v2\/types\/page"}],"author":[{"embeddable":true,"href":"https:\/\/chiropractorinspain.es\/es\/wp-json\/wp\/v2\/users\/1"}],"replies":[{"embeddable":true,"href":"https:\/\/chiropractorinspain.es\/es\/wp-json\/wp\/v2\/comments?post=2263"}],"version-history":[{"count":3,"href":"https:\/\/chiropractorinspain.es\/es\/wp-json\/wp\/v2\/pages\/2263\/revisions"}],"predecessor-version":[{"id":2668,"href":"https:\/\/chiropractorinspain.es\/es\/wp-json\/wp\/v2\/pages\/2263\/revisions\/2668"}],"wp:attachment":[{"href":"https:\/\/chiropractorinspain.es\/es\/wp-json\/wp\/v2\/media?parent=2263"}],"curies":[{"name":"wp","href":"https:\/\/api.w.org\/{rel}","templated":true}]}}