{"id":2226,"date":"2020-10-16T11:52:26","date_gmt":"2020-10-16T11:52:26","guid":{"rendered":"https:\/\/chiropractorinspain.es\/?page_id=2226"},"modified":"2025-04-22T12:45:46","modified_gmt":"2025-04-22T12:45:46","slug":"paginas-web-quiropractica","status":"publish","type":"page","link":"https:\/\/chiropractorinspain.es\/es\/paginas-web-quiropractica\/","title":{"rendered":"Paginas Web de Quiropr\u00e1ctica"},"content":{"rendered":"<div id=\"pl-2226\"  class=\"panel-layout\" ><div id=\"pg-2226-0\"  class=\"panel-grid panel-has-style\" ><div id=\"paginas_quiro\" class=\"panel-row-style panel-row-style-for-2226-0\" ><div id=\"pgc-2226-0-0\"  class=\"panel-grid-cell\" ><div id=\"panel-2226-0-0-0\" class=\"so-panel widget widget_sow-image panel-first-child\" data-index=\"0\" ><div\n\t\t\t\n\t\t\tclass=\"so-widget-sow-image so-widget-sow-image-default-113ccd71f3e6-2226\"\n\t\t\t\n\t\t><h3 class=\"widget-title\">Asociaci\u00f3n Espa\u00f1ola de Quirorpr\u00e1ctica<\/h3>\n<div class=\"sow-image-container\">\n\t\t\t<a href=\"https:\/\/quiropractica-aeq.com\" target=\"_blank\" rel=\"noopener\">\n\t\t\t<img \n\tsrc=\"https:\/\/chiropractorinspain.es\/wp-content\/uploads\/2020\/10\/aeq.jpg\" width=\"332\" height=\"180\" srcset=\"https:\/\/chiropractorinspain.es\/wp-content\/uploads\/2020\/10\/aeq.jpg 332w, https:\/\/chiropractorinspain.es\/wp-content\/uploads\/2020\/10\/aeq-300x163.jpg 300w\" sizes=\"(max-width: 332px) 100vw, 332px\" title=\"Asociaci\u00f3n Espa\u00f1ola de Quirorpr\u00e1ctica\" alt=\"\" \t\tclass=\"so-widget-image\"\/>\n\t\t\t<\/a><\/div>\n\n<\/div><\/div><div id=\"panel-2226-0-0-1\" class=\"so-panel widget widget_sow-image panel-last-child\" data-index=\"1\" ><div\n\t\t\t\n\t\t\tclass=\"so-widget-sow-image so-widget-sow-image-default-113ccd71f3e6-2226\"\n\t\t\t\n\t\t><h3 class=\"widget-title\">Schola Quiropr\u00e1ctica Barcelona<\/h3>\n<div class=\"sow-image-container\">\n\t\t\t<a href=\"https:\/\/bcchiropractic.es\" target=\"_blank\" rel=\"noopener\">\n\t\t\t<img \n\tsrc=\"https:\/\/chiropractorinspain.es\/wp-content\/uploads\/2020\/10\/bcc.png\" width=\"377\" height=\"89\" srcset=\"https:\/\/chiropractorinspain.es\/wp-content\/uploads\/2020\/10\/bcc.png 377w, https:\/\/chiropractorinspain.es\/wp-content\/uploads\/2020\/10\/bcc-300x71.png 300w\" sizes=\"(max-width: 377px) 100vw, 377px\" title=\"Schola Quiropr\u00e1ctica Barcelona\" alt=\"\" \t\tclass=\"so-widget-image\"\/>\n\t\t\t<\/a><\/div>\n\n<\/div><\/div><\/div><div id=\"pgc-2226-0-1\"  class=\"panel-grid-cell\" ><div id=\"panel-2226-0-1-0\" class=\"so-panel widget widget_sow-image panel-first-child\" data-index=\"2\" ><div\n\t\t\t\n\t\t\tclass=\"so-widget-sow-image so-widget-sow-image-default-113ccd71f3e6-2226\"\n\t\t\t\n\t\t><h3 class=\"widget-title\">Federaci\u00f3n Mundial de Quiropr\u00e1ctica<\/h3>\n<div class=\"sow-image-container\">\n\t\t\t<a href=\"https:\/\/www.wfc.org\/website\/index.php?lang=es\" target=\"_blank\" rel=\"noopener\">\n\t\t\t<img \n\tsrc=\"https:\/\/chiropractorinspain.es\/wp-content\/uploads\/2020\/10\/WFC-2016-Logo-multilingual.gif\" width=\"337\" height=\"111\" sizes=\"(max-width: 337px) 100vw, 337px\" title=\"Federaci\u00f3n Mundial de Quiropr\u00e1ctica\" alt=\"\" \t\tclass=\"so-widget-image\"\/>\n\t\t\t<\/a><\/div>\n\n<\/div><\/div><div id=\"panel-2226-0-1-1\" class=\"so-panel widget widget_sow-image panel-last-child\" data-index=\"3\" ><div\n\t\t\t\n\t\t\tclass=\"so-widget-sow-image so-widget-sow-image-default-113ccd71f3e6-2226\"\n\t\t\t\n\t\t><h3 class=\"widget-title\">T\u00edtulo Superior Universitario en Espa\u00f1a<\/h3>\n<div class=\"sow-image-container\">\n\t\t\t<a href=\"https:\/\/rcumariacristina.es\" target=\"_blank\" rel=\"noopener\">\n\t\t\t<img \n\tsrc=\"https:\/\/chiropractorinspain.es\/wp-content\/uploads\/2020\/10\/tsuee.png\" width=\"170\" height=\"117\" sizes=\"(max-width: 170px) 100vw, 170px\" title=\"T\u00edtulo Superior Universitario en Espa\u00f1a\" alt=\"\" \t\tclass=\"so-widget-image\"\/>\n\t\t\t<\/a><\/div>\n\n<\/div><\/div><\/div><\/div><\/div><\/div>","protected":false},"excerpt":{"rendered":"<p>Asociaci\u00f3n Espa\u00f1ola de Quirorpr\u00e1ctica Schola Quiropr\u00e1ctica Barcelona Federaci\u00f3n Mundial de Quiropr\u00e1ctica T\u00edtulo Superior Universitario en Espa\u00f1a<\/p>\n","protected":false},"author":1,"featured_media":0,"parent":0,"menu_order":0,"comment_status":"closed","ping_status":"closed","template":"","meta":{"footnotes":""},"class_list":["post-2226","page","type-page","status-publish","hentry","post"],"_links":{"self":[{"href":"https:\/\/chiropractorinspain.es\/es\/wp-json\/wp\/v2\/pages\/2226","targetHints":{"allow":["GET"]}}],"collection":[{"href":"https:\/\/chiropractorinspain.es\/es\/wp-json\/wp\/v2\/pages"}],"about":[{"href":"https:\/\/chiropractorinspain.es\/es\/wp-json\/wp\/v2\/types\/page"}],"author":[{"embeddable":true,"href":"https:\/\/chiropractorinspain.es\/es\/wp-json\/wp\/v2\/users\/1"}],"replies":[{"embeddable":true,"href":"https:\/\/chiropractorinspain.es\/es\/wp-json\/wp\/v2\/comments?post=2226"}],"version-history":[{"count":14,"href":"https:\/\/chiropractorinspain.es\/es\/wp-json\/wp\/v2\/pages\/2226\/revisions"}],"predecessor-version":[{"id":4350,"href":"https:\/\/chiropractorinspain.es\/es\/wp-json\/wp\/v2\/pages\/2226\/revisions\/4350"}],"wp:attachment":[{"href":"https:\/\/chiropractorinspain.es\/es\/wp-json\/wp\/v2\/media?parent=2226"}],"curies":[{"name":"wp","href":"https:\/\/api.w.org\/{rel}","templated":true}]}}