{"id":2215,"date":"2020-08-22T14:59:50","date_gmt":"2020-08-22T14:59:50","guid":{"rendered":"https:\/\/chiropractorinspain.es\/the-chiropractic-education\/"},"modified":"2020-10-16T11:43:44","modified_gmt":"2020-10-16T11:43:44","slug":"the-chiropractic-education","status":"publish","type":"page","link":"https:\/\/chiropractorinspain.es\/es\/the-chiropractic-education\/","title":{"rendered":"Formaci\u00f3n Quiropr\u00e1ctica"},"content":{"rendered":"<div id=\"pl-2215\"  class=\"panel-layout\" ><div id=\"pg-2215-0\"  class=\"panel-grid panel-no-style\" ><div id=\"pgc-2215-0-0\"  class=\"panel-grid-cell\" ><div id=\"panel-2215-0-0-0\" class=\"so-panel widget widget_sow-editor panel-first-child panel-last-child\" data-index=\"0\" ><div\n\t\t\t\n\t\t\tclass=\"so-widget-sow-editor so-widget-sow-editor-base\"\n\t\t\t\n\t\t>\n<div class=\"siteorigin-widget-tinymce textwidget\">\n\t<p><img loading=\"lazy\" decoding=\"async\" class=\"alignright size-full wp-image-145\" src=\"https:\/\/chiropractorinspain.es\/wp-content\/uploads\/2020\/08\/diploma.png\" alt=\"\" width=\"230\" height=\"210\" data-wp-editing=\"1\" \/><\/p>\n<p>Nuestra <strong>educaci\u00f3n quiropr\u00e1ctica<\/strong> es tan rigurosa como la de un m\u00e9dico tradicional, y en cierto modo hasta m\u00e1s minuciosa.<\/p>\n<p>Por el hecho de que un <strong>quiropr\u00e1ctico<\/strong> trata con una gran variedad de s\u00edntomas f\u00edsicos, una formaci\u00f3n amplia es necesaria. Nosotros aprendemos todo acerca de la estructura y funci\u00f3n del cuerpo humano, c\u00f3mo se alcanza y se mantiene el estado de salud, y los procesos de la enfermedad, con un \u00e9nfasis particular en las funciones y problem\u00e1ticas de la columna vertebral y c\u00f3mo \u00e9stas se relacionan con nuestro sistema nervioso y la salud general del individuo.<\/p>\n<p>La Formaci\u00f3n Quiropr\u00e1ctica consta de 5 pasos:<\/p>\n<ol>\n<li>Estudios Universitarios<\/li>\n<li>Entrenamiento Quiropr\u00e1ctico<\/li>\n<li>Per\u00edodo de Pr\u00e1cticas<\/li>\n<li>Formaci\u00f3n de Postgrado<\/li>\n<\/ol>\n<p><img loading=\"lazy\" decoding=\"async\" class=\"alignleft size-medium wp-image-146\" src=\"https:\/\/chiropractorinspain.es\/wp-content\/uploads\/2020\/08\/Graduation-300x206.jpg\" alt=\"\" width=\"300\" height=\"206\" srcset=\"https:\/\/chiropractorinspain.es\/wp-content\/uploads\/2020\/08\/Graduation-300x206.jpg 300w, https:\/\/chiropractorinspain.es\/wp-content\/uploads\/2020\/08\/Graduation.jpg 507w\" sizes=\"auto, (max-width: 300px) 100vw, 300px\" \/><\/p>\n<p>Los Estudios Universitarios consisten en 2 a\u00f1os de clases de pre-medicina, focalizados en asignaturas como F\u00edsica, Biolog\u00eda, Psicolog\u00eda, Anatom\u00eda y Qu\u00edmica.<\/p>\n<p>A partir de aqu\u00ed los aspirantes a quiropr\u00e1cticos asisten al Colegio Quiropr\u00e1ctico por un total de 5 a\u00f1os. Desde la Anatom\u00eda a la Fisiolog\u00eda, pasando por la Neurolog\u00eda y la Radiolog\u00eda, la <strong>Formaci\u00f3n Quiropr\u00e1ctica<\/strong> cubre una amplia gama, incluyendo cientos de horas de metodolog\u00eda manual quiropr\u00e1ctica.<\/p>\n<p>Una vez que los estudiantes han completado su itinerario formativo, por un total de 7 a\u00f1os, entonces deben realizar 1 a\u00f1o de pr\u00e1cticas, as\u00ed como pasar toda una serie de ex\u00e1menes espec\u00edficos. Esto asegura que ellos est\u00e9n capacitados para ofrecer el <strong>Cuidado Quiropr\u00e1ctico<\/strong> de mayor calidad.<\/p>\n<p>Pero como con cualquier otro m\u00e9dico, continuar la formaci\u00f3n es necesario para estar a la vanguardia del tratamiento quiropr\u00e1ctico. Esto viene garantizado por la asistencia obligatoria a seminarios anuales, requisito imprescindible para conservar la licencia y seguir ejerciendo como Quiropr\u00e1ctico.<\/p>\n<p>Nosotros dentro de la <strong>Quiropr\u00e1ctica Avanzada<\/strong>, hemos llevado nuestra formaci\u00f3n continua m\u00e1s all\u00e1, por medio de asistir a cursos de post-grado de 1 a 3 a\u00f1os de duraci\u00f3n, especializ\u00e1ndonos en <strong>Neurolog\u00eda, Pediatr\u00eda y Nutrici\u00f3n.<\/strong><\/p>\n<p>Como pod\u00e9is ver la <strong>Formaci\u00f3n Quiropr\u00e1ctica<\/strong> es detallada y meticulosa en cada \u00e1rea. El siguiente gr\u00e1fico puede ser \u00fatil, pues representa las similitudes entre la Formaci\u00f3n Quiropr\u00e1ctica y la formaci\u00f3n de un m\u00e9dico tradicional:<\/p>\n<\/div>\n<\/div><\/div><\/div><\/div><div id=\"pg-2215-1\"  class=\"panel-grid panel-no-style\" ><div id=\"pgc-2215-1-0\"  class=\"panel-grid-cell\" ><div id=\"panel-2215-1-0-0\" class=\"so-panel widget widget_sow-editor panel-first-child panel-last-child\" data-index=\"1\" ><div\n\t\t\t\n\t\t\tclass=\"so-widget-sow-editor so-widget-sow-editor-base\"\n\t\t\t\n\t\t>\n<div class=\"siteorigin-widget-tinymce textwidget\">\n\t<table style=\"max-width: 580px; float:left !important;\" border=\"1\" align=\"center\">\n<tbody>\n<tr>\n<td><strong>Asignaturas<\/strong><\/td>\n<td><strong>Horas lectivas Estudiantes<\/strong><br \/>\n<strong>de Quiropr\u00e1ctica<\/strong><\/td>\n<td><strong>Horas lectivas Estudiantes<\/strong><br \/>\n<strong>de Medicina<\/strong><\/td>\n<\/tr>\n<tr>\n<td>Anatom\u00eda<\/td>\n<td>540<\/td>\n<td>510<\/td>\n<\/tr>\n<tr>\n<td>Qu\u00edmica<\/td>\n<td>165<\/td>\n<td>325<\/td>\n<\/tr>\n<tr>\n<td>Diagnosis<\/td>\n<td>630<\/td>\n<td>325<\/td>\n<\/tr>\n<tr>\n<td>Microbiolog\u00eda<\/td>\n<td>120<\/td>\n<td>115<\/td>\n<\/tr>\n<tr>\n<td>Neurolog\u00eda<\/td>\n<td>320<\/td>\n<td>110<\/td>\n<\/tr>\n<tr>\n<td>Obstetricia<\/td>\n<td>60<\/td>\n<td>150<\/td>\n<\/tr>\n<tr>\n<td>Ortopedia<\/td>\n<td>210<\/td>\n<td>155<\/td>\n<\/tr>\n<tr>\n<td>Patolog\u00eda<\/td>\n<td>360<\/td>\n<td>400<\/td>\n<\/tr>\n<tr>\n<td>Fisiolog\u00eda<\/td>\n<td>240<\/td>\n<td>325<\/td>\n<\/tr>\n<tr>\n<td>Psiquiatr\u00eda<\/td>\n<td>60<\/td>\n<td>145<\/td>\n<\/tr>\n<tr>\n<td>Radiolog\u00eda<\/td>\n<td>360<\/td>\n<td>150<\/td>\n<\/tr>\n<tr>\n<td>HORAS<\/td>\n<td>3.065<\/td>\n<td>2.710<\/td>\n<\/tr>\n<tr>\n<td><\/td>\n<td><strong>Estudios Obligatorios<\/strong><\/td>\n<td><strong>Adicionales<\/strong><\/td>\n<\/tr>\n<tr>\n<td><\/td>\n<td>Manipulaci\u00f3n de la Columna<br \/>\nNutrici\u00f3n<br \/>\nFisioterapia<br \/>\nRadiolog\u00eda Avanzada<\/td>\n<td>Farmacolog\u00eda<br \/>\nInmunolog\u00eda<br \/>\nCirug\u00eda General<\/td>\n<\/tr>\n<tr>\n<td>Total de Horas<\/td>\n<td>4.485<\/td>\n<td>4.250<\/td>\n<\/tr>\n<\/tbody>\n<\/table>\n<p><img loading=\"lazy\" decoding=\"async\" class=\"size-full wp-image-147 alignright\" src=\"https:\/\/chiropractorinspain.es\/wp-content\/uploads\/2020\/08\/images-1.jpg\" alt=\"\" width=\"225\" height=\"225\" srcset=\"https:\/\/chiropractorinspain.es\/wp-content\/uploads\/2020\/08\/images-1.jpg 225w, https:\/\/chiropractorinspain.es\/wp-content\/uploads\/2020\/08\/images-1-150x150.jpg 150w\" sizes=\"auto, (max-width: 225px) 100vw, 225px\" \/><\/p>\n<\/div>\n<\/div><\/div><\/div><\/div><div id=\"pg-2215-2\"  class=\"panel-grid panel-no-style\" ><div id=\"pgc-2215-2-0\"  class=\"panel-grid-cell\" ><div id=\"panel-2215-2-0-0\" class=\"so-panel widget widget_sow-video panel-first-child panel-last-child\" data-index=\"2\" ><div\n\t\t\t\n\t\t\tclass=\"so-widget-sow-video so-widget-sow-video-default-c08170c47cfb-2215\"\n\t\t\t\n\t\t>\n<div class=\"sow-video-wrapper\n\">\n\t\t\t<iframe loading=\"lazy\" title=\"Quiropr\u00e1ctica. Or\u00edgen e historia\" width=\"720\" height=\"405\" src=\"https:\/\/www.youtube.com\/embed\/YGpGgKsHyQY?feature=oembed&enablejsapi=1\" frameborder=\"0\" allow=\"accelerometer; autoplay; clipboard-write; encrypted-media; gyroscope; picture-in-picture; web-share\" referrerpolicy=\"strict-origin-when-cross-origin\" allowfullscreen allowfullscreen mozallowfullscreen webkitallowfullscreen sandbox=\"allow-scripts allow-same-origin allow-presentation\"><\/iframe>\t<\/div>\n<\/div><\/div><\/div><\/div><\/div>","protected":false},"excerpt":{"rendered":"<p>Nuestra educaci\u00f3n quiropr\u00e1ctica es tan rigurosa como la de un m\u00e9dico tradicional, y en cierto modo hasta m\u00e1s minuciosa. Por el hecho de que un quiropr\u00e1ctico trata con una gran variedad de s\u00edntomas f\u00edsicos, una formaci\u00f3n amplia es necesaria. Nosotros aprendemos todo acerca de la estructura y funci\u00f3n del cuerpo [&hellip;]<\/p>\n","protected":false},"author":1,"featured_media":0,"parent":0,"menu_order":0,"comment_status":"closed","ping_status":"closed","template":"","meta":{"footnotes":""},"class_list":["post-2215","page","type-page","status-publish","hentry","post"],"_links":{"self":[{"href":"https:\/\/chiropractorinspain.es\/es\/wp-json\/wp\/v2\/pages\/2215","targetHints":{"allow":["GET"]}}],"collection":[{"href":"https:\/\/chiropractorinspain.es\/es\/wp-json\/wp\/v2\/pages"}],"about":[{"href":"https:\/\/chiropractorinspain.es\/es\/wp-json\/wp\/v2\/types\/page"}],"author":[{"embeddable":true,"href":"https:\/\/chiropractorinspain.es\/es\/wp-json\/wp\/v2\/users\/1"}],"replies":[{"embeddable":true,"href":"https:\/\/chiropractorinspain.es\/es\/wp-json\/wp\/v2\/comments?post=2215"}],"version-history":[{"count":10,"href":"https:\/\/chiropractorinspain.es\/es\/wp-json\/wp\/v2\/pages\/2215\/revisions"}],"predecessor-version":[{"id":2225,"href":"https:\/\/chiropractorinspain.es\/es\/wp-json\/wp\/v2\/pages\/2215\/revisions\/2225"}],"wp:attachment":[{"href":"https:\/\/chiropractorinspain.es\/es\/wp-json\/wp\/v2\/media?parent=2215"}],"curies":[{"name":"wp","href":"https:\/\/api.w.org\/{rel}","templated":true}]}}