{"id":2209,"date":"2020-10-16T11:29:00","date_gmt":"2020-10-16T11:29:00","guid":{"rendered":"https:\/\/chiropractorinspain.es\/?page_id=2209"},"modified":"2020-10-16T11:29:01","modified_gmt":"2020-10-16T11:29:01","slug":"la-quiropractica-gonstead-especifico","status":"publish","type":"page","link":"https:\/\/chiropractorinspain.es\/es\/la-quiropractica-gonstead-especifico\/","title":{"rendered":"La Quiropr\u00e1ctica Gonstead Espec\u00edfico"},"content":{"rendered":"<div id=\"pl-2209\"  class=\"panel-layout\" ><div id=\"pg-2209-0\"  class=\"panel-grid panel-no-style\" ><div id=\"pgc-2209-0-0\"  class=\"panel-grid-cell\" ><div id=\"panel-2209-0-0-0\" class=\"so-panel widget widget_sow-editor panel-first-child panel-last-child\" data-index=\"0\" ><div\n\t\t\t\n\t\t\tclass=\"so-widget-sow-editor so-widget-sow-editor-base\"\n\t\t\t\n\t\t>\n<div class=\"siteorigin-widget-tinymce textwidget\">\n\t<p><img loading=\"lazy\" decoding=\"async\" class=\"size-full wp-image-140 alignleft\" src=\"https:\/\/chiropractorinspain.es\/wp-content\/uploads\/2020\/08\/drgonstead.jpg\" alt=\"\" width=\"197\" height=\"244\" \/>Los l\u00edderes de salud profesionales de\u00a0<strong>Quiropr\u00e1ctica Avanzada<\/strong>, se dedican a ayudarle alcanzan sus objetivos de salud y bien estar.\u00a0<strong>Los doctores Aleks Bjargo y Bill Dimoulis<\/strong>\u00a0se han comprometido a traerle mejor salud y un mejor estilo de vida ense\u00f1ando y practicando los principios verdaderos de la quiropr\u00e1ctica. Los pacientes que buscan el tratamiento en <strong>Quiropr\u00e1ctica Avanzada<\/strong> est\u00e1n asegurados de recibir s\u00f3lo el cuidado m\u00e1s fino de calidad por el uso de la t\u00e9cnica de\u00a0<strong>Gonstead<\/strong>.\u00a0<strong>Los doctores en quiropr\u00e1ctica<\/strong>\u00a0han sido entrenados exclusivamente para proporcionarle con el tratamiento m\u00e1s espec\u00edfico posible de quiropr\u00e1ctica. Cada espina dorsal es diferente y requiere el enfoque correcto para lograr los resultados \u00f3ptimos. A causa de la especificidad del trabajo nosotros hacemos en nuestra oficina, podemos aceptar algunos de los casos m\u00e1s dif\u00edciles. Nuestros pacientes tienen una gran cantidad de necesidades de asistencia de salud. De pacientes con degeneraci\u00f3n espinal severa o con cirug\u00edas anteriores, a ni\u00f1os que son introducidos para un chequeo del bienestar. No importa la raz\u00f3n por la cual usted busque tratamiento, nosotros estamos aqu\u00ed para servirle y ayudarle a obtener sus metas de bienestar de\u00a0<strong>salud<\/strong>.<\/p>\n<p><img loading=\"lazy\" decoding=\"async\" class=\"alignright size-full wp-image-139\" src=\"https:\/\/chiropractorinspain.es\/wp-content\/uploads\/2020\/08\/NewGonsteadClinic.jpg\" alt=\"\" width=\"270\" height=\"140\" \/><\/p>\n<p><strong>La Cl\u00ednica Gonstead de Quiropr\u00e1ctica<\/strong>, terminada en 1964, fu\u00e9 la tercera y \u00faltima cl\u00ednica que el Dr. Gonstead dise\u00f1\u00f3 y construy\u00f3 en la peque\u00f1a ciudad de Mt. Horeb antes de su muerte en 1978. El Dr. Gonstead construy\u00f3 el centro quiropr\u00e1ctico m\u00e1s grande del mundo: una cl\u00ednica con una superficie de unos 2.050 m2, con una sala de espera para m\u00e1s de 100 pacientes, 11 salas de ajuste, salas de radiograf\u00edas y laboratorio y un s\u00f3tano para realizar seminarios quiropr\u00e1cticos. Este se convertir\u00eda en el centro quiropr\u00e1ctico m\u00e1s famoso del mundo. Al lado de su nueva cl\u00ednica, el Dr. Gonstead a\u00f1adi\u00f3 un motel de 78 habitaciones, para alojar a los numerosos pacientes que ven\u00edan de otras ciudades. El Dr. Gonstead y sus colaboradores atend\u00edan entre 300 y 400 pacientes cada d\u00eda.<\/p>\n<p>Esta enorme demanda por parte de los pacientes llev\u00f3 al <strong>Dr. Gonstead<\/strong> a comenzar el Seminario Gonstead de Quiropr\u00e1ctica, que se dise\u00f1\u00f3 para ense\u00f1ar y educar a a\u00fan m\u00e1s quiropr\u00e1cticos, en el arte y la filosof\u00eda del sistema Gonstead de tratamiento quiropr\u00e1ctico.<\/p>\n<p>Durante los estudios en el Colegio Palmer de la Quiropr\u00e1ctica el Dr. Aleks Bjargo asisti\u00f3 los profesores de Gonstead. Fue Presidente del Club de Gonstead Palmer donde ense\u00f1\u00f3 el sistema Gonstead a los estudiantes. \u00a0Dr. Aleks desde entonces ha asistido a m\u00e1s de 30 seminarios con los seminarios Gonstead y se ha convertido en un buen amigo del personal. Cada a\u00f1o viaja a Barcelona College of Chiropractic (BCC) donde ense\u00f1a el Sistema Gonstead para los estudiantes all\u00ed.<\/p>\n<\/div>\n<\/div><\/div><\/div><\/div><div id=\"pg-2209-1\"  class=\"panel-grid panel-no-style\" ><div id=\"pgc-2209-1-0\"  class=\"panel-grid-cell\" ><div id=\"panel-2209-1-0-0\" class=\"so-panel widget widget_sow-image panel-first-child panel-last-child\" data-index=\"1\" ><div\n\t\t\t\n\t\t\tclass=\"so-widget-sow-image so-widget-sow-image-default-dbf295114b96-2209\"\n\t\t\t\n\t\t>\n<div class=\"sow-image-container\">\n\t\t<img \n\tsrc=\"https:\/\/chiropractorinspain.es\/wp-content\/uploads\/2020\/08\/IMG_2819.jpg\" width=\"400\" height=\"300\" srcset=\"https:\/\/chiropractorinspain.es\/wp-content\/uploads\/2020\/08\/IMG_2819.jpg 400w, https:\/\/chiropractorinspain.es\/wp-content\/uploads\/2020\/08\/IMG_2819-300x225.jpg 300w\" sizes=\"(max-width: 400px) 100vw, 400px\" title=\"Dr. Aleks y su esposa son buenos amigos con los  instructores en los seminarios Gonstead.\" alt=\"\" \t\tclass=\"so-widget-image\"\/>\n\t<\/div>\n\n<h3 class=\"widget-title\">Dr. Aleks y su esposa son buenos amigos con los  instructores en los seminarios Gonstead.<\/h3><\/div><\/div><\/div><div id=\"pgc-2209-1-1\"  class=\"panel-grid-cell\" ><div id=\"panel-2209-1-1-0\" class=\"so-panel widget widget_sow-image panel-first-child panel-last-child\" data-index=\"2\" ><div\n\t\t\t\n\t\t\tclass=\"so-widget-sow-image so-widget-sow-image-default-dbf295114b96-2209\"\n\t\t\t\n\t\t>\n<div class=\"sow-image-container\">\n\t\t<img \n\tsrc=\"https:\/\/chiropractorinspain.es\/wp-content\/uploads\/2020\/08\/teaching-gonstead-chiropractic.jpg\" width=\"298\" height=\"225\" sizes=\"(max-width: 298px) 100vw, 298px\" title=\"Dr. Aleks en Barcelona College of Chiropractic.\" alt=\"\" \t\tclass=\"so-widget-image\"\/>\n\t<\/div>\n\n<h3 class=\"widget-title\">Dr. Aleks en Barcelona College of Chiropractic.<\/h3><\/div><\/div><\/div><\/div><\/div>","protected":false},"excerpt":{"rendered":"<p>Los l\u00edderes de salud profesionales de\u00a0Quiropr\u00e1ctica Avanzada, se dedican a ayudarle alcanzan sus objetivos de salud y bien estar.\u00a0Los doctores Aleks Bjargo y Bill Dimoulis\u00a0se han comprometido a traerle mejor salud y un mejor estilo de vida ense\u00f1ando y practicando los principios verdaderos de la quiropr\u00e1ctica. Los pacientes que buscan [&hellip;]<\/p>\n","protected":false},"author":1,"featured_media":0,"parent":0,"menu_order":0,"comment_status":"closed","ping_status":"closed","template":"","meta":{"footnotes":""},"class_list":["post-2209","page","type-page","status-publish","hentry","post"],"_links":{"self":[{"href":"https:\/\/chiropractorinspain.es\/es\/wp-json\/wp\/v2\/pages\/2209","targetHints":{"allow":["GET"]}}],"collection":[{"href":"https:\/\/chiropractorinspain.es\/es\/wp-json\/wp\/v2\/pages"}],"about":[{"href":"https:\/\/chiropractorinspain.es\/es\/wp-json\/wp\/v2\/types\/page"}],"author":[{"embeddable":true,"href":"https:\/\/chiropractorinspain.es\/es\/wp-json\/wp\/v2\/users\/1"}],"replies":[{"embeddable":true,"href":"https:\/\/chiropractorinspain.es\/es\/wp-json\/wp\/v2\/comments?post=2209"}],"version-history":[{"count":2,"href":"https:\/\/chiropractorinspain.es\/es\/wp-json\/wp\/v2\/pages\/2209\/revisions"}],"predecessor-version":[{"id":2213,"href":"https:\/\/chiropractorinspain.es\/es\/wp-json\/wp\/v2\/pages\/2209\/revisions\/2213"}],"wp:attachment":[{"href":"https:\/\/chiropractorinspain.es\/es\/wp-json\/wp\/v2\/media?parent=2209"}],"curies":[{"name":"wp","href":"https:\/\/api.w.org\/{rel}","templated":true}]}}