{"id":2205,"date":"2020-08-22T14:46:37","date_gmt":"2020-08-22T14:46:37","guid":{"rendered":"https:\/\/chiropractorinspain.es\/neuro-structural-chiropractic-examination\/"},"modified":"2020-10-16T11:24:52","modified_gmt":"2020-10-16T11:24:52","slug":"neuro-structural-chiropractic-examination","status":"publish","type":"page","link":"https:\/\/chiropractorinspain.es\/es\/neuro-structural-chiropractic-examination\/","title":{"rendered":"Examen Quiropr\u00e1ctico Neuro-Estructural Completo"},"content":{"rendered":"<div id=\"pl-2205\"  class=\"panel-layout\" ><div id=\"pg-2205-0\"  class=\"panel-grid panel-has-style\" ><div class=\"row_narrow panel-row-style panel-row-style-for-2205-0\" ><div id=\"pgc-2205-0-0\"  class=\"panel-grid-cell\" ><div id=\"panel-2205-0-0-0\" class=\"so-panel widget widget_sow-editor panel-first-child panel-last-child\" data-index=\"0\" ><div\n\t\t\t\n\t\t\tclass=\"so-widget-sow-editor so-widget-sow-editor-base\"\n\t\t\t\n\t\t>\n<div class=\"siteorigin-widget-tinymce textwidget\">\n\t<p>Despu\u00e9s de una <strong>Consultaci\u00f3n Privada con el Quiropr\u00e1ctico<\/strong>, usted quiz\u00e1s decida proseguir con nuestro <a href=\"http:\/\/www.chiropractorinspain.com\/es\/quiropractica-avanzada#neuro\" target=\"_blank\" rel=\"noopener\"><strong>Examen Quiropr\u00e1ctico Neuro-Estructural Completo<\/strong><\/a>. Usamos la \u00faltima tecnolog\u00eda para determinar si tiene efectivamente una <a href=\"http:\/\/www.chiropractorinspain.com\/es\/quiropractica-avanzada#neuro\" target=\"_blank\" rel=\"noopener\"><strong>Disfunci\u00f3n Neuro- Estructural<\/strong><\/a>\u00a0que puede estar contribuyendo o causando sus condiciones secundarias\/ s\u00edntomas.<\/p>\n<p>El <a href=\"http:\/\/www.chiropractorinspain.com\/es\/quiropractica-avanzada#neuro\" target=\"_blank\" rel=\"noopener\"><strong>Examen Quiropr\u00e1ctico Neuro-Estructural Completo<\/strong><\/a>\u00a0es exhaustivo y no durar\u00e1 menos de 1 hora. Por favor lleve ropa c\u00f3moda pero no demasiado holgada.<\/p>\n<p>Qu\u00e9 puede esperar que incluya el examen?<\/p>\n<ul>\n<li>An\u00e1lisis Estructural Fotogr\u00e1fico Digital<\/li>\n<li>An\u00e1lisis Estructural de Correcci\u00f3n Espinal<\/li>\n<li>Electromiograf\u00eda de Superficie<\/li>\n<li>Evaluaci\u00f3n de Activaci\u00f3n Neuro-Muscular<\/li>\n<li>Examen del radio de movimientos<\/li>\n<li>Pruebas Ortop\u00e9dicas y Neurol\u00f3gicas<\/li>\n<\/ul>\n<p>Muchos t\u00e9rminos t\u00e9cnicos pero podemos asegurarle que el <a href=\"http:\/\/www.chiropractorinspain.com\/es\/quiropractica-avanzada#neuro\" target=\"_blank\" rel=\"noopener\"><strong>Examen Quiropr\u00e1ctico Neuro-Estructural<\/strong><\/a> no est\u00e1 s\u00f3lo dise\u00f1ado para darse\u00a0un mejor entendimiento de qu\u00e9 es una estructura normal, y una comprensi\u00f3n mayor de cu\u00e1l es la causa subyacente de su molestia.\u00a0Despu\u00e9s de su examen, se le dar\u00e1 cita para la Conferencia de Recomendaciones, donde le explicaremos cu\u00e1les han sido nuestros hallazgos, c\u00f3mo podemos ayudarle, y recomendarle un tratamiento\u00a0si es necesario.\u00a0Si decide trabajar con nosotros, nuestro equipo entero de<strong> Quiropr\u00e1ctica Avanzada<\/strong> har\u00e1 todo lo posible por satisfacer sus expectativas.<\/p>\n<\/div>\n<\/div><\/div><\/div><\/div><\/div><div id=\"pg-2205-1\"  class=\"panel-grid panel-no-style\" ><div id=\"pgc-2205-1-0\"  class=\"panel-grid-cell\" ><div id=\"panel-2205-1-0-0\" class=\"so-panel widget widget_sow-image panel-first-child panel-last-child\" data-index=\"1\" ><div\n\t\t\t\n\t\t\tclass=\"so-widget-sow-image so-widget-sow-image-default-dbf295114b96-2205\"\n\t\t\t\n\t\t>\n<div class=\"sow-image-container\">\n\t\t<img \n\tsrc=\"https:\/\/chiropractorinspain.es\/wp-content\/uploads\/2020\/08\/collage-chiropractic.jpg\" width=\"820\" height=\"410\" srcset=\"https:\/\/chiropractorinspain.es\/wp-content\/uploads\/2020\/08\/collage-chiropractic.jpg 820w, https:\/\/chiropractorinspain.es\/wp-content\/uploads\/2020\/08\/collage-chiropractic-300x150.jpg 300w, https:\/\/chiropractorinspain.es\/wp-content\/uploads\/2020\/08\/collage-chiropractic-768x384.jpg 768w\" sizes=\"(max-width: 820px) 100vw, 820px\" alt=\"\" \t\tclass=\"so-widget-image\"\/>\n\t<\/div>\n\n<\/div><\/div><\/div><\/div><\/div>","protected":false},"excerpt":{"rendered":"<p>Despu\u00e9s de una Consultaci\u00f3n Privada con el Quiropr\u00e1ctico, usted quiz\u00e1s decida proseguir con nuestro Examen Quiropr\u00e1ctico Neuro-Estructural Completo. Usamos la \u00faltima tecnolog\u00eda para determinar si tiene efectivamente una Disfunci\u00f3n Neuro- Estructural\u00a0que puede estar contribuyendo o causando sus condiciones secundarias\/ s\u00edntomas. El Examen Quiropr\u00e1ctico Neuro-Estructural Completo\u00a0es exhaustivo y no durar\u00e1 menos [&hellip;]<\/p>\n","protected":false},"author":1,"featured_media":0,"parent":0,"menu_order":0,"comment_status":"closed","ping_status":"closed","template":"","meta":{"footnotes":""},"class_list":["post-2205","page","type-page","status-publish","hentry","post"],"_links":{"self":[{"href":"https:\/\/chiropractorinspain.es\/es\/wp-json\/wp\/v2\/pages\/2205","targetHints":{"allow":["GET"]}}],"collection":[{"href":"https:\/\/chiropractorinspain.es\/es\/wp-json\/wp\/v2\/pages"}],"about":[{"href":"https:\/\/chiropractorinspain.es\/es\/wp-json\/wp\/v2\/types\/page"}],"author":[{"embeddable":true,"href":"https:\/\/chiropractorinspain.es\/es\/wp-json\/wp\/v2\/users\/1"}],"replies":[{"embeddable":true,"href":"https:\/\/chiropractorinspain.es\/es\/wp-json\/wp\/v2\/comments?post=2205"}],"version-history":[{"count":3,"href":"https:\/\/chiropractorinspain.es\/es\/wp-json\/wp\/v2\/pages\/2205\/revisions"}],"predecessor-version":[{"id":2208,"href":"https:\/\/chiropractorinspain.es\/es\/wp-json\/wp\/v2\/pages\/2205\/revisions\/2208"}],"wp:attachment":[{"href":"https:\/\/chiropractorinspain.es\/es\/wp-json\/wp\/v2\/media?parent=2205"}],"curies":[{"name":"wp","href":"https:\/\/api.w.org\/{rel}","templated":true}]}}