{"id":2195,"date":"2020-10-16T11:19:00","date_gmt":"2020-10-16T11:19:00","guid":{"rendered":"https:\/\/chiropractorinspain.es\/?page_id=2195"},"modified":"2020-10-16T11:19:00","modified_gmt":"2020-10-16T11:19:00","slug":"que-es-una-dysfuncion-neuro-estructural","status":"publish","type":"page","link":"https:\/\/chiropractorinspain.es\/es\/que-es-una-dysfuncion-neuro-estructural\/","title":{"rendered":"Qu\u00e9 es una Dysfunci\u00f3n Neuro-Estructural?"},"content":{"rendered":"<div id=\"pl-2195\"  class=\"panel-layout\" ><div id=\"pg-2195-0\"  class=\"panel-grid panel-no-style\" ><div id=\"pgc-2195-0-0\"  class=\"panel-grid-cell\" ><div id=\"panel-2195-0-0-0\" class=\"so-panel widget widget_text panel-first-child panel-last-child\" data-index=\"0\" >\t\t\t<div class=\"textwidget\"><p>Aunque ninguno de nosotros es estructuralmente perfecto, s\u00ed existe lo que se considera un estado normal de la columna vertebral. De la misma manera podemos entender qu\u00e9 es una presi\u00f3n arterial alta porque somos conscientes de qu\u00e9 es una presi\u00f3n arterial normal.<\/p>\n<p>Cuando el cuerpo se aleja significativamente de lo que ser\u00eda la normalidad, utiliza los s\u00edntomas para avisarnos de posibles condiciones secundarias m\u00e1s graves. <strong>El S\u00edndrome de la Cabeza Adelantada<\/strong> por ejemplo, es una condici\u00f3n que puede ser la causa de un conjunto de \u00a0<a href=\"http:\/\/www.chiropractorinspain.com\/es\/quiropractica-avanzada#secundarias\" target=\"_blank\" rel=\"noopener\"><strong>Condiciones Secundarias <\/strong><\/a>(s\u00edntomas).<\/p>\n<p>Nuestro objetivo en <strong>Quiropractica Avanzada<\/strong> es a tr\u00e1ves <a href=\"http:\/\/www.chiropractorinspain.com\/es\/quiropractica-avanzada#neuro\" target=\"_blank\" rel=\"noopener\"><strong>Examen Quiropr\u00e1ctica Neuro-Estructural<\/strong><\/a> es\u00a0detectar y corregir el desplazamiento estructural con el fin de que su cuerpo sane por s\u00ed mismo y est\u00e9 libre de s\u00edntomas.<\/p>\n<p><img loading=\"lazy\" decoding=\"async\" class=\"wp-image-2196 size-full aligncenter\" src=\"https:\/\/chiropractorinspain.es\/wp-content\/uploads\/2020\/10\/Sistema-nervioso-intacto.png\" alt=\"\" width=\"500\" height=\"363\" srcset=\"https:\/\/chiropractorinspain.es\/wp-content\/uploads\/2020\/10\/Sistema-nervioso-intacto.png 500w, https:\/\/chiropractorinspain.es\/wp-content\/uploads\/2020\/10\/Sistema-nervioso-intacto-300x218.png 300w\" sizes=\"auto, (max-width: 500px) 100vw, 500px\" \/><\/p>\n<\/div>\n\t\t<\/div><\/div><\/div><\/div>","protected":false},"excerpt":{"rendered":"<p>Aunque ninguno de nosotros es estructuralmente perfecto, s\u00ed existe lo que se considera un estado normal de la columna vertebral. De la misma manera podemos entender qu\u00e9 es una presi\u00f3n arterial alta porque somos conscientes de qu\u00e9 es una presi\u00f3n arterial normal. Cuando el cuerpo se aleja significativamente de lo [&hellip;]<\/p>\n","protected":false},"author":1,"featured_media":0,"parent":0,"menu_order":0,"comment_status":"closed","ping_status":"closed","template":"","meta":{"footnotes":""},"class_list":["post-2195","page","type-page","status-publish","hentry","post"],"_links":{"self":[{"href":"https:\/\/chiropractorinspain.es\/es\/wp-json\/wp\/v2\/pages\/2195","targetHints":{"allow":["GET"]}}],"collection":[{"href":"https:\/\/chiropractorinspain.es\/es\/wp-json\/wp\/v2\/pages"}],"about":[{"href":"https:\/\/chiropractorinspain.es\/es\/wp-json\/wp\/v2\/types\/page"}],"author":[{"embeddable":true,"href":"https:\/\/chiropractorinspain.es\/es\/wp-json\/wp\/v2\/users\/1"}],"replies":[{"embeddable":true,"href":"https:\/\/chiropractorinspain.es\/es\/wp-json\/wp\/v2\/comments?post=2195"}],"version-history":[{"count":1,"href":"https:\/\/chiropractorinspain.es\/es\/wp-json\/wp\/v2\/pages\/2195\/revisions"}],"predecessor-version":[{"id":2199,"href":"https:\/\/chiropractorinspain.es\/es\/wp-json\/wp\/v2\/pages\/2195\/revisions\/2199"}],"wp:attachment":[{"href":"https:\/\/chiropractorinspain.es\/es\/wp-json\/wp\/v2\/media?parent=2195"}],"curies":[{"name":"wp","href":"https:\/\/api.w.org\/{rel}","templated":true}]}}