{"id":2192,"date":"2020-10-16T11:16:12","date_gmt":"2020-10-16T11:16:12","guid":{"rendered":"https:\/\/chiropractorinspain.es\/?page_id=2192"},"modified":"2023-08-11T14:26:32","modified_gmt":"2023-08-11T14:26:32","slug":"terapia-manual-vs-quiropractica-avanzada","status":"publish","type":"page","link":"https:\/\/chiropractorinspain.es\/es\/terapia-manual-vs-quiropractica-avanzada\/","title":{"rendered":"Terapia Manual vs Quiropr\u00e1ctica Avanzada"},"content":{"rendered":"<div id=\"pl-2192\"  class=\"panel-layout\" ><div id=\"pg-2192-0\"  class=\"panel-grid panel-no-style\" ><div id=\"pgc-2192-0-0\"  class=\"panel-grid-cell\" ><div id=\"panel-2192-0-0-0\" class=\"so-panel widget widget_text panel-first-child panel-last-child\" data-index=\"0\" >\t\t\t<div class=\"textwidget\"><p>Antes de ir al grano, queremos dejar claro qu\u00e9 es lo que la mayor\u00eda de las terapias intentan conseguir. Normalmente tratan de:<\/p>\n<ul>\n<li>Incrementar el radio de movimiento<\/li>\n<li>Reducir los espamos musculares<\/li>\n<li>Aliviar temporalmente del dolor<\/li>\n<\/ul>\n<\/div>\n\t\t<\/div><\/div><div id=\"pgc-2192-0-1\"  class=\"panel-grid-cell\" ><div id=\"panel-2192-0-1-0\" class=\"so-panel widget widget_sow-image panel-first-child panel-last-child\" data-index=\"1\" ><div\n\t\t\t\n\t\t\tclass=\"so-widget-sow-image so-widget-sow-image-default-8b5b6f678277-2192\"\n\t\t\t\n\t\t>\n<div class=\"sow-image-container\">\n\t\t<img \n\tsrc=\"https:\/\/chiropractorinspain.es\/wp-content\/uploads\/2020\/10\/collage-chiropractic.jpg\" width=\"820\" height=\"410\" srcset=\"https:\/\/chiropractorinspain.es\/wp-content\/uploads\/2020\/10\/collage-chiropractic.jpg 820w, https:\/\/chiropractorinspain.es\/wp-content\/uploads\/2020\/10\/collage-chiropractic-300x150.jpg 300w, https:\/\/chiropractorinspain.es\/wp-content\/uploads\/2020\/10\/collage-chiropractic-768x384.jpg 768w\" sizes=\"(max-width: 820px) 100vw, 820px\" alt=\"\" \t\tclass=\"so-widget-image\"\/>\n\t<\/div>\n\n<\/div><\/div><\/div><\/div><div id=\"pg-2192-1\"  class=\"panel-grid panel-no-style\" ><div id=\"pgc-2192-1-0\"  class=\"panel-grid-cell\" ><div id=\"panel-2192-1-0-0\" class=\"so-panel widget widget_text panel-first-child panel-last-child\" data-index=\"2\" >\t\t\t<div class=\"textwidget\"><p>Con la <strong>Quiropr\u00e1ctica Avanzada<\/strong> nuestro objetivo es distinto; nosotros estamos especialmente interesados en la CAUSA de su problema. Nuestro examen exhaustivo determinar\u00e1 si la causa de los s\u00edntomas que usted padece es una <a href=\"http:\/\/www.chiropractorinspain.com\/es\/quiropractica-avanzada#neuro\" target=\"_blank\" rel=\"noopener\"><strong>Disfunci\u00f3n Neuro- Estructural<\/strong><\/a>\u00a0. Qu\u00e9 es eso dir\u00e1 usted.<\/p>\n<p>Tiene que ver con su<strong> columna vertebral<\/strong> y la relaci\u00f3n que \u00e9sta tiene con su <strong>sistema nervioso<\/strong>. La mayor\u00eda de los casos que nosotros vemos en nuestro centro, que llegan a menudo por derivaci\u00f3n de otros m\u00e9dico o quiropr\u00e1cticos, vienen para corregir una distorsi\u00f3n estructural de la columna vertebral. La presencia de una <a href=\"http:\/\/www.chiropractorinspain.com\/es\/quiropractica-avanzada#neuro\" target=\"_blank\" rel=\"noopener\"><strong>Disfunci\u00f3n Neuro- Estructural<\/strong><\/a> es t\u00edpicamente la causa subyacente a muchos <a href=\"http:\/\/www.chiropractorinspain.com\/es\/quiropractica-avanzada#secundarias\" target=\"_blank\" rel=\"noopener\">Condiciones Secundarias<\/a>\u00a0o lo que los m\u00e9dicos llaman s\u00edntomas.<\/p>\n<\/div>\n\t\t<\/div><\/div><\/div><\/div>","protected":false},"excerpt":{"rendered":"<p>Antes de ir al grano, queremos dejar claro qu\u00e9 es lo que la mayor\u00eda de las terapias intentan conseguir. Normalmente tratan de: Incrementar el radio de movimiento Reducir los espamos musculares Aliviar temporalmente del dolor Con la Quiropr\u00e1ctica Avanzada nuestro objetivo es distinto; nosotros estamos especialmente interesados en la CAUSA [&hellip;]<\/p>\n","protected":false},"author":1,"featured_media":0,"parent":0,"menu_order":0,"comment_status":"closed","ping_status":"closed","template":"","meta":{"footnotes":""},"class_list":["post-2192","page","type-page","status-publish","hentry","post"],"_links":{"self":[{"href":"https:\/\/chiropractorinspain.es\/es\/wp-json\/wp\/v2\/pages\/2192","targetHints":{"allow":["GET"]}}],"collection":[{"href":"https:\/\/chiropractorinspain.es\/es\/wp-json\/wp\/v2\/pages"}],"about":[{"href":"https:\/\/chiropractorinspain.es\/es\/wp-json\/wp\/v2\/types\/page"}],"author":[{"embeddable":true,"href":"https:\/\/chiropractorinspain.es\/es\/wp-json\/wp\/v2\/users\/1"}],"replies":[{"embeddable":true,"href":"https:\/\/chiropractorinspain.es\/es\/wp-json\/wp\/v2\/comments?post=2192"}],"version-history":[{"count":7,"href":"https:\/\/chiropractorinspain.es\/es\/wp-json\/wp\/v2\/pages\/2192\/revisions"}],"predecessor-version":[{"id":4012,"href":"https:\/\/chiropractorinspain.es\/es\/wp-json\/wp\/v2\/pages\/2192\/revisions\/4012"}],"wp:attachment":[{"href":"https:\/\/chiropractorinspain.es\/es\/wp-json\/wp\/v2\/media?parent=2192"}],"curies":[{"name":"wp","href":"https:\/\/api.w.org\/{rel}","templated":true}]}}