{"id":2185,"date":"2020-08-15T16:26:27","date_gmt":"2020-08-15T16:26:27","guid":{"rendered":"https:\/\/chiropractorinspain.es\/om-advanced-chiropractic\/"},"modified":"2025-04-29T16:04:26","modified_gmt":"2025-04-29T16:04:26","slug":"om-advanced-chiropractic","status":"publish","type":"page","link":"https:\/\/chiropractorinspain.es\/es\/om-advanced-chiropractic\/","title":{"rendered":"Con\u00f3cenos"},"content":{"rendered":"<div id=\"pl-2185\"  class=\"panel-layout\" ><div id=\"pg-2185-0\"  class=\"panel-grid panel-has-style\" ><div class=\"about-staff panel-row-style panel-row-style-for-2185-0\" ><div id=\"pgc-2185-0-0\"  class=\"panel-grid-cell\" ><div id=\"panel-2185-0-0-0\" class=\"so-panel widget widget_sow-image panel-first-child panel-last-child\" data-index=\"0\" ><div\n\t\t\t\n\t\t\tclass=\"so-widget-sow-image so-widget-sow-image-default-113ccd71f3e6-2185\"\n\t\t\t\n\t\t>\n<div class=\"sow-image-container\">\n\t\t<img \n\tsrc=\"https:\/\/chiropractorinspain.es\/wp-content\/uploads\/2025\/04\/aleksander-210x300.jpg\" width=\"210\" height=\"300\" srcset=\"https:\/\/chiropractorinspain.es\/wp-content\/uploads\/2025\/04\/aleksander-210x300.jpg 210w, https:\/\/chiropractorinspain.es\/wp-content\/uploads\/2025\/04\/aleksander-716x1024.jpg 716w, https:\/\/chiropractorinspain.es\/wp-content\/uploads\/2025\/04\/aleksander-768x1098.jpg 768w, https:\/\/chiropractorinspain.es\/wp-content\/uploads\/2025\/04\/aleksander-1074x1536.jpg 1074w, https:\/\/chiropractorinspain.es\/wp-content\/uploads\/2025\/04\/aleksander.jpg 1080w\" sizes=\"(max-width: 210px) 100vw, 210px\" title=\"Aleksander Bjargo\" alt=\"Aleksander Bjargo, Advanced Chiropractic Albir \" \t\tclass=\"so-widget-image\"\/>\n\t<\/div>\n\n<h3 class=\"widget-title\">Aleksander Bjargo<\/h3><\/div><\/div><\/div><div id=\"pgc-2185-0-1\"  class=\"panel-grid-cell\" ><div id=\"panel-2185-0-1-0\" class=\"so-panel widget widget_sow-editor panel-first-child panel-last-child\" data-index=\"1\" ><div\n\t\t\t\n\t\t\tclass=\"so-widget-sow-editor so-widget-sow-editor-base\"\n\t\t\t\n\t\t>\n<div class=\"siteorigin-widget-tinymce textwidget\">\n\t<p><b>Dr. Aleks Bjargo D.C., CACCP, <\/b><span style=\"font-weight: 400;\">director de<\/span><b> Quiropr\u00e1ctica Avanzada<\/b><span style=\"font-weight: 400;\"> se gradu\u00f3 en quiropr\u00e1ctica en la Universidad de Palmer (EE.UU.), donde obtuvo su <\/span><b>Doctorado en Quiropr\u00e1ctica<\/b><span style=\"font-weight: 400;\"> en el a\u00f1o 1997. Desde entonces, ha llevado a cabo extensos estudios de postgrado en el m\u00e9todo quiropr\u00e1ctico Correcci\u00f3n Neuro-Estructural y se lo considera entre los quiropr\u00e1cticos de \u00e9lite en Europa.<\/span><\/p>\n<p><span style=\"font-weight: 400;\">Dr. Aleks es certificado por la Academia de Medicina Familiar y un miembro activo de la Asociaci\u00f3n Pedi\u00e1trica Internacional de Quiropr\u00e1ctica (ICPA), dedicada a fomentar la conciencia p\u00fablica sobre el bienestar familiar y el estilo de vida a trav\u00e9s del cuidado quiropr\u00e1ctico. Tambi\u00e9n proporciona cuidado quiropr\u00e1ctico espec\u00edfico para ni\u00f1os (incluso beb\u00e9s), mujeres embarazadas, as\u00ed como cualquier persona que quiera mejorar su salud y calidad de vida. Dr. Aleks utiliza un enfoque hol\u00edstico de la salud, incorporando sus conocimientos sobre nutrici\u00f3n y ejercicios como parte de la plataforma de bienestar.<\/span><\/p>\n<p><span style=\"font-weight: 400;\">Dr Aleks:<\/span><b> \u201cla quiropr\u00e1ctica es mucho m\u00e1s que un tratamiento para el dolor de espalda; sin dudas tiene mucho m\u00e1s que ofrecer: ayudar a la gente a recuperar su salud y vitalidad. Los ni\u00f1os se benefician al m\u00e1ximo durante su crecimiento y el desarrollo de su columna vertebral y sistema nervioso.<\/b><\/p>\n<\/div>\n<\/div><\/div><\/div><\/div><\/div><div id=\"pg-2185-1\"  class=\"panel-grid panel-has-style\" ><div class=\"separator-line panel-row-style panel-row-style-for-2185-1\" ><div id=\"pgc-2185-1-0\"  class=\"panel-grid-cell panel-grid-cell-empty\" ><\/div><\/div><\/div><div id=\"pg-2185-2\"  class=\"panel-grid panel-has-style\" ><div class=\"about-staff panel-row-style panel-row-style-for-2185-2\" ><div id=\"pgc-2185-2-0\"  class=\"panel-grid-cell\" ><div id=\"panel-2185-2-0-0\" class=\"so-panel widget widget_sow-image panel-first-child panel-last-child\" data-index=\"2\" ><div\n\t\t\t\n\t\t\tclass=\"so-widget-sow-image so-widget-sow-image-default-113ccd71f3e6-2185\"\n\t\t\t\n\t\t>\n<div class=\"sow-image-container\">\n\t\t<img \n\tsrc=\"https:\/\/chiropractorinspain.es\/wp-content\/uploads\/2025\/04\/sindre-200x300.jpg\" width=\"200\" height=\"300\" srcset=\"https:\/\/chiropractorinspain.es\/wp-content\/uploads\/2025\/04\/sindre-200x300.jpg 200w, https:\/\/chiropractorinspain.es\/wp-content\/uploads\/2025\/04\/sindre-683x1024.jpg 683w, https:\/\/chiropractorinspain.es\/wp-content\/uploads\/2025\/04\/sindre-768x1152.jpg 768w, https:\/\/chiropractorinspain.es\/wp-content\/uploads\/2025\/04\/sindre-1024x1536.jpg 1024w, https:\/\/chiropractorinspain.es\/wp-content\/uploads\/2025\/04\/sindre.jpg 1080w\" sizes=\"(max-width: 200px) 100vw, 200px\" title=\"Sindre Daugstad\" alt=\"Sindre, Advanced Chiropractic Albir \" \t\tclass=\"so-widget-image\"\/>\n\t<\/div>\n\n<h3 class=\"widget-title\">Sindre Daugstad<\/h3><\/div><\/div><\/div><div id=\"pgc-2185-2-1\"  class=\"panel-grid-cell\" ><div id=\"panel-2185-2-1-0\" class=\"so-panel widget widget_sow-editor panel-first-child panel-last-child\" data-index=\"3\" ><div\n\t\t\t\n\t\t\tclass=\"so-widget-sow-editor so-widget-sow-editor-base\"\n\t\t\t\n\t\t>\n<div class=\"siteorigin-widget-tinymce textwidget\">\n\t<p><b>Dr. Sindre Daugstad<\/b><span style=\"font-weight: 400;\"> es dedicado por ayudar a las personas a lograr una mejor calidad de vida. Complet\u00f3 su <\/span><b>Maestr\u00eda en Quiropr\u00e1ctica <\/b><span style=\"font-weight: 400;\">en la Universidad Macquarie en Sydney, Australia, en 2006. Esto le permiti\u00f3 comprender la biodin\u00e1mica del cuerpo y el sistema nervioso, utilizando el enfoque quiropr\u00e1ctico.<\/span><\/p>\n<p><span style=\"font-weight: 400;\">Dr. Sindre trabaj\u00f3 en otras 4 cl\u00ednicas quiropr\u00e1cticas en Noruega y Australia antes de montar su propia cl\u00ednica quiropr\u00e1ctica en Oslo durante los \u00faltimos 18 a\u00f1os. Con su enfoque hol\u00edstico, ha ayudado a miles de personas a lograr una mejor salud.<\/span><\/p>\n<p><span style=\"font-weight: 400;\">Dr. Sindre ha sido un atleta de nivel internacional en artes marciales y tiene experiencia trabajando con atletas profesionales.<\/span><span style=\"font-weight: 400;\"><br \/>\n<\/span><span style=\"font-weight: 400;\">Sindre tambi\u00e9n es un entrenador mental y su enfoque ha sido romper los bloqueos mentales.<\/span><\/p>\n<p><span style=\"font-weight: 400;\">Dr. Sindre: \"<\/span><b>todos pueden vivir su vida al m\u00e1ximo de su potencial<\/b><span style=\"font-weight: 400;\">\".<\/span><\/p>\n<\/div>\n<\/div><\/div><\/div><\/div><\/div><div id=\"pg-2185-3\"  class=\"panel-grid panel-has-style\" ><div class=\"separator-line panel-row-style panel-row-style-for-2185-3\" ><div id=\"pgc-2185-3-0\"  class=\"panel-grid-cell panel-grid-cell-empty\" ><\/div><\/div><\/div><div id=\"pg-2185-4\"  class=\"panel-grid panel-has-style\" ><div class=\"about-staff panel-row-style panel-row-style-for-2185-4\" ><div id=\"pgc-2185-4-0\"  class=\"panel-grid-cell\" ><div id=\"panel-2185-4-0-0\" class=\"so-panel widget widget_sow-image panel-first-child panel-last-child\" data-index=\"4\" ><div\n\t\t\t\n\t\t\tclass=\"so-widget-sow-image so-widget-sow-image-default-113ccd71f3e6-2185\"\n\t\t\t\n\t\t>\n<div class=\"sow-image-container\">\n\t\t<img \n\tsrc=\"https:\/\/chiropractorinspain.es\/wp-content\/uploads\/2025\/04\/elaine.jpg\" width=\"1080\" height=\"1670\" srcset=\"https:\/\/chiropractorinspain.es\/wp-content\/uploads\/2025\/04\/elaine.jpg 1080w, https:\/\/chiropractorinspain.es\/wp-content\/uploads\/2025\/04\/elaine-194x300.jpg 194w, https:\/\/chiropractorinspain.es\/wp-content\/uploads\/2025\/04\/elaine-662x1024.jpg 662w, https:\/\/chiropractorinspain.es\/wp-content\/uploads\/2025\/04\/elaine-768x1188.jpg 768w, https:\/\/chiropractorinspain.es\/wp-content\/uploads\/2025\/04\/elaine-993x1536.jpg 993w\" sizes=\"(max-width: 1080px) 100vw, 1080px\" title=\"Elaine Houston\" alt=\"Elaine, Advanced Chiropractic Albir \" \t\tclass=\"so-widget-image\"\/>\n\t<\/div>\n\n<h3 class=\"widget-title\">Elaine Houston<\/h3><\/div><\/div><\/div><div id=\"pgc-2185-4-1\"  class=\"panel-grid-cell\" ><div id=\"panel-2185-4-1-0\" class=\"so-panel widget widget_sow-editor panel-first-child panel-last-child\" data-index=\"5\" ><div\n\t\t\t\n\t\t\tclass=\"so-widget-sow-editor so-widget-sow-editor-base\"\n\t\t\t\n\t\t>\n<div class=\"siteorigin-widget-tinymce textwidget\">\n\t<p><b>Elaine<\/b><span style=\"font-weight: 400;\"> es de Escocia, pero ha estado viviendo en el extranjero durante los \u00faltimos 20 a\u00f1os. Ella ha vivido en Canarias, T\u00fanez, Austria, Florida, e Italia antes de que se estableciera aqu\u00ed en el 2007 con su hija Isabela.<\/span><\/p>\n<p><span style=\"font-weight: 400;\">Elaine le encanta cuidar de las personas y desde hace 4 a\u00f1os ha trabajado en Hush Beauty Salon en Albir. Somos muy afortunados de tenerla y ella tiene muchas ganas de conocer a todos nuestros pacientes muy especiales en Quiropr\u00e1ctica Avanzada.<\/span><\/p>\n<\/div>\n<\/div><\/div><\/div><\/div><\/div><div id=\"pg-2185-5\"  class=\"panel-grid panel-has-style\" ><div class=\"separator-line panel-row-style panel-row-style-for-2185-5\" ><div id=\"pgc-2185-5-0\"  class=\"panel-grid-cell panel-grid-cell-empty\" ><\/div><\/div><\/div><div id=\"pg-2185-6\"  class=\"panel-grid panel-has-style\" ><div class=\"about-staff panel-row-style panel-row-style-for-2185-6\" ><div id=\"pgc-2185-6-0\"  class=\"panel-grid-cell\" ><div id=\"panel-2185-6-0-0\" class=\"so-panel widget widget_sow-image panel-first-child panel-last-child\" data-index=\"6\" ><div\n\t\t\t\n\t\t\tclass=\"so-widget-sow-image so-widget-sow-image-default-113ccd71f3e6-2185\"\n\t\t\t\n\t\t>\n<div class=\"sow-image-container\">\n\t\t<img \n\tsrc=\"https:\/\/chiropractorinspain.es\/wp-content\/uploads\/2025\/04\/jose.jpg\" width=\"1080\" height=\"1567\" srcset=\"https:\/\/chiropractorinspain.es\/wp-content\/uploads\/2025\/04\/jose.jpg 1080w, https:\/\/chiropractorinspain.es\/wp-content\/uploads\/2025\/04\/jose-207x300.jpg 207w, https:\/\/chiropractorinspain.es\/wp-content\/uploads\/2025\/04\/jose-706x1024.jpg 706w, https:\/\/chiropractorinspain.es\/wp-content\/uploads\/2025\/04\/jose-768x1114.jpg 768w, https:\/\/chiropractorinspain.es\/wp-content\/uploads\/2025\/04\/jose-1059x1536.jpg 1059w\" sizes=\"(max-width: 1080px) 100vw, 1080px\" title=\"Jose\" alt=\"Jose, Advanced Chiropractic Albir \" \t\tclass=\"so-widget-image\"\/>\n\t<\/div>\n\n<h3 class=\"widget-title\">Jose<\/h3><\/div><\/div><\/div><div id=\"pgc-2185-6-1\"  class=\"panel-grid-cell\" ><div id=\"panel-2185-6-1-0\" class=\"so-panel widget widget_sow-editor panel-first-child panel-last-child\" data-index=\"7\" ><div\n\t\t\t\n\t\t\tclass=\"so-widget-sow-editor so-widget-sow-editor-base\"\n\t\t\t\n\t\t>\n<div class=\"siteorigin-widget-tinymce textwidget\">\n\t<p><span style=\"font-weight: 400;\">Jose es masajista deportivo con una larga experiencia en masajes deportivos, descontracturante, masajes relajantes y recuperacio\u0301n de lesiones musculares y tendinosas como: esguinces, contracturas musculares etc.<\/span><\/p>\n<p><span style=\"font-weight: 400;\">Con ma\u0301s de 20 an\u0303os de experiencia, 5 de ellos ha trabajado como masajista-recuperador en equipos de futbol (C.D.Polop, Villajoyosa C.F. (y he coloraborado tambie\u0301n con el C.F. Benidorm).<\/span><\/p>\n<p><span style=\"font-weight: 400;\">A parte del masaje deportivo, descontracturante y masajes relajantes, tambie\u0301n utilizo terapias como:<\/span><\/p>\n<ul>\n<li><span style=\"font-weight: 400;\">Acupuntura (especi\u0301fica para mu\u0301sculos, tendo\u0301n y ligamento) (Esguinces, contracturas...)<\/span><\/li>\n<li><span style=\"font-weight: 400;\">Terapia de percusio\u0301n (relajamiento muscular y tonicidad muscular)<\/span><\/li>\n<li>Kinesio-tape (vendaje de colores) (ideal para contraccio\u0301n muscular, tendinitis etc.)<\/li>\n<\/ul>\n<p><span style=\"font-weight: 400;\">Si quieres probar algunas de las terapias o simplemente quieres un masaje deportivo o relajante, Jose puede ayudarte.<\/span><\/p>\n<p><br style=\"font-weight: 400;\" \/><br style=\"font-weight: 400;\" \/><\/p>\n<\/div>\n<\/div><\/div><\/div><\/div><\/div><div id=\"pg-2185-7\"  class=\"panel-grid panel-no-style\" ><div id=\"pgc-2185-7-0\"  class=\"panel-grid-cell panel-grid-cell-empty\" ><\/div><\/div><\/div>","protected":false},"excerpt":{"rendered":"<p>Dr. Aleks Bjargo D.C., CACCP, director de Quiropr\u00e1ctica Avanzada se gradu\u00f3 en quiropr\u00e1ctica en la Universidad de Palmer (EE.UU.), donde obtuvo su Doctorado en Quiropr\u00e1ctica en el a\u00f1o 1997. Desde entonces, ha llevado a cabo extensos estudios de postgrado en el m\u00e9todo quiropr\u00e1ctico Correcci\u00f3n Neuro-Estructural y se lo considera entre [&hellip;]<\/p>\n","protected":false},"author":1,"featured_media":2187,"parent":0,"menu_order":0,"comment_status":"closed","ping_status":"closed","template":"","meta":{"footnotes":""},"class_list":["post-2185","page","type-page","status-publish","has-post-thumbnail","hentry","post","post-with-thumbnail","post-with-thumbnail-large"],"_links":{"self":[{"href":"https:\/\/chiropractorinspain.es\/es\/wp-json\/wp\/v2\/pages\/2185","targetHints":{"allow":["GET"]}}],"collection":[{"href":"https:\/\/chiropractorinspain.es\/es\/wp-json\/wp\/v2\/pages"}],"about":[{"href":"https:\/\/chiropractorinspain.es\/es\/wp-json\/wp\/v2\/types\/page"}],"author":[{"embeddable":true,"href":"https:\/\/chiropractorinspain.es\/es\/wp-json\/wp\/v2\/users\/1"}],"replies":[{"embeddable":true,"href":"https:\/\/chiropractorinspain.es\/es\/wp-json\/wp\/v2\/comments?post=2185"}],"version-history":[{"count":18,"href":"https:\/\/chiropractorinspain.es\/es\/wp-json\/wp\/v2\/pages\/2185\/revisions"}],"predecessor-version":[{"id":4442,"href":"https:\/\/chiropractorinspain.es\/es\/wp-json\/wp\/v2\/pages\/2185\/revisions\/4442"}],"wp:featuredmedia":[{"embeddable":true,"href":"https:\/\/chiropractorinspain.es\/es\/wp-json\/wp\/v2\/media\/2187"}],"wp:attachment":[{"href":"https:\/\/chiropractorinspain.es\/es\/wp-json\/wp\/v2\/media?parent=2185"}],"curies":[{"name":"wp","href":"https:\/\/api.w.org\/{rel}","templated":true}]}}